{"id":5414,"date":"2024-10-23T16:53:44","date_gmt":"2024-10-23T14:53:44","guid":{"rendered":"http:\/\/billigtrikots.com\/?post_type=product&#038;p=5414"},"modified":"2025-06-09T04:42:48","modified_gmt":"2025-06-09T02:42:48","slug":"herren-arsenal-2022-23-heimtrikot-rot-weiss-trikotsatz-kurzarm-kurze-hosen-willian-12","status":"publish","type":"product","link":"https:\/\/www.billigtrikotde.com\/hr\/herren-arsenal-2022-23-heimtrikot-rot-weiss-trikotsatz-kurzarm-kurze-hosen-willian-12\/","title":{"rendered":"Mu\u0161ki Arsenal 2022\/23 doma\u0107i dres crveno-bijeli komplet dresa kratkih rukava + kratke hla\u010de WILLIAN 12"},"content":{"rendered":"<p>Dres Arsenal 22-23 bit \u0107e predstavljen 19. svibnja 2022. godine. Pretpostavlja se da \u0107e ga prvi sastav nositi na posljednjoj utakmici protiv Evertona 22. svibnja. Kao i u drugim sezonama, novi gostuju\u0107i dres za sezonu 2022-23 bit \u0107e predstavljen kao dio turneje po SAD-u u srpnju. Vjerojatno \u0107e biti prvi put predstavljen protiv Evertona (16. srpnja). Arsenal ga tako\u0111er mo\u017ee nositi protiv Orlando Cityja (20. srpnja) i Chelseaja (23. srpnja).<\/p>\n<p>Savjeti za ispis: Ako ime i broj na slici to\u010dno odgovaraju va\u0161im \u017eeljama, ne morate ih ponovno unositi. Ako ne, unesite \u017eeljeno ime i broj.<\/p>\n<p>Savjeti za pranje: Preporu\u010duje se ru\u010dno pranje nogometnih dresova. Ako \u017eelite koristiti perilicu, sjetite se okrenuti dresove naopako prije pranja. Napunite perilicu hladnom vodom i koristite program za osjetljive tkanine kako biste bolje za\u0161titili boje.<\/p>","protected":false},"excerpt":{"rendered":"<p>Arsenal 22-23 dres \u0107e biti predstavljen 19. svibnja 2022. godine. Pretpostavlja se da \u0107e ga prvi tim nositi na posljednjoj utakmici protiv Evertonu 22. svibnja. Kao i u drugim sezonama, novi gostuju\u0107i dres za sezonu 2022-23 bit \u0107e predstavljen tijekom turneje po Hrvatskoj u srpnju. To [\u2026]<\/p>","protected":false},"featured_media":5453,"comment_status":"open","ping_status":"closed","template":"","meta":[],"product_brand":[],"product_cat":[55],"product_tag":[243,20,21,22,23,54,24],"class_list":{"0":"post-5414","1":"product","2":"type-product","3":"status-publish","4":"has-post-thumbnail","6":"product_cat-arsenal","7":"product_tag-arsenal-2022-2023-heimtrikot","8":"product_tag-coole-fussballtrikots","9":"product_tag-fussballtrikot-fuer-herren","10":"product_tag-fussballtrikot-guenstig-kaufen","11":"product_tag-fussballtrikot-kurzarm","12":"product_tag-fussballtrikot-set","13":"product_tag-guenstiges-fussballtrikot","15":"first","16":"instock","17":"shipping-taxable","18":"purchasable","19":"product-type-variable"},"_links":{"self":[{"href":"https:\/\/www.billigtrikotde.com\/hr\/wp-json\/wp\/v2\/product\/5414","targetHints":{"allow":["GET"]}}],"collection":[{"href":"https:\/\/www.billigtrikotde.com\/hr\/wp-json\/wp\/v2\/product"}],"about":[{"href":"https:\/\/www.billigtrikotde.com\/hr\/wp-json\/wp\/v2\/types\/product"}],"replies":[{"embeddable":true,"href":"https:\/\/www.billigtrikotde.com\/hr\/wp-json\/wp\/v2\/comments?post=5414"}],"wp:featuredmedia":[{"embeddable":true,"href":"https:\/\/www.billigtrikotde.com\/hr\/wp-json\/wp\/v2\/media\/5453"}],"wp:attachment":[{"href":"https:\/\/www.billigtrikotde.com\/hr\/wp-json\/wp\/v2\/media?parent=5414"}],"wp:term":[{"taxonomy":"product_brand","embeddable":true,"href":"https:\/\/www.billigtrikotde.com\/hr\/wp-json\/wp\/v2\/product_brand?post=5414"},{"taxonomy":"product_cat","embeddable":true,"href":"https:\/\/www.billigtrikotde.com\/hr\/wp-json\/wp\/v2\/product_cat?post=5414"},{"taxonomy":"product_tag","embeddable":true,"href":"https:\/\/www.billigtrikotde.com\/hr\/wp-json\/wp\/v2\/product_tag?post=5414"}],"curies":[{"name":"wp","href":"https:\/\/api.w.org\/{rel}","templated":true}]}}