{"id":5256,"date":"2024-10-23T16:46:25","date_gmt":"2024-10-23T14:46:25","guid":{"rendered":"http:\/\/billigtrikots.com\/?post_type=product&#038;p=5256"},"modified":"2025-10-16T16:04:25","modified_gmt":"2025-10-16T14:04:25","slug":"herren-y-3-real-madrid-viertes-fussballtrikot-schwarz-fuer-die-saison-2021-2022-marcelo-12","status":"publish","type":"product","link":"https:\/\/www.billigtrikotde.com\/hr\/herren-y-3-real-madrid-viertes-fussballtrikot-schwarz-fuer-die-saison-2021-2022-marcelo-12\/","title":{"rendered":"Mu\u0161ki Y-3 Real Madrid \u010detvrti nogometni dres crne boje za sezonu 2021-2022 MARCELO 12"},"content":{"rendered":"<p>20 Jahre Y-3 treffen auf 120 Jahre Spitzenfu\u00dfball. Y-3 und Real Madrid haben sich anl\u00e4sslich ihrer Jubil\u00e4en erneut zusammengetan und dabei ist dieses vierte Trikot f\u00fcr Kinder und Teens entstanden, das mit k\u00fchlender HEAT.RDY Technologie ausgestattet ist. Die perfekte Fusion aus Fashion und Sportswear, interpretiert in einer dezenten Grafik aus dynamischen, sich \u00fcberkreuzenden Linien. Auf der Brust sorgt das Y-3 Logo f\u00fcr ein absolutes Novum: Das erste Mal ersetzt es das adidas Logo auf einem Trikot. Und \u00fcber dem Saum rundet ein extragro\u00dfes Label die besondere Kollaboration stylish ab.<\/p>\n<p>Savjeti za ispis: Ako ime i broj na slici to\u010dno odgovaraju va\u0161im \u017eeljama, ne morate ih ponovno unositi. Ako ne, unesite \u017eeljeno ime i broj.<\/p>\n<p>Savjeti za pranje: Preporu\u010duje se ru\u010dno pranje nogometnih dresova. Ako \u017eelite koristiti perilicu, sjetite se okrenuti dresove naopako prije pranja. Napunite perilicu hladnom vodom i koristite program za osjetljive tkanine kako biste bolje za\u0161titili boje.<\/p>","protected":false},"excerpt":{"rendered":"<p>20 godina Y-3 susre\u0107e se s 120 godina vrhunskog nogometa. Y-3 i Real Madrid ponovno su se udru\u017eili povodom svojih obljetnica, a nastala je ova \u010detvrta majica za djecu i tinejd\u017eere, opremljena s hlade\u0107om HEAT.RDY tehnologijom. Savr\u0161eni spoj mode i sportske odje\u0107e, interpretiran u diskretnoj grafici od dinami\u010dnih, preklapaju\u0107ih linija. Na [\u2026]<\/p>","protected":false},"featured_media":5288,"comment_status":"open","ping_status":"closed","template":"","meta":[],"product_brand":[],"product_cat":[45],"product_tag":[20,38,21,228,24,47],"class_list":{"0":"post-5256","1":"product","2":"type-product","3":"status-publish","4":"has-post-thumbnail","6":"product_cat-real-madrid","7":"product_tag-coole-fussballtrikots","8":"product_tag-fussball-trikot-langarm","9":"product_tag-fussballtrikot-fuer-herren","10":"product_tag-guenstige-fussballtrikot","11":"product_tag-guenstiges-fussballtrikot","12":"product_tag-real-madrid-trikots","14":"first","15":"instock","16":"shipping-taxable","17":"purchasable","18":"product-type-variable"},"_links":{"self":[{"href":"https:\/\/www.billigtrikotde.com\/hr\/wp-json\/wp\/v2\/product\/5256","targetHints":{"allow":["GET"]}}],"collection":[{"href":"https:\/\/www.billigtrikotde.com\/hr\/wp-json\/wp\/v2\/product"}],"about":[{"href":"https:\/\/www.billigtrikotde.com\/hr\/wp-json\/wp\/v2\/types\/product"}],"replies":[{"embeddable":true,"href":"https:\/\/www.billigtrikotde.com\/hr\/wp-json\/wp\/v2\/comments?post=5256"}],"wp:featuredmedia":[{"embeddable":true,"href":"https:\/\/www.billigtrikotde.com\/hr\/wp-json\/wp\/v2\/media\/5288"}],"wp:attachment":[{"href":"https:\/\/www.billigtrikotde.com\/hr\/wp-json\/wp\/v2\/media?parent=5256"}],"wp:term":[{"taxonomy":"product_brand","embeddable":true,"href":"https:\/\/www.billigtrikotde.com\/hr\/wp-json\/wp\/v2\/product_brand?post=5256"},{"taxonomy":"product_cat","embeddable":true,"href":"https:\/\/www.billigtrikotde.com\/hr\/wp-json\/wp\/v2\/product_cat?post=5256"},{"taxonomy":"product_tag","embeddable":true,"href":"https:\/\/www.billigtrikotde.com\/hr\/wp-json\/wp\/v2\/product_tag?post=5256"}],"curies":[{"name":"wp","href":"https:\/\/api.w.org\/{rel}","templated":true}]}}