{"id":5203,"date":"2024-10-23T16:28:53","date_gmt":"2024-10-23T14:28:53","guid":{"rendered":"http:\/\/billigtrikots.com\/?post_type=product&#038;p=5203"},"modified":"2024-10-23T16:46:18","modified_gmt":"2024-10-23T14:46:18","slug":"brasilien-2022-wm-heimtrikots-gelb-trikotsatz-kurzarm-kurze-hosen-g-jesus-9","status":"publish","type":"product","link":"https:\/\/www.billigtrikotde.com\/hr\/brasilien-2022-wm-heimtrikots-gelb-trikotsatz-kurzarm-kurze-hosen-g-jesus-9\/","title":{"rendered":"Brazil 2022 Svjetsko prvenstvo doma\u0107e dresove \u017euta komplet kratkih rukava + kratke hla\u010de G.JESUS 9"},"content":{"rendered":"<p>Prije sutra\u0161nje utakmice Brazil protiv Argentine dobili smo preciznije informacije o dizajnu doma\u0107eg dresa za Svjetsko prvenstvo 2022. Dres koji proizvodi Nike za Svjetsko prvenstvo 2022 bit \u0107e predstavljen u drugoj polovici godine i ima novi, svjetliji shemu boja. Nikeov nogometni dres Brazil 2022 zamjenjuje klasi\u010dnu \u017eutu boju s jarkom \u017eutom, slu\u017ebeno \u201eDynamic Yellow\u201c. Izgled boje opisan nam je kao \u201eskoro neonsko \u017euta\u201c.<\/p>\n<p>\u0160to se ti\u010de dizajna, dres za Svjetsko prvenstvo 2022 u Brazilu imat \u0107e mali tradicionalni ovratnik, obojen \u017euto, ukra\u0161en zelenom i plavom prugom. Molimo vas imajte na umu da je na\u0161a gornja slika samo pregled i da kona\u010dni dizajn dresa mo\u017ee izgledati druga\u010dije. Boje Nike Brazil 2022 doma\u0107eg dresa podsje\u0107aju na dres prvaka Svjetskog prvenstva iz 2002. \u2013 mo\u017ee se smatrati odavanjem po\u010dasti 20. obljetnici njegove objave. Nike kombinira Nike Brazil 2022 dres s svijetlo tirkizno zelenim logotipima (Green Spark) i bogatom plavom za detalje (Paramount Blue).<\/p>\n<p>Savjeti za ispis: Ako ime i broj na slici to\u010dno odgovaraju va\u0161im \u017eeljama, ne morate ih ponovno unositi. Ako ne, unesite \u017eeljeno ime i broj.<\/p>\n<p>Savjeti za pranje: Preporu\u010duje se ru\u010dno pranje nogometnih dresova. Ako \u017eelite koristiti perilicu, sjetite se okrenuti dresove naopako prije pranja. Napunite perilicu hladnom vodom i koristite program za osjetljive tkanine kako biste bolje za\u0161titili boje.<\/p>","protected":false},"excerpt":{"rendered":"<p>Prije sutra\u0161nje utakmice Brazil protiv Argentine dobili smo preciznije informacije o dizajnu doma\u0107eg dresa za Svjetsko prvenstvo 2022. godine. Dres koji proizvodi Nike za Svjetsko prvenstvo 2022. bit \u0107e predstavljen u drugoj polovici godine i ima novi, svjetliji shemu boja. Nike Brazil 2022 nogometni dres zamjenjuje klasi\u010dnu \u017eutu s jarkom \u017eutom bojom, slu\u017ebeno \u201eDynamic [\u2026]<\/p>","protected":false},"featured_media":5240,"comment_status":"open","ping_status":"closed","template":"","meta":[],"product_brand":[],"product_cat":[112],"product_tag":[20,210,114,222,21,22,23,24],"class_list":{"0":"post-5203","1":"product","2":"type-product","3":"status-publish","4":"has-post-thumbnail","6":"product_cat-brasilien-trikots","7":"product_tag-coole-fussballtrikots","8":"product_tag-brasilien-auswaertstrikot","9":"product_tag-brasilien-trikots","10":"product_tag-fussball-wm-2022-trikots","11":"product_tag-fussballtrikot-fuer-herren","12":"product_tag-fussballtrikot-guenstig-kaufen","13":"product_tag-fussballtrikot-kurzarm","14":"product_tag-guenstiges-fussballtrikot","16":"first","17":"instock","18":"shipping-taxable","19":"purchasable","20":"product-type-variable"},"_links":{"self":[{"href":"https:\/\/www.billigtrikotde.com\/hr\/wp-json\/wp\/v2\/product\/5203","targetHints":{"allow":["GET"]}}],"collection":[{"href":"https:\/\/www.billigtrikotde.com\/hr\/wp-json\/wp\/v2\/product"}],"about":[{"href":"https:\/\/www.billigtrikotde.com\/hr\/wp-json\/wp\/v2\/types\/product"}],"replies":[{"embeddable":true,"href":"https:\/\/www.billigtrikotde.com\/hr\/wp-json\/wp\/v2\/comments?post=5203"}],"wp:featuredmedia":[{"embeddable":true,"href":"https:\/\/www.billigtrikotde.com\/hr\/wp-json\/wp\/v2\/media\/5240"}],"wp:attachment":[{"href":"https:\/\/www.billigtrikotde.com\/hr\/wp-json\/wp\/v2\/media?parent=5203"}],"wp:term":[{"taxonomy":"product_brand","embeddable":true,"href":"https:\/\/www.billigtrikotde.com\/hr\/wp-json\/wp\/v2\/product_brand?post=5203"},{"taxonomy":"product_cat","embeddable":true,"href":"https:\/\/www.billigtrikotde.com\/hr\/wp-json\/wp\/v2\/product_cat?post=5203"},{"taxonomy":"product_tag","embeddable":true,"href":"https:\/\/www.billigtrikotde.com\/hr\/wp-json\/wp\/v2\/product_tag?post=5203"}],"curies":[{"name":"wp","href":"https:\/\/api.w.org\/{rel}","templated":true}]}}