{"id":5138,"date":"2024-10-23T16:25:26","date_gmt":"2024-10-23T14:25:26","guid":{"rendered":"http:\/\/billigtrikots.com\/?post_type=product&#038;p=5138"},"modified":"2024-10-23T16:27:36","modified_gmt":"2024-10-23T14:27:36","slug":"inter-mailand-stadium-jersey-fussball-trikot-kurzarm-herren-heimtrikot-skriniar-37","status":"publish","type":"product","link":"https:\/\/www.billigtrikotde.com\/hr\/inter-mailand-stadium-jersey-fussball-trikot-kurzarm-herren-heimtrikot-skriniar-37\/","title":{"rendered":"Inter Milan Stadium dres nogometni dres kratkih rukava Mu\u0161ki doma\u0107i dres \u0160kriniar #37"},"content":{"rendered":"<p>Prve prave slike nadolaze\u0107e Nike x Inter kolekcije majice procurile su. Inspirirana nadolaze\u0107im \u010detvrtim dresom Intera, prikazuje sli\u010dan dizajn kao i dres. \u010cetvrti dres Nike Intera 2020-2021 prikazuje se u izuzetnom dizajnu koji kombinira razne uzorke i grafike u mashup izgledu. Nike Inter [...]<\/p>\n<p>Nike Inter Milan 20-21 ljetna kolekcija donosi svje\u017ee izglede. Nadahnuta \u010detvrtim dresom i 20-21 Pre-Match kolekcijom i Lifestyle kolekcijom kluba, Nike Inter 20-21 ljetna kolekcija kombinira razli\u010dite dizajne za jedan artikl.<\/p>\n<p>Savjeti za ispis: Ako ime i broj na slici to\u010dno odgovaraju va\u0161im \u017eeljama, ne morate ih ponovno unositi. Ako ne, unesite \u017eeljeno ime i broj.<\/p>\n<p>Savjeti za pranje: Preporu\u010duje se ru\u010dno pranje nogometnih dresova. Ako \u017eelite koristiti perilicu, sjetite se okrenuti dresove naopako prije pranja. Napunite perilicu hladnom vodom i koristite program za osjetljive tkanine kako biste bolje za\u0161titili boje.<\/p>","protected":false},"excerpt":{"rendered":"<p>Prve prave slike nadolaze\u0107e Nike x Inter kolekcije majice procurile su. Inspirirana nadolaze\u0107im \u010detvrtim dresom Intera, prikazuje sli\u010dan dizajn kao i dres. \u010cetvrti dres Nike Intera 2020-2021 prikazuje se u izuzetnom dizajnu koji kombinira razne uzorke i grafike u mashup izgledu. Nike Inter [...]<\/p>","protected":false},"featured_media":5176,"comment_status":"open","ping_status":"closed","template":"","meta":[],"product_brand":[],"product_cat":[77],"product_tag":[20,21,22,23,24,241,78],"class_list":{"0":"post-5138","1":"product","2":"type-product","3":"status-publish","4":"has-post-thumbnail","6":"product_cat-inter-milan","7":"product_tag-coole-fussballtrikots","8":"product_tag-fussballtrikot-fuer-herren","9":"product_tag-fussballtrikot-guenstig-kaufen","10":"product_tag-fussballtrikot-kurzarm","11":"product_tag-guenstiges-fussballtrikot","12":"product_tag-inter-mailand-ausweichtrikot","13":"product_tag-inter-milan-trikots","15":"first","16":"instock","17":"shipping-taxable","18":"purchasable","19":"product-type-variable"},"_links":{"self":[{"href":"https:\/\/www.billigtrikotde.com\/hr\/wp-json\/wp\/v2\/product\/5138","targetHints":{"allow":["GET"]}}],"collection":[{"href":"https:\/\/www.billigtrikotde.com\/hr\/wp-json\/wp\/v2\/product"}],"about":[{"href":"https:\/\/www.billigtrikotde.com\/hr\/wp-json\/wp\/v2\/types\/product"}],"replies":[{"embeddable":true,"href":"https:\/\/www.billigtrikotde.com\/hr\/wp-json\/wp\/v2\/comments?post=5138"}],"wp:featuredmedia":[{"embeddable":true,"href":"https:\/\/www.billigtrikotde.com\/hr\/wp-json\/wp\/v2\/media\/5176"}],"wp:attachment":[{"href":"https:\/\/www.billigtrikotde.com\/hr\/wp-json\/wp\/v2\/media?parent=5138"}],"wp:term":[{"taxonomy":"product_brand","embeddable":true,"href":"https:\/\/www.billigtrikotde.com\/hr\/wp-json\/wp\/v2\/product_brand?post=5138"},{"taxonomy":"product_cat","embeddable":true,"href":"https:\/\/www.billigtrikotde.com\/hr\/wp-json\/wp\/v2\/product_cat?post=5138"},{"taxonomy":"product_tag","embeddable":true,"href":"https:\/\/www.billigtrikotde.com\/hr\/wp-json\/wp\/v2\/product_tag?post=5138"}],"curies":[{"name":"wp","href":"https:\/\/api.w.org\/{rel}","templated":true}]}}