{"id":5089,"date":"2024-10-23T16:22:39","date_gmt":"2024-10-23T14:22:39","guid":{"rendered":"http:\/\/billigtrikots.com\/?post_type=product&#038;p=5089"},"modified":"2024-10-23T16:25:19","modified_gmt":"2024-10-23T14:25:19","slug":"fc-barcelona-2022-23-heimtrikot-dunkles-blau-trikotsatz-kurzarm-mit-aufdruck-roberto-20","status":"publish","type":"product","link":"https:\/\/www.billigtrikotde.com\/hr\/fc-barcelona-2022-23-heimtrikot-dunkles-blau-trikotsatz-kurzarm-mit-aufdruck-roberto-20\/","title":{"rendered":"FC Barcelona 2022\/23 doma\u0107i dres tamnoplava komplet dresova kratkih rukava s natpisom ROBERTO 20"},"content":{"rendered":"<p>FC Barcelona 2022-23 dres uvodi moderan izgled dodavanjem tradicionalnih plavo-crvenih pruga uz tamnoplavu boju.<\/p>\n<p>Rukavi i ovratnik Barcelone 22-23 dresa su jednobojni mornarskoplavi, dok je prednja strana s prugama \u0161irokih pruga u mornarskoplavoj, kraljevsko plavoj i crvenoj boji.<\/p>\n<p>Slu\u017ebeno ime tamnoplave boje na dresu je \u201cObsidian\u201d, \u0161to je tako\u0111er boja logotipa na zlatnom gostuju\u0107em dresu.<\/p>\n<p>Unutar plavih i crvenih pruga na prednjoj strani Nike FC Barcelona 2022-2023 doma\u0107eg dresa nalazi se diskretan tisak, koji \u0107e se tako\u0111er vidjeti na raznim drugim artiklima kolekcije, uklju\u010duju\u0107i i pre-match majicu.<\/p>\n<p>Prema ranijem izvje\u0161taju SPORT-a, dizajn je tako\u0111er inspiriran Olimpijskim igrama 1992. u Barceloni i promjenama koje je do\u017eivio grad. Ta inspiracija je jo\u0161 jasnija na gostuju\u0107em dresu, koji je ukra\u0161en ukrasima u dizajnu medaljonskih vrpci s Olimpijskih igara prije 30 godina.<\/p>\n<p>Hla\u010de i \u0161tucne Barcelone 22-23 doma\u0107eg dresa odra\u017eavaju tamnoplavu boju, \u0161to je ponovljena tema u povijesti doma\u0107ih dresova katalonskog kluba.<\/p>\n<p>Savjeti za ispis: Ako ime i broj na slici to\u010dno odgovaraju va\u0161im \u017eeljama, ne morate ih ponovno unositi. Ako ne, unesite \u017eeljeno ime i broj.<\/p>\n<p>Savjeti za pranje: Preporu\u010duje se ru\u010dno pranje nogometnih dresova. Ako \u017eelite koristiti perilicu, sjetite se okrenuti dresove naopako prije pranja. Napunite perilicu hladnom vodom i koristite program za osjetljive tkanine kako biste bolje za\u0161titili boje.<\/p>","protected":false},"excerpt":{"rendered":"<p>FC Barcelona 2022-23 dres uvodi moderan izgled dodavanjem tradicionalnih pruga Blaugrana na tamnoplavu pozadinu. Rukavi i ovratnik Barcelone 22-23 dresa su jednobojni mornarskoplavi, dok je prednja strana s prugama \u0161irokih pruga u mornarskoplavoj, kraljevsko plavoj i crvenoj boji. Slu\u017ebeno ime tamnoplave boje na dresu je \u201cObsidian\u201d, \u0161to tako\u0111er ozna\u010dava [\u2026]<\/p>","protected":false},"featured_media":5131,"comment_status":"open","ping_status":"closed","template":"","meta":[],"product_brand":[],"product_cat":[31],"product_tag":[32,20,33,21,22,23,24],"class_list":{"0":"post-5089","1":"product","2":"type-product","3":"status-publish","4":"has-post-thumbnail","6":"product_cat-fc-barcelona","7":"product_tag-barcelona-heimtrikot","8":"product_tag-coole-fussballtrikots","9":"product_tag-fc-barcelona-trikots","10":"product_tag-fussballtrikot-fuer-herren","11":"product_tag-fussballtrikot-guenstig-kaufen","12":"product_tag-fussballtrikot-kurzarm","13":"product_tag-guenstiges-fussballtrikot","15":"first","16":"instock","17":"shipping-taxable","18":"purchasable","19":"product-type-variable"},"_links":{"self":[{"href":"https:\/\/www.billigtrikotde.com\/hr\/wp-json\/wp\/v2\/product\/5089","targetHints":{"allow":["GET"]}}],"collection":[{"href":"https:\/\/www.billigtrikotde.com\/hr\/wp-json\/wp\/v2\/product"}],"about":[{"href":"https:\/\/www.billigtrikotde.com\/hr\/wp-json\/wp\/v2\/types\/product"}],"replies":[{"embeddable":true,"href":"https:\/\/www.billigtrikotde.com\/hr\/wp-json\/wp\/v2\/comments?post=5089"}],"wp:featuredmedia":[{"embeddable":true,"href":"https:\/\/www.billigtrikotde.com\/hr\/wp-json\/wp\/v2\/media\/5131"}],"wp:attachment":[{"href":"https:\/\/www.billigtrikotde.com\/hr\/wp-json\/wp\/v2\/media?parent=5089"}],"wp:term":[{"taxonomy":"product_brand","embeddable":true,"href":"https:\/\/www.billigtrikotde.com\/hr\/wp-json\/wp\/v2\/product_brand?post=5089"},{"taxonomy":"product_cat","embeddable":true,"href":"https:\/\/www.billigtrikotde.com\/hr\/wp-json\/wp\/v2\/product_cat?post=5089"},{"taxonomy":"product_tag","embeddable":true,"href":"https:\/\/www.billigtrikotde.com\/hr\/wp-json\/wp\/v2\/product_tag?post=5089"}],"curies":[{"name":"wp","href":"https:\/\/api.w.org\/{rel}","templated":true}]}}