{"id":507,"date":"2024-10-23T12:52:18","date_gmt":"2024-10-23T10:52:18","guid":{"rendered":"http:\/\/billigtrikots.com\/?post_type=product&#038;p=507"},"modified":"2024-10-23T12:54:17","modified_gmt":"2024-10-23T10:54:17","slug":"barcelona-sergio-busquets-5-herren-heimtrikot-2021-22-langarm-kurze-hosen","status":"publish","type":"product","link":"https:\/\/www.billigtrikotde.com\/hr\/barcelona-sergio-busquets-5-herren-heimtrikot-2021-22-langarm-kurze-hosen\/","title":{"rendered":"Barcelona Sergio Busquets 5# mu\u0161ka doma\u0107a majica 2021\/22 duga rukava + kratke hla\u010de"},"content":{"rendered":"<p>Zeige deine Zugeh\u00f6rigkeit zu deinem Team durch das leichte Modell in Blau. Das Nike Trikot sorgt f\u00fcr wahre Begeisterung. Mehr Support geht kaum! Mit diesem FC Barcelona-Heim-Trikot erweiterst du deine Fan-Kollektion um einen Artikel, wie ihn die Spieler in der Primera Division tragen. Die super bequeme, schwei\u00dfableitende, atmungsaktive und leichte Funktionsweise l\u00e4sst es \u00fcberzeugen. Mit diesem Sportshirt bist du f\u00fcr jede Einheit bestens ausgestattet. Zum absoluten Highlight wird es durch das Vereinswappen auf der Brust. Dieses schicke Modell ist genau das richtige, wenn du auf der Suche nach einem blauen Sporttop mit Optik bist.<\/p>\n<p>Savjeti za ispis: Ako ime i broj na slici to\u010dno odgovaraju va\u0161im \u017eeljama, ne morate ih ponovno unositi. Ako ne, unesite \u017eeljeno ime i broj.<\/p>\n<p>Savjeti za pranje: Preporu\u010duje se ru\u010dno pranje nogometnih dresova. Ako \u017eelite koristiti perilicu, sjetite se okrenuti dresove naopako prije pranja. Napunite perilicu hladnom vodom i koristite program za osjetljive tkanine kako biste bolje za\u0161titili boje.<\/p>","protected":false},"excerpt":{"rendered":"<p>Poka\u017ei svoju pripadnost svom timu putem laganog modela u plavoj boji. Nike majica izaziva pravu odu\u0161evljenost. Vi\u0161e potpore te\u0161ko je zamisliti! Ovom doma\u0107om majicom FC Barcelona pro\u0161irit \u0107e\u0161 svoju kolekciju navija\u010dkih artikala za komad poput onoga koji nose igra\u010di u Primeri. Izuzetno udobna, odvodi znoj, prozra\u010dna i lagana funkcionalnost \u010dine je uvjerljivom. S [...]<\/p>","protected":false},"featured_media":539,"comment_status":"open","ping_status":"closed","template":"","meta":[],"product_brand":[],"product_cat":[31],"product_tag":[20,33,38,21,24],"class_list":{"0":"post-507","1":"product","2":"type-product","3":"status-publish","4":"has-post-thumbnail","6":"product_cat-fc-barcelona","7":"product_tag-coole-fussballtrikots","8":"product_tag-fc-barcelona-trikots","9":"product_tag-fussball-trikot-langarm","10":"product_tag-fussballtrikot-fuer-herren","11":"product_tag-guenstiges-fussballtrikot","13":"first","14":"instock","15":"shipping-taxable","16":"purchasable","17":"product-type-variable"},"_links":{"self":[{"href":"https:\/\/www.billigtrikotde.com\/hr\/wp-json\/wp\/v2\/product\/507","targetHints":{"allow":["GET"]}}],"collection":[{"href":"https:\/\/www.billigtrikotde.com\/hr\/wp-json\/wp\/v2\/product"}],"about":[{"href":"https:\/\/www.billigtrikotde.com\/hr\/wp-json\/wp\/v2\/types\/product"}],"replies":[{"embeddable":true,"href":"https:\/\/www.billigtrikotde.com\/hr\/wp-json\/wp\/v2\/comments?post=507"}],"wp:featuredmedia":[{"embeddable":true,"href":"https:\/\/www.billigtrikotde.com\/hr\/wp-json\/wp\/v2\/media\/539"}],"wp:attachment":[{"href":"https:\/\/www.billigtrikotde.com\/hr\/wp-json\/wp\/v2\/media?parent=507"}],"wp:term":[{"taxonomy":"product_brand","embeddable":true,"href":"https:\/\/www.billigtrikotde.com\/hr\/wp-json\/wp\/v2\/product_brand?post=507"},{"taxonomy":"product_cat","embeddable":true,"href":"https:\/\/www.billigtrikotde.com\/hr\/wp-json\/wp\/v2\/product_cat?post=507"},{"taxonomy":"product_tag","embeddable":true,"href":"https:\/\/www.billigtrikotde.com\/hr\/wp-json\/wp\/v2\/product_tag?post=507"}],"curies":[{"name":"wp","href":"https:\/\/api.w.org\/{rel}","templated":true}]}}