{"id":4923,"date":"2024-10-23T16:13:26","date_gmt":"2024-10-23T14:13:26","guid":{"rendered":"http:\/\/billigtrikots.com\/?post_type=product&#038;p=4923"},"modified":"2024-10-23T16:15:43","modified_gmt":"2024-10-23T14:15:43","slug":"hummel-daenemark-2022-limited-edition-trikot-weiss-mit-roten","status":"publish","type":"product","link":"https:\/\/www.billigtrikotde.com\/hr\/hummel-daenemark-2022-limited-edition-trikot-weiss-mit-roten\/","title":{"rendered":"Hummel Danska 2022 Limited-Edition dres bijeli s crvenim"},"content":{"rendered":"<p>In Zusammenarbeit mit der Modemarke BLS Hafnia hat Hummel ein neues D\u00e4nemark-Trikot in limitierter Auflage entworfen, das beim Freundschaftsspiel gegen Serbien am 29. M\u00e4rz 2022 getragen wird.Das Trikot ist eine Hommage an die neue Generation und wird Teil einer gr\u00f6\u00dferen Lifestyle-Kollektion von Hummel, BLS Hafnia und DBU sein.<br \/>\nDas Hummel D\u00e4nemark 2022 Trikot in limitierter Auflage ist wei\u00df mit roten Details. Das Besondere sind die roten Streifen, die sowohl auf den Schultern als auch an den Seiten des limitierten Hummel D\u00e4nemark 2022 Trikots zu sehen sind.<\/p>\n<p>Savjeti za ispis: Ako ime i broj na slici to\u010dno odgovaraju va\u0161im \u017eeljama, ne morate ih ponovno unositi. Ako ne, unesite \u017eeljeno ime i broj.<\/p>\n<p>Savjeti za pranje: Preporu\u010duje se ru\u010dno pranje nogometnih dresova. Ako \u017eelite koristiti perilicu, sjetite se okrenuti dresove naopako prije pranja. Napunite perilicu hladnom vodom i koristite program za osjetljive tkanine kako biste bolje za\u0161titili boje.<\/p>","protected":false},"excerpt":{"rendered":"<p>U suradnji s modnim brendom BLS Hafnia, Hummel je dizajnirao novi danski dres u limitiranoj seriji koji \u0107e se nositi tijekom prijateljske utakmice protiv Srbije 29. o\u017eujka 2022. Dres je hommage novoj generaciji i bit \u0107e dio ve\u0107e kolekcije \u017eivotnog stila Hummel, BLS Hafnia i DBU-a. Hummel Danski dres 2022 u limitiranoj [\u2026]<\/p>","protected":false},"featured_media":4962,"comment_status":"open","ping_status":"closed","template":"","meta":[],"product_brand":[],"product_cat":[125],"product_tag":[20,126,22,23,238],"class_list":{"0":"post-4923","1":"product","2":"type-product","3":"status-publish","4":"has-post-thumbnail","6":"product_cat-daenemark-trikots","7":"product_tag-coole-fussballtrikots","8":"product_tag-daenemark-auswaertstrikot","9":"product_tag-fussballtrikot-guenstig-kaufen","10":"product_tag-fussballtrikot-kurzarm","11":"product_tag-hummel-daenemark-trikot","13":"first","14":"instock","15":"shipping-taxable","16":"purchasable","17":"product-type-variable"},"_links":{"self":[{"href":"https:\/\/www.billigtrikotde.com\/hr\/wp-json\/wp\/v2\/product\/4923","targetHints":{"allow":["GET"]}}],"collection":[{"href":"https:\/\/www.billigtrikotde.com\/hr\/wp-json\/wp\/v2\/product"}],"about":[{"href":"https:\/\/www.billigtrikotde.com\/hr\/wp-json\/wp\/v2\/types\/product"}],"replies":[{"embeddable":true,"href":"https:\/\/www.billigtrikotde.com\/hr\/wp-json\/wp\/v2\/comments?post=4923"}],"wp:featuredmedia":[{"embeddable":true,"href":"https:\/\/www.billigtrikotde.com\/hr\/wp-json\/wp\/v2\/media\/4962"}],"wp:attachment":[{"href":"https:\/\/www.billigtrikotde.com\/hr\/wp-json\/wp\/v2\/media?parent=4923"}],"wp:term":[{"taxonomy":"product_brand","embeddable":true,"href":"https:\/\/www.billigtrikotde.com\/hr\/wp-json\/wp\/v2\/product_brand?post=4923"},{"taxonomy":"product_cat","embeddable":true,"href":"https:\/\/www.billigtrikotde.com\/hr\/wp-json\/wp\/v2\/product_cat?post=4923"},{"taxonomy":"product_tag","embeddable":true,"href":"https:\/\/www.billigtrikotde.com\/hr\/wp-json\/wp\/v2\/product_tag?post=4923"}],"curies":[{"name":"wp","href":"https:\/\/api.w.org\/{rel}","templated":true}]}}