{"id":487,"date":"2024-10-23T12:51:16","date_gmt":"2024-10-23T10:51:16","guid":{"rendered":"http:\/\/billigtrikots.com\/?post_type=product&#038;p=487"},"modified":"2024-10-23T12:53:14","modified_gmt":"2024-10-23T10:53:14","slug":"fc-barcelona-herren-3rd-trikot-2021-22-dunkelblau-gelb-mit-firpo-24-individualdruck","status":"publish","type":"product","link":"https:\/\/www.billigtrikotde.com\/hr\/fc-barcelona-herren-3rd-trikot-2021-22-dunkelblau-gelb-mit-firpo-24-individualdruck\/","title":{"rendered":"FC Barcelona mu\u0161ka tre\u0107a majica 2021\/22 tamnoplava\/\u017euta s FIRPO 24 individualni tisak"},"content":{"rendered":"<p>Majica od Nike u plavoj boji omogu\u0107ava ti da nosi\u0161 boje svog omiljenog kluba i svima poka\u017ee\u0161 za \u0161to se zala\u017ee\u0161. Te\u017ee od toga gotovo i nema! Ovom zamjenskom dresu FC Barcelona pro\u0161iruje svoju kolekciju fanova za artikl poput onoga koji nose igra\u010di u La Ligi. Izuzetno udobna, prozra\u010dna, upijaju\u0107a znoja i lagana funkcionalnost \u010dine je uvjerljivom. Ovo je sportski top koji \u0107e sigurno impresionirati s grbom kluba na prsima. S ovim sportskim topom bit \u0107e\u0161 spreman za svaku trening sesiju. Ovaj plavi sportski top s prugastim uzorkom isti\u010de tvoj stil.<\/p>\n<p>Savjeti za ispis: Ako ime i broj na slici to\u010dno odgovaraju va\u0161im \u017eeljama, ne morate ih ponovno unositi. Ako ne, unesite \u017eeljeno ime i broj.<\/p>\n<p>Savjeti za pranje: Preporu\u010duje se ru\u010dno pranje nogometnih dresova. Ako \u017eelite koristiti perilicu, sjetite se okrenuti dresove naopako prije pranja. Napunite perilicu hladnom vodom i koristite program za osjetljive tkanine kako biste bolje za\u0161titili boje.<\/p>","protected":false},"excerpt":{"rendered":"<p>Das Shirt von Nike in Blau l\u00e4sst dich die Farben deines Lieblingsclubs tragen und allen zeigen, wof\u00fcr dein Herz schl\u00e4gt. Mehr Fantum geht kaum! Mit diesem FC Barcelona-Ausweich-Shirt erweiterst du deine Fan-Kollektion um einen Artikel, wie ihn die Spieler in der Primera Division tragen. Die super bequeme, atmungsaktive, schwei\u00dfableitende und leichte Funktionsweise l\u00e4sst es \u00fcberzeugen. [&hellip;]<\/p>","protected":false},"featured_media":524,"comment_status":"open","ping_status":"closed","template":"","meta":[],"product_brand":[],"product_cat":[31],"product_tag":[20,37,33,21,22,23,24],"class_list":{"0":"post-487","1":"product","2":"type-product","3":"status-publish","4":"has-post-thumbnail","6":"product_cat-fc-barcelona","7":"product_tag-coole-fussballtrikots","8":"product_tag-fc-barcelona-ausweichtrikot","9":"product_tag-fc-barcelona-trikots","10":"product_tag-fussballtrikot-fuer-herren","11":"product_tag-fussballtrikot-guenstig-kaufen","12":"product_tag-fussballtrikot-kurzarm","13":"product_tag-guenstiges-fussballtrikot","15":"first","16":"instock","17":"shipping-taxable","18":"purchasable","19":"product-type-variable"},"_links":{"self":[{"href":"https:\/\/www.billigtrikotde.com\/hr\/wp-json\/wp\/v2\/product\/487","targetHints":{"allow":["GET"]}}],"collection":[{"href":"https:\/\/www.billigtrikotde.com\/hr\/wp-json\/wp\/v2\/product"}],"about":[{"href":"https:\/\/www.billigtrikotde.com\/hr\/wp-json\/wp\/v2\/types\/product"}],"replies":[{"embeddable":true,"href":"https:\/\/www.billigtrikotde.com\/hr\/wp-json\/wp\/v2\/comments?post=487"}],"wp:featuredmedia":[{"embeddable":true,"href":"https:\/\/www.billigtrikotde.com\/hr\/wp-json\/wp\/v2\/media\/524"}],"wp:attachment":[{"href":"https:\/\/www.billigtrikotde.com\/hr\/wp-json\/wp\/v2\/media?parent=487"}],"wp:term":[{"taxonomy":"product_brand","embeddable":true,"href":"https:\/\/www.billigtrikotde.com\/hr\/wp-json\/wp\/v2\/product_brand?post=487"},{"taxonomy":"product_cat","embeddable":true,"href":"https:\/\/www.billigtrikotde.com\/hr\/wp-json\/wp\/v2\/product_cat?post=487"},{"taxonomy":"product_tag","embeddable":true,"href":"https:\/\/www.billigtrikotde.com\/hr\/wp-json\/wp\/v2\/product_tag?post=487"}],"curies":[{"name":"wp","href":"https:\/\/api.w.org\/{rel}","templated":true}]}}