{"id":4831,"date":"2024-10-23T16:08:50","date_gmt":"2024-10-23T14:08:50","guid":{"rendered":"http:\/\/billigtrikots.com\/?post_type=product&#038;p=4831"},"modified":"2024-10-23T16:10:58","modified_gmt":"2024-10-23T14:10:58","slug":"spanien-heimtrikot-home-em-2022-rot-kurzarm-kurze-hosen-koke-8","status":"publish","type":"product","link":"https:\/\/www.billigtrikotde.com\/hr\/spanien-heimtrikot-home-em-2022-rot-kurzarm-kurze-hosen-koke-8\/","title":{"rendered":"\u0160panjolski doma\u0107i dres za EP 2022 Crveni kratkih rukava + kratke hla\u010de KOKE 8"},"content":{"rendered":"<p>Nova Spain EM 2022 majica uvodi neobi\u010dan izgled, iako zadr\u017eava tradicionalne boje Crvenu i \u017dutu. Prema Adidasu, Spain 2022 nogometna majica ima \u201epikselizirani dizajn inspiriran dr\u017eavnom zastavom\u201c. To dovodi do kroja uzorak u razli\u010ditim nijansama crvene, koji se nastavlja na razli\u010dito obojenim rukavima. Tri pruge se nalaze na ramenima Adidas Spain EM 2020 dresa, dok rub s inspiracijom iz 90-ih zaokru\u017euje dizajn.<\/p>\n<p>Savjeti za ispis: Ako ime i broj na slici to\u010dno odgovaraju va\u0161im \u017eeljama, ne morate ih ponovno unositi. Ako ne, unesite \u017eeljeno ime i broj.<\/p>\n<p>Savjeti za pranje: Preporu\u010duje se ru\u010dno pranje nogometnih dresova. Ako \u017eelite koristiti perilicu, sjetite se okrenuti dresove naopako prije pranja. Napunite perilicu hladnom vodom i koristite program za osjetljive tkanine kako biste bolje za\u0161titili boje.<\/p>","protected":false},"excerpt":{"rendered":"<p>Novi dres \u0160panjolske EP 2022 uvodi neobi\u010dan izgled, iako ima tradicionalne boje crvenu i \u017eutu. Prema Adidasu, \u0161panjolski nogometni dres 2022 ima \u201epikselizirani dizajn, inspiriran zastavom zemlje\u201c. To dovodi do uzorka u kockice u razli\u010ditim nijansama crvene, koji se nastavlja na razli\u010dito obojenim rukavima. Tri pruge [\u2026]<\/p>","protected":false},"featured_media":4870,"comment_status":"open","ping_status":"closed","template":"","meta":[],"product_brand":[],"product_cat":[131],"product_tag":[20,21,22,23,24,132],"class_list":{"0":"post-4831","1":"product","2":"type-product","3":"status-publish","4":"has-post-thumbnail","6":"product_cat-spanien-trikots","7":"product_tag-coole-fussballtrikots","8":"product_tag-fussballtrikot-fuer-herren","9":"product_tag-fussballtrikot-guenstig-kaufen","10":"product_tag-fussballtrikot-kurzarm","11":"product_tag-guenstiges-fussballtrikot","12":"product_tag-spanien-heimtrikot","14":"first","15":"instock","16":"shipping-taxable","17":"purchasable","18":"product-type-variable"},"_links":{"self":[{"href":"https:\/\/www.billigtrikotde.com\/hr\/wp-json\/wp\/v2\/product\/4831","targetHints":{"allow":["GET"]}}],"collection":[{"href":"https:\/\/www.billigtrikotde.com\/hr\/wp-json\/wp\/v2\/product"}],"about":[{"href":"https:\/\/www.billigtrikotde.com\/hr\/wp-json\/wp\/v2\/types\/product"}],"replies":[{"embeddable":true,"href":"https:\/\/www.billigtrikotde.com\/hr\/wp-json\/wp\/v2\/comments?post=4831"}],"wp:featuredmedia":[{"embeddable":true,"href":"https:\/\/www.billigtrikotde.com\/hr\/wp-json\/wp\/v2\/media\/4870"}],"wp:attachment":[{"href":"https:\/\/www.billigtrikotde.com\/hr\/wp-json\/wp\/v2\/media?parent=4831"}],"wp:term":[{"taxonomy":"product_brand","embeddable":true,"href":"https:\/\/www.billigtrikotde.com\/hr\/wp-json\/wp\/v2\/product_brand?post=4831"},{"taxonomy":"product_cat","embeddable":true,"href":"https:\/\/www.billigtrikotde.com\/hr\/wp-json\/wp\/v2\/product_cat?post=4831"},{"taxonomy":"product_tag","embeddable":true,"href":"https:\/\/www.billigtrikotde.com\/hr\/wp-json\/wp\/v2\/product_tag?post=4831"}],"curies":[{"name":"wp","href":"https:\/\/api.w.org\/{rel}","templated":true}]}}