{"id":4805,"date":"2024-10-23T16:07:41","date_gmt":"2024-10-23T14:07:41","guid":{"rendered":"http:\/\/billigtrikots.com\/?post_type=product&#038;p=4805"},"modified":"2024-10-23T16:09:50","modified_gmt":"2024-10-23T14:09:50","slug":"spanien-trikot-away-em-2021-weiss-kurzarm-kurze-hosen-pique-3","status":"publish","type":"product","link":"https:\/\/www.billigtrikotde.com\/hr\/spanien-trikot-away-em-2021-weiss-kurzarm-kurze-hosen-pique-3\/","title":{"rendered":"\u0160panjolski gostuju\u0107i dres za EP 2021 Bijeli kratkih rukava + kratke hla\u010de PIQUE 3"},"content":{"rendered":"<p>Podr\u017eava\u0161 svoj tim u dobrim i lo\u0161im vremenima s prozra\u010dno\u0161\u0107u modela u bijeloj boji. Sigurno savr\u0161en izbor \u2013 dres od adidas. Kao pravi navija\u010d Hrvatske, treba\u0161 ovaj gostuju\u0107i dres koji igra\u010di nose na Europskom prvenstvu. Udoban, upijaju\u0107i znoj, prozra\u010dan i lagan, uvjerit \u0107e te u svoju funkcionalnost. Osigurana ti je i visoka trajnost. Izgled ovog dresa isti\u010de se zahvaljuju\u0107i oznaci reprezentacije na prsima. Opremljen ovim dresom, pokazuje\u0161 svoj timski duh i svugdje izgleda\u0161 sportski.<\/p>\n<p>Neki trenuci ostaju zauvijek u sje\u0107anju. Sigurno se svaki navija\u010d Hrvatske sje\u0107a slavnog veselja i ki\u0161e konfeta kada je mom\u010dad u Ju\u017enoj Africi podigla pehar. Gostuju\u0107i dres odra\u017eava tu sliku s apstraktnim, ru\u010dno nacrtanim dizajnom. Mekani, brzo su\u0161e\u0107i materijal tako\u0111er osigurava ugodan osje\u0107aj pri no\u0161enju na terenu ili u stadionu. Tkanina s oznakom reprezentacije na prsima pokazuje za koju mom\u010dad ti srce kuca.<\/p>\n<p>Savjeti za ispis: Ako ime i broj na slici to\u010dno odgovaraju va\u0161im \u017eeljama, ne morate ih ponovno unositi. Ako ne, unesite \u017eeljeno ime i broj.<\/p>\n<p>Savjeti za pranje: Preporu\u010duje se ru\u010dno pranje nogometnih dresova. Ako \u017eelite koristiti perilicu, sjetite se okrenuti dresove naopako prije pranja. Napunite perilicu hladnom vodom i koristite program za osjetljive tkanine kako biste bolje za\u0161titili boje.<\/p>","protected":false},"excerpt":{"rendered":"<p>Du unterst\u00fctzt dein Team in guten wie in schlechten Zeiten mit dem atmungsaktiven Modell in Wei\u00df. Sicher die perfekte Entscheidung \u2013 das Trikot von adidas. Als echter Spanien-Fan brauchst du dieses Ausw\u00e4rts-Trikot, das die Spieler bei der Europameisterschaft tragen. Die bequeme, schwei\u00dfableitende, atmungsaktive und leichte Funktionsweise l\u00e4sst es \u00fcberzeugen. Eine hohe Haltbarkeit wird dir geboten. [&hellip;]<\/p>","protected":false},"featured_media":4845,"comment_status":"open","ping_status":"closed","template":"","meta":[],"product_brand":[],"product_cat":[131],"product_tag":[20,21,22,23,24,132],"class_list":{"0":"post-4805","1":"product","2":"type-product","3":"status-publish","4":"has-post-thumbnail","6":"product_cat-spanien-trikots","7":"product_tag-coole-fussballtrikots","8":"product_tag-fussballtrikot-fuer-herren","9":"product_tag-fussballtrikot-guenstig-kaufen","10":"product_tag-fussballtrikot-kurzarm","11":"product_tag-guenstiges-fussballtrikot","12":"product_tag-spanien-heimtrikot","14":"first","15":"instock","16":"shipping-taxable","17":"purchasable","18":"product-type-variable"},"_links":{"self":[{"href":"https:\/\/www.billigtrikotde.com\/hr\/wp-json\/wp\/v2\/product\/4805","targetHints":{"allow":["GET"]}}],"collection":[{"href":"https:\/\/www.billigtrikotde.com\/hr\/wp-json\/wp\/v2\/product"}],"about":[{"href":"https:\/\/www.billigtrikotde.com\/hr\/wp-json\/wp\/v2\/types\/product"}],"replies":[{"embeddable":true,"href":"https:\/\/www.billigtrikotde.com\/hr\/wp-json\/wp\/v2\/comments?post=4805"}],"wp:featuredmedia":[{"embeddable":true,"href":"https:\/\/www.billigtrikotde.com\/hr\/wp-json\/wp\/v2\/media\/4845"}],"wp:attachment":[{"href":"https:\/\/www.billigtrikotde.com\/hr\/wp-json\/wp\/v2\/media?parent=4805"}],"wp:term":[{"taxonomy":"product_brand","embeddable":true,"href":"https:\/\/www.billigtrikotde.com\/hr\/wp-json\/wp\/v2\/product_brand?post=4805"},{"taxonomy":"product_cat","embeddable":true,"href":"https:\/\/www.billigtrikotde.com\/hr\/wp-json\/wp\/v2\/product_cat?post=4805"},{"taxonomy":"product_tag","embeddable":true,"href":"https:\/\/www.billigtrikotde.com\/hr\/wp-json\/wp\/v2\/product_tag?post=4805"}],"curies":[{"name":"wp","href":"https:\/\/api.w.org\/{rel}","templated":true}]}}