{"id":4723,"date":"2024-10-23T16:03:39","date_gmt":"2024-10-23T14:03:39","guid":{"rendered":"http:\/\/billigtrikots.com\/?post_type=product&#038;p=4723"},"modified":"2024-10-23T16:05:49","modified_gmt":"2024-10-23T14:05:49","slug":"manchester-city-auswaertstrikot-2022-kurzarm-kurze-hosen-agueero-10","status":"publish","type":"product","link":"https:\/\/www.billigtrikotde.com\/hr\/manchester-city-auswaertstrikot-2022-kurzarm-kurze-hosen-agueero-10\/","title":{"rendered":"Manchester City gostuju\u0107i dres 2022 kratkih rukava + kratke hla\u010de AG\u00dcERO 10"},"content":{"rendered":"<p>Na temelju dizajna linijski Puma 21-22 tre\u0107eg dresa, Puma Manchester City 21-22 tre\u0107i dres prikazuje naziv kluba umjesto grba. Na prednjoj strani nalazi se natpis Man City, okru\u017een s dvije svijetloplave linije. Svi ostali logotipi su bijeli. Diskretan uzorak grba je prisutan na cijelom dresu, dok je oznaka vidljiva i na gornjem dijelu le\u0111a tik ispod ovratnika.<\/p>\n<p>Savjeti za ispis: Ako ime i broj na slici to\u010dno odgovaraju va\u0161im \u017eeljama, ne morate ih ponovno unositi. Ako ne, unesite \u017eeljeno ime i broj.<\/p>\n<p>Savjeti za pranje: Preporu\u010duje se ru\u010dno pranje nogometnih dresova. Ako \u017eelite koristiti perilicu, sjetite se okrenuti dresove naopako prije pranja. Napunite perilicu hladnom vodom i koristite program za osjetljive tkanine kako biste bolje za\u0161titili boje.<\/p>","protected":false},"excerpt":{"rendered":"<p>Na temelju aerodinami\u010dnog dizajna tre\u0107eg dresa Puma 21-22, Puma Manchester City 21-22 tre\u0107i dres prikazuje naziv kluba umjesto grba. Na prednjoj strani nalazi se natpis Man City, okru\u017een s dvije svijetloplave linije. Svi ostali logotipi su bijeli. Diskretni uzorak grba nalazi se na cijelom dresu, dok je oznaka tako\u0111er na gornjoj [\u2026]<\/p>","protected":false},"featured_media":4762,"comment_status":"open","ping_status":"closed","template":"","meta":[],"product_brand":[],"product_cat":[82],"product_tag":[20,21,22,23,24,233,83,84],"class_list":{"0":"post-4723","1":"product","2":"type-product","3":"status-publish","4":"has-post-thumbnail","6":"product_cat-manchester-city","7":"product_tag-coole-fussballtrikots","8":"product_tag-fussballtrikot-fuer-herren","9":"product_tag-fussballtrikot-guenstig-kaufen","10":"product_tag-fussballtrikot-kurzarm","11":"product_tag-guenstiges-fussballtrikot","12":"product_tag-manchester-city-21-22-drittes-trikot","13":"product_tag-manchester-city-auswaertstrikot","14":"product_tag-manchester-city-trikots","16":"first","17":"instock","18":"shipping-taxable","19":"purchasable","20":"product-type-variable"},"_links":{"self":[{"href":"https:\/\/www.billigtrikotde.com\/hr\/wp-json\/wp\/v2\/product\/4723","targetHints":{"allow":["GET"]}}],"collection":[{"href":"https:\/\/www.billigtrikotde.com\/hr\/wp-json\/wp\/v2\/product"}],"about":[{"href":"https:\/\/www.billigtrikotde.com\/hr\/wp-json\/wp\/v2\/types\/product"}],"replies":[{"embeddable":true,"href":"https:\/\/www.billigtrikotde.com\/hr\/wp-json\/wp\/v2\/comments?post=4723"}],"wp:featuredmedia":[{"embeddable":true,"href":"https:\/\/www.billigtrikotde.com\/hr\/wp-json\/wp\/v2\/media\/4762"}],"wp:attachment":[{"href":"https:\/\/www.billigtrikotde.com\/hr\/wp-json\/wp\/v2\/media?parent=4723"}],"wp:term":[{"taxonomy":"product_brand","embeddable":true,"href":"https:\/\/www.billigtrikotde.com\/hr\/wp-json\/wp\/v2\/product_brand?post=4723"},{"taxonomy":"product_cat","embeddable":true,"href":"https:\/\/www.billigtrikotde.com\/hr\/wp-json\/wp\/v2\/product_cat?post=4723"},{"taxonomy":"product_tag","embeddable":true,"href":"https:\/\/www.billigtrikotde.com\/hr\/wp-json\/wp\/v2\/product_tag?post=4723"}],"curies":[{"name":"wp","href":"https:\/\/api.w.org\/{rel}","templated":true}]}}