{"id":4699,"date":"2024-10-23T16:02:30","date_gmt":"2024-10-23T14:02:30","guid":{"rendered":"http:\/\/billigtrikots.com\/?post_type=product&#038;p=4699"},"modified":"2024-10-23T16:04:40","modified_gmt":"2024-10-23T14:04:40","slug":"guenstige-fussballtrikots-brighton-hove-albion-21-22-trikot-blau-und-weiss","status":"publish","type":"product","link":"https:\/\/www.billigtrikotde.com\/hr\/guenstige-fussballtrikots-brighton-hove-albion-21-22-trikot-blau-und-weiss\/","title":{"rendered":"Povoljne nogometne majice Brighton &amp; Hove Albion 21-22 dres plave i bijele boje"},"content":{"rendered":"<p>Dres Brighton &amp; Hove Albion 2021-2022 predstavljen je ve\u010deras, to\u010dno na vrijeme za debi u Premier ligi kod ku\u0107e protiv Manchester Cityja. Nike Brighton &amp; Hove Albion 21-22 dres vra\u0107a se na tradicionalne pruge nakon izgleda s iglom iz 20-21. Na prednjoj strani, rukavima i donjem le\u0111ima Nike Brighton &amp; Hove Albion 2021-2022 nogometnog dresa nalazi se pet plavih i \u010detiri bijela pruga.<br \/>\nPlava i bijela kombiniraju se sa \u017eutom, koja se koristi za Swoosh, bo\u010dne pruge i detalje na ovratniku \u2013 uklju\u010duju\u0107i tekst 10 godina na Amexu, koji slavi desetogodi\u0161njicu otvaranja stadiona 2011. godine.<\/p>\n<p>Savjeti za ispis: Ako ime i broj na slici to\u010dno odgovaraju va\u0161im \u017eeljama, ne morate ih ponovno unositi. Ako ne, unesite \u017eeljeno ime i broj.<\/p>\n<p>Savjeti za pranje: Preporu\u010duje se ru\u010dno pranje nogometnih dresova. Ako \u017eelite koristiti perilicu, sjetite se okrenuti dresove naopako prije pranja. Napunite perilicu hladnom vodom i koristite program za osjetljive tkanine kako biste bolje za\u0161titili boje.<\/p>","protected":false},"excerpt":{"rendered":"<p>Das Trikot von Brighton &amp; Hove Albion 2021-2022 wurde heute Abend pr\u00e4sentiert, p\u00fcnktlich zum Deb\u00fct im Premier League Heimspiel gegen Manchester City.Das Nike Brighton &amp; Hove Albion 21-22 Trikot bringt nach dem 20-21 Nadelstreifen-Look die traditionellen Streifen zur\u00fcck. Es gibt f\u00fcnf blaue und vier wei\u00dfe Streifen auf der Vorderseite, den \u00c4rmeln und dem unteren R\u00fccken [&hellip;]<\/p>","protected":false},"featured_media":4738,"comment_status":"open","ping_status":"closed","template":"","meta":[],"product_brand":[],"product_cat":[15],"product_tag":[20,232,35,21,23,24],"class_list":{"0":"post-4699","1":"product","2":"type-product","3":"status-publish","4":"has-post-thumbnail","6":"product_cat-unkategorisiert","7":"product_tag-coole-fussballtrikots","8":"product_tag-brighton-hove-albion-21-22-trikot","9":"product_tag-fussball-torwarttrikots","10":"product_tag-fussballtrikot-fuer-herren","11":"product_tag-fussballtrikot-kurzarm","12":"product_tag-guenstiges-fussballtrikot","14":"first","15":"instock","16":"shipping-taxable","17":"purchasable","18":"product-type-variable"},"_links":{"self":[{"href":"https:\/\/www.billigtrikotde.com\/hr\/wp-json\/wp\/v2\/product\/4699","targetHints":{"allow":["GET"]}}],"collection":[{"href":"https:\/\/www.billigtrikotde.com\/hr\/wp-json\/wp\/v2\/product"}],"about":[{"href":"https:\/\/www.billigtrikotde.com\/hr\/wp-json\/wp\/v2\/types\/product"}],"replies":[{"embeddable":true,"href":"https:\/\/www.billigtrikotde.com\/hr\/wp-json\/wp\/v2\/comments?post=4699"}],"wp:featuredmedia":[{"embeddable":true,"href":"https:\/\/www.billigtrikotde.com\/hr\/wp-json\/wp\/v2\/media\/4738"}],"wp:attachment":[{"href":"https:\/\/www.billigtrikotde.com\/hr\/wp-json\/wp\/v2\/media?parent=4699"}],"wp:term":[{"taxonomy":"product_brand","embeddable":true,"href":"https:\/\/www.billigtrikotde.com\/hr\/wp-json\/wp\/v2\/product_brand?post=4699"},{"taxonomy":"product_cat","embeddable":true,"href":"https:\/\/www.billigtrikotde.com\/hr\/wp-json\/wp\/v2\/product_cat?post=4699"},{"taxonomy":"product_tag","embeddable":true,"href":"https:\/\/www.billigtrikotde.com\/hr\/wp-json\/wp\/v2\/product_tag?post=4699"}],"curies":[{"name":"wp","href":"https:\/\/api.w.org\/{rel}","templated":true}]}}