{"id":469,"date":"2024-10-23T12:50:39","date_gmt":"2024-10-23T10:50:39","guid":{"rendered":"http:\/\/billigtrikots.com\/?post_type=product&#038;p=469"},"modified":"2024-10-23T12:52:13","modified_gmt":"2024-10-23T10:52:13","slug":"fc-barcelona-herren-3rd-trikot-2021-22-in-blau-mit-aufdruck-pedri-16","status":"publish","type":"product","link":"https:\/\/www.billigtrikotde.com\/hr\/fc-barcelona-herren-3rd-trikot-2021-22-in-blau-mit-aufdruck-pedri-16\/","title":{"rendered":"FC Barcelona mu\u0161ki tre\u0107i dres 2021\/22 u plavoj boji s natpisom PEDRI 16"},"content":{"rendered":"<p>Kao i ostale majice iz na\u0161e kolekcije stadion, majica FC Barcelona kombinira imitacije dizajnerskih detalja s materijalom koji odvodi znoj, pru\u017eaju\u0107i ti izgled spreman za igru, inspiriran tvojom omiljenom mom\u010dadi.<\/p>\n<p>Ovaj proizvod sastoji se u 100% od recikliranih poliesterskih vlakana. Prozra\u010dni materijal s Nike Dri-FIT tehnologijom odvodi znoj s tvoje ko\u017ee, omogu\u0107uju\u0107i br\u017eu evaporaciju i da ostane\u0161 suh i udoban.<\/p>\n<p>Replikat dizajn je inspiriran onim \u0161to profesionalci nose na terenu.<\/p>\n<p>Savjeti za ispis: Ako ime i broj na slici to\u010dno odgovaraju va\u0161im \u017eeljama, ne morate ih ponovno unositi. Ako ne, unesite \u017eeljeno ime i broj.<\/p>\n<p>Savjeti za pranje: Preporu\u010duje se ru\u010dno pranje nogometnih dresova. Ako \u017eelite koristiti perilicu, sjetite se okrenuti dresove naopako prije pranja. Napunite perilicu hladnom vodom i koristite program za osjetljive tkanine kako biste bolje za\u0161titili boje.<\/p>","protected":false},"excerpt":{"rendered":"<p>Wie andere Trikots aus unserer Stadion-Kollektion kombiniert das FC Barcelona Trikot nachgebildete Designdetails mit schwei\u00dfableitendem Material, um dir einen spielbereiten Look zu verleihen, der von deiner Lieblingsmannschaft inspiriert wurde. Dieses Produkt besteht zu 100 % aus recycelten Polyesterfasern. Atmungsaktives Material mit Nike Dri-FIT-Technologie leitet Schwei\u00df von deiner Haut weg, damit es schneller verdunstet und du [&hellip;]<\/p>","protected":false},"featured_media":501,"comment_status":"open","ping_status":"closed","template":"","meta":[],"product_brand":[],"product_cat":[31],"product_tag":[20,37,33,21,22,23,24],"class_list":{"0":"post-469","1":"product","2":"type-product","3":"status-publish","4":"has-post-thumbnail","6":"product_cat-fc-barcelona","7":"product_tag-coole-fussballtrikots","8":"product_tag-fc-barcelona-ausweichtrikot","9":"product_tag-fc-barcelona-trikots","10":"product_tag-fussballtrikot-fuer-herren","11":"product_tag-fussballtrikot-guenstig-kaufen","12":"product_tag-fussballtrikot-kurzarm","13":"product_tag-guenstiges-fussballtrikot","15":"first","16":"instock","17":"shipping-taxable","18":"purchasable","19":"product-type-variable"},"_links":{"self":[{"href":"https:\/\/www.billigtrikotde.com\/hr\/wp-json\/wp\/v2\/product\/469","targetHints":{"allow":["GET"]}}],"collection":[{"href":"https:\/\/www.billigtrikotde.com\/hr\/wp-json\/wp\/v2\/product"}],"about":[{"href":"https:\/\/www.billigtrikotde.com\/hr\/wp-json\/wp\/v2\/types\/product"}],"replies":[{"embeddable":true,"href":"https:\/\/www.billigtrikotde.com\/hr\/wp-json\/wp\/v2\/comments?post=469"}],"wp:featuredmedia":[{"embeddable":true,"href":"https:\/\/www.billigtrikotde.com\/hr\/wp-json\/wp\/v2\/media\/501"}],"wp:attachment":[{"href":"https:\/\/www.billigtrikotde.com\/hr\/wp-json\/wp\/v2\/media?parent=469"}],"wp:term":[{"taxonomy":"product_brand","embeddable":true,"href":"https:\/\/www.billigtrikotde.com\/hr\/wp-json\/wp\/v2\/product_brand?post=469"},{"taxonomy":"product_cat","embeddable":true,"href":"https:\/\/www.billigtrikotde.com\/hr\/wp-json\/wp\/v2\/product_cat?post=469"},{"taxonomy":"product_tag","embeddable":true,"href":"https:\/\/www.billigtrikotde.com\/hr\/wp-json\/wp\/v2\/product_tag?post=469"}],"curies":[{"name":"wp","href":"https:\/\/api.w.org\/{rel}","templated":true}]}}