{"id":4666,"date":"2024-10-23T16:00:52","date_gmt":"2024-10-23T14:00:52","guid":{"rendered":"http:\/\/billigtrikots.com\/?post_type=product&#038;p=4666"},"modified":"2024-10-23T16:03:28","modified_gmt":"2024-10-23T14:03:28","slug":"argentina-world-cup-home-shirt-wm-trikot-2022","status":"publish","type":"product","link":"https:\/\/www.billigtrikotde.com\/hr\/argentina-world-cup-home-shirt-wm-trikot-2022\/","title":{"rendered":"Argentina doma\u0107i dres Svjetskog kupa 2022"},"content":{"rendered":"<p>Argentina \u0107e krenuti na Svjetsko prvenstvo 2022. u Kataru s potpuno novim dresovima koje je proizvoo Adidas, a La Albiceleste ovoga puta dobiva druga\u010diji dizajn. Doma\u0107i dres Argentine na Svjetskom prvenstvu 2022. s Adidasom nastavlja sa uobi\u010dajenim plavim i bijelim prugama koje su namijenjene predstavljanju nacionalne zastave Argentine.<br \/>\nDoma\u0107i dres Argent\u00edne za Svjetsko prvenstvo 2022. uglavnom je bijel, s potpuno novim Adidas logom u crnoj boji, koji \u0107e svoje nogometno debi imati na dresovima za Svjetsko prvenstvo 2022. Pruge na novom argentinskom dresu za Svjetsko prvenstvo 2022. su doista neobi\u010dne \u2013 umjesto da imaju istu \u0161irinu, u sredini su dva tanja plavo- nebesko plava pruga, s dva \u0161ira s vanjske strane dresa. Ove ve\u0107e pruge su otprilike tri puta \u0161ire od onih u sredini.<br \/>\nArgentinci diljem svijeta i\u0161\u010dekivat \u0107e da njihovi igra\u010di predstave svoju domovinu i nadaju se da \u0107e se vratiti s trofejom. Natjecanje se smatra Lionelovu Messijevu posljednjem svjetskom prvenstvu, a Pari\u017eanin \u0107e nastojati zavr\u0161iti svoju me\u0111unarodnu karijeru na visokoj razini.<\/p>","protected":false},"excerpt":{"rendered":"<p>Argentina \u0107e krenuti na Svjetsko prvenstvo 2022. u Kataru s potpuno novim dresovima koje je proizvoo Adidas, a La Albiceleste ovoga puta dobiva druga\u010diji dizajn. Doma\u0107i dres Argentine na Svjetskom prvenstvu 2022. s Adidasom nastavlja sa uobi\u010dajenim plavim i bijelim prugama koje su namijenjene predstavljanju nacionalne zastave Argentine.<\/p>","protected":false},"featured_media":4703,"comment_status":"open","ping_status":"closed","template":"","meta":[],"product_brand":[],"product_cat":[111],"product_tag":[231,20,222,21,22,23,24],"class_list":{"0":"post-4666","1":"product","2":"type-product","3":"status-publish","4":"has-post-thumbnail","6":"product_cat-nationaltrikot","7":"product_tag-argentina-trikots","8":"product_tag-coole-fussballtrikots","9":"product_tag-fussball-wm-2022-trikots","10":"product_tag-fussballtrikot-fuer-herren","11":"product_tag-fussballtrikot-guenstig-kaufen","12":"product_tag-fussballtrikot-kurzarm","13":"product_tag-guenstiges-fussballtrikot","15":"first","16":"instock","17":"shipping-taxable","18":"purchasable","19":"product-type-variable"},"_links":{"self":[{"href":"https:\/\/www.billigtrikotde.com\/hr\/wp-json\/wp\/v2\/product\/4666","targetHints":{"allow":["GET"]}}],"collection":[{"href":"https:\/\/www.billigtrikotde.com\/hr\/wp-json\/wp\/v2\/product"}],"about":[{"href":"https:\/\/www.billigtrikotde.com\/hr\/wp-json\/wp\/v2\/types\/product"}],"replies":[{"embeddable":true,"href":"https:\/\/www.billigtrikotde.com\/hr\/wp-json\/wp\/v2\/comments?post=4666"}],"wp:featuredmedia":[{"embeddable":true,"href":"https:\/\/www.billigtrikotde.com\/hr\/wp-json\/wp\/v2\/media\/4703"}],"wp:attachment":[{"href":"https:\/\/www.billigtrikotde.com\/hr\/wp-json\/wp\/v2\/media?parent=4666"}],"wp:term":[{"taxonomy":"product_brand","embeddable":true,"href":"https:\/\/www.billigtrikotde.com\/hr\/wp-json\/wp\/v2\/product_brand?post=4666"},{"taxonomy":"product_cat","embeddable":true,"href":"https:\/\/www.billigtrikotde.com\/hr\/wp-json\/wp\/v2\/product_cat?post=4666"},{"taxonomy":"product_tag","embeddable":true,"href":"https:\/\/www.billigtrikotde.com\/hr\/wp-json\/wp\/v2\/product_tag?post=4666"}],"curies":[{"name":"wp","href":"https:\/\/api.w.org\/{rel}","templated":true}]}}