{"id":4638,"date":"2024-10-23T15:59:38","date_gmt":"2024-10-23T13:59:38","guid":{"rendered":"http:\/\/billigtrikots.com\/?post_type=product&#038;p=4638"},"modified":"2024-10-23T16:01:48","modified_gmt":"2024-10-23T14:01:48","slug":"la-galaxy-city-of-dreams-kit-fans-home-shirt-2022-2023-football-jersey-katai-7","status":"publish","type":"product","link":"https:\/\/www.billigtrikotde.com\/hr\/la-galaxy-city-of-dreams-kit-fans-home-shirt-2022-2023-football-jersey-katai-7\/","title":{"rendered":"LA Galaxy City of Dreams Kit navija\u010di ku\u0107na majica 2022-2023 nogometna majica KATAI 7"},"content":{"rendered":"<p>Komplet City of Dreams odaje po\u010dast \u010distim, klasi\u010dnim i elegantnim bijelim kompletima u povijesti Galaksije s da\u0161kom LA, kako bi prikazao City of Dreams i City of Stars. Snaga i energija kvazara predstavljaju srce galaksije te sanjare, tvorce i inovatora koji \u010dine Los Angeles.<\/p>\n<p>Savjeti za pranje: Preporu\u010duje se ru\u010dno pranje nogometnih dresova. Ako \u017eelite koristiti perilicu, sjetite se okrenuti dresove naopako prije pranja. Napunite perilicu hladnom vodom i koristite program za osjetljive tkanine kako biste bolje za\u0161titili boje.<\/p>","protected":false},"excerpt":{"rendered":"<p>Komplet City of Dreams odaje po\u010dast \u010distim, klasi\u010dnim i elegantnim bijelim kompletima u povijesti Galaksije s da\u0161kom LA, kako bi prikazao City of Dreams i City of Stars. Snaga i energija kvazara predstavljaju srce galaksije te sanjare, tvorce i inovatora koji \u010dine Los Angeles.<\/p>","protected":false},"featured_media":4678,"comment_status":"open","ping_status":"closed","template":"","meta":[],"product_brand":[],"product_cat":[182],"product_tag":[20,21,22,23,24,183,184],"class_list":{"0":"post-4638","1":"product","2":"type-product","3":"status-publish","4":"has-post-thumbnail","6":"product_cat-la-galaxy","7":"product_tag-coole-fussballtrikots","8":"product_tag-fussballtrikot-fuer-herren","9":"product_tag-fussballtrikot-guenstig-kaufen","10":"product_tag-fussballtrikot-kurzarm","11":"product_tag-guenstiges-fussballtrikot","12":"product_tag-la-galaxy-away-shirt","13":"product_tag-la-galaxy-trikots","15":"first","16":"instock","17":"shipping-taxable","18":"purchasable","19":"product-type-variable"},"_links":{"self":[{"href":"https:\/\/www.billigtrikotde.com\/hr\/wp-json\/wp\/v2\/product\/4638","targetHints":{"allow":["GET"]}}],"collection":[{"href":"https:\/\/www.billigtrikotde.com\/hr\/wp-json\/wp\/v2\/product"}],"about":[{"href":"https:\/\/www.billigtrikotde.com\/hr\/wp-json\/wp\/v2\/types\/product"}],"replies":[{"embeddable":true,"href":"https:\/\/www.billigtrikotde.com\/hr\/wp-json\/wp\/v2\/comments?post=4638"}],"wp:featuredmedia":[{"embeddable":true,"href":"https:\/\/www.billigtrikotde.com\/hr\/wp-json\/wp\/v2\/media\/4678"}],"wp:attachment":[{"href":"https:\/\/www.billigtrikotde.com\/hr\/wp-json\/wp\/v2\/media?parent=4638"}],"wp:term":[{"taxonomy":"product_brand","embeddable":true,"href":"https:\/\/www.billigtrikotde.com\/hr\/wp-json\/wp\/v2\/product_brand?post=4638"},{"taxonomy":"product_cat","embeddable":true,"href":"https:\/\/www.billigtrikotde.com\/hr\/wp-json\/wp\/v2\/product_cat?post=4638"},{"taxonomy":"product_tag","embeddable":true,"href":"https:\/\/www.billigtrikotde.com\/hr\/wp-json\/wp\/v2\/product_tag?post=4638"}],"curies":[{"name":"wp","href":"https:\/\/api.w.org\/{rel}","templated":true}]}}