{"id":4463,"date":"2024-10-23T15:51:02","date_gmt":"2024-10-23T13:51:02","guid":{"rendered":"http:\/\/billigtrikots.com\/?post_type=product&#038;p=4463"},"modified":"2024-10-23T15:53:12","modified_gmt":"2024-10-23T13:53:12","slug":"trikotsatz-fc-bayern-muenchen-heimtrikot-2022-2023-shirt-herren-sarr-20","status":"publish","type":"product","link":"https:\/\/www.billigtrikotde.com\/hr\/trikotsatz-fc-bayern-muenchen-heimtrikot-2022-2023-shirt-herren-sarr-20\/","title":{"rendered":"Kampanja dresova FC Bayern M\u00fcnchen doma\u0107i dres 2022-2023 Majica mu\u0161karci SARR 20"},"content":{"rendered":"<p>Novi Bayern M\u00fcnchen 22-23 dres ima jedinstveni prugasti dizajn na prednjoj strani. Sastoji se od razli\u010ditih veli\u010dina bijelih pruga koje izgledaju malo poput \u010dita\u010da barkoda. Ukupno ima 21 prugu na prednjoj strani. Tako\u0111er, kod boja, novi Bayern 22-23 dres donosi promjenu. Nakon \u0161to je dres 21-22 bio u dvije nijanse sive, Adidas Bayern M\u00fcnchen dres 2022-2023 vra\u0107a se tradicionalnoj crvenoj boji.<\/p>\n<p>Savjeti za ispis: Ako ime i broj na slici to\u010dno odgovaraju va\u0161im \u017eeljama, ne morate ih ponovno unositi. Ako ne, unesite \u017eeljeno ime i broj.<\/p>\n<p>Savjeti za pranje: Preporu\u010duje se ru\u010dno pranje nogometnih dresova. Ako \u017eelite koristiti perilicu, sjetite se okrenuti dresove naopako prije pranja. Napunite perilicu hladnom vodom i koristite program za osjetljive tkanine kako biste bolje za\u0161titili boje.<\/p>","protected":false},"excerpt":{"rendered":"<p>Novi dres Bayern M\u00fcnchen 22-23 ima jedinstveni prugasti dizajn na prednjoj strani. Sastoji se od razli\u010ditih veli\u010dina bijelih pruga koje izgledaju pomalo poput \u010dita\u010da barkoda. Ukupno ima 21 prugu na prednjoj strani. Tako\u0111er, novi dres Bayern 22-23 donosi promjenu u bojama. Nakon \u0161to je dres 21-22 bio u dvije nijanse sive, [...]<\/p>","protected":false},"featured_media":4503,"comment_status":"open","ping_status":"closed","template":"","meta":[],"product_brand":[],"product_cat":[175],"product_tag":[136,137,20,21,22,23,24],"class_list":{"0":"post-4463","1":"product","2":"type-product","3":"status-publish","4":"has-post-thumbnail","6":"product_cat-bayern-munich","7":"product_tag-bayern-muenchen-heimtrikot","8":"product_tag-bayern-muenchen-trikots","9":"product_tag-coole-fussballtrikots","10":"product_tag-fussballtrikot-fuer-herren","11":"product_tag-fussballtrikot-guenstig-kaufen","12":"product_tag-fussballtrikot-kurzarm","13":"product_tag-guenstiges-fussballtrikot","15":"first","16":"instock","17":"shipping-taxable","18":"purchasable","19":"product-type-variable"},"_links":{"self":[{"href":"https:\/\/www.billigtrikotde.com\/hr\/wp-json\/wp\/v2\/product\/4463","targetHints":{"allow":["GET"]}}],"collection":[{"href":"https:\/\/www.billigtrikotde.com\/hr\/wp-json\/wp\/v2\/product"}],"about":[{"href":"https:\/\/www.billigtrikotde.com\/hr\/wp-json\/wp\/v2\/types\/product"}],"replies":[{"embeddable":true,"href":"https:\/\/www.billigtrikotde.com\/hr\/wp-json\/wp\/v2\/comments?post=4463"}],"wp:featuredmedia":[{"embeddable":true,"href":"https:\/\/www.billigtrikotde.com\/hr\/wp-json\/wp\/v2\/media\/4503"}],"wp:attachment":[{"href":"https:\/\/www.billigtrikotde.com\/hr\/wp-json\/wp\/v2\/media?parent=4463"}],"wp:term":[{"taxonomy":"product_brand","embeddable":true,"href":"https:\/\/www.billigtrikotde.com\/hr\/wp-json\/wp\/v2\/product_brand?post=4463"},{"taxonomy":"product_cat","embeddable":true,"href":"https:\/\/www.billigtrikotde.com\/hr\/wp-json\/wp\/v2\/product_cat?post=4463"},{"taxonomy":"product_tag","embeddable":true,"href":"https:\/\/www.billigtrikotde.com\/hr\/wp-json\/wp\/v2\/product_tag?post=4463"}],"curies":[{"name":"wp","href":"https:\/\/api.w.org\/{rel}","templated":true}]}}