{"id":4405,"date":"2024-10-23T15:48:07","date_gmt":"2024-10-23T13:48:07","guid":{"rendered":"http:\/\/billigtrikots.com\/?post_type=product&#038;p=4405"},"modified":"2024-10-23T15:50:19","modified_gmt":"2024-10-23T13:50:19","slug":"blind-17-manchester-united-2022-23-heimtrikot-herren-trikot-kurze-hosen","status":"publish","type":"product","link":"https:\/\/www.billigtrikotde.com\/hr\/blind-17-manchester-united-2022-23-heimtrikot-herren-trikot-kurze-hosen\/","title":{"rendered":"Sjenilo 17 Manchester United 2022-23 doma\u0107i dres za mu\u0161karce i kratke hla\u010de"},"content":{"rendered":"<p>Adidas Manchester United 2022-2023 dres kombinira tamnocrvenu glavnu boju s bijelim Adidas logom i crnim trostrukim prugama.<\/p>\n<p>\u0160to \u010dini dres posebnim je polo ovratnik. Bijeli ovratnik je opremljen trokutastim dizajnom inspiriranim iz 1994. godine.<\/p>\n<p>\u010carape Manchester United 22-23 ku\u0107nog dresa kombiniraju tradicionalnu glavnu boju crnu s crvenom. Imaju crveni Red Devil na prednjoj strani i bijeli Adidas logo na stra\u017enjoj strani. Gornji dio je crven s crnim trostrukim prugama.<\/p>\n<p>Dres Man United 22-23 ima \u0161tit na kojem je prikazan Manchester United logo. \u0160tit je u obliku petokrake i izra\u0111en je u malo tamnijoj crvenoj nijansi od ostatka dresa. Tako\u0111er je okru\u017een tankom obrubom koji razdvaja oblik.<\/p>\n<p>Savjeti za ispis: Ako ime i broj na slici to\u010dno odgovaraju va\u0161im \u017eeljama, ne morate ih ponovno unositi. Ako ne, unesite \u017eeljeno ime i broj.<\/p>\n<p>Savjeti za pranje: Preporu\u010duje se ru\u010dno pranje nogometnih dresova. Ako \u017eelite koristiti perilicu, sjetite se okrenuti dresove naopako prije pranja. Napunite perilicu hladnom vodom i koristite program za osjetljive tkanine kako biste bolje za\u0161titili boje.<\/p>","protected":false},"excerpt":{"rendered":"<p>Adidas Manchester United 2022-2023 dres kombinira tamnocrvenu glavnu boju s bijelim Adidas logom i crnim trostrukim prugama. Ono \u0161to \u010dini dres posebnim je polo ovratnik. Bijeli ovratnik je opremljen trokutastim dizajnom inspiriranim iz 1994. godine. \u010carape Manchester United 22-23 doma\u0107eg dresa kombiniraju tradicionalnu glavnu boju crnu s crvenom. Imaju [\u2026]<\/p>","protected":false},"featured_media":4444,"comment_status":"open","ping_status":"closed","template":"","meta":[],"product_brand":[],"product_cat":[50],"product_tag":[20,21,22,23,54,24,141,52],"class_list":{"0":"post-4405","1":"product","2":"type-product","3":"status-publish","4":"has-post-thumbnail","6":"product_cat-manchester-united","7":"product_tag-coole-fussballtrikots","8":"product_tag-fussballtrikot-fuer-herren","9":"product_tag-fussballtrikot-guenstig-kaufen","10":"product_tag-fussballtrikot-kurzarm","11":"product_tag-fussballtrikot-set","12":"product_tag-guenstiges-fussballtrikot","13":"product_tag-manchester-united-heimtrikot","14":"product_tag-manchester-united-trikots","16":"first","17":"instock","18":"shipping-taxable","19":"purchasable","20":"product-type-variable"},"_links":{"self":[{"href":"https:\/\/www.billigtrikotde.com\/hr\/wp-json\/wp\/v2\/product\/4405","targetHints":{"allow":["GET"]}}],"collection":[{"href":"https:\/\/www.billigtrikotde.com\/hr\/wp-json\/wp\/v2\/product"}],"about":[{"href":"https:\/\/www.billigtrikotde.com\/hr\/wp-json\/wp\/v2\/types\/product"}],"replies":[{"embeddable":true,"href":"https:\/\/www.billigtrikotde.com\/hr\/wp-json\/wp\/v2\/comments?post=4405"}],"wp:featuredmedia":[{"embeddable":true,"href":"https:\/\/www.billigtrikotde.com\/hr\/wp-json\/wp\/v2\/media\/4444"}],"wp:attachment":[{"href":"https:\/\/www.billigtrikotde.com\/hr\/wp-json\/wp\/v2\/media?parent=4405"}],"wp:term":[{"taxonomy":"product_brand","embeddable":true,"href":"https:\/\/www.billigtrikotde.com\/hr\/wp-json\/wp\/v2\/product_brand?post=4405"},{"taxonomy":"product_cat","embeddable":true,"href":"https:\/\/www.billigtrikotde.com\/hr\/wp-json\/wp\/v2\/product_cat?post=4405"},{"taxonomy":"product_tag","embeddable":true,"href":"https:\/\/www.billigtrikotde.com\/hr\/wp-json\/wp\/v2\/product_tag?post=4405"}],"curies":[{"name":"wp","href":"https:\/\/api.w.org\/{rel}","templated":true}]}}