{"id":4387,"date":"2024-10-23T15:47:28","date_gmt":"2024-10-23T13:47:28","guid":{"rendered":"http:\/\/billigtrikots.com\/?post_type=product&#038;p=4387"},"modified":"2024-10-23T15:49:41","modified_gmt":"2024-10-23T13:49:41","slug":"manchester-united-2022-23-heimtrikot-herren-trikot-kurze-hosen-mit-aufdruck-van-de-beek-34","status":"publish","type":"product","link":"https:\/\/www.billigtrikotde.com\/hr\/manchester-united-2022-23-heimtrikot-herren-trikot-kurze-hosen-mit-aufdruck-van-de-beek-34\/","title":{"rendered":"Manchester United 2022-23 doma\u0107i dres za mu\u0161karce i kratke hla\u010de s otiskom VAN DE BEEK 34"},"content":{"rendered":"<p>Adidas Manchester United 2022-2023 dres kombinira tamnocrvenu glavnu boju s bijelim Adidas logom i crnim trostrukim prugama. Ono \u0161to \u010dini dres posebnim je polo ovratnik. Bijeli ovratnik je opremljen trokutastim dizajnom inspiriranim iz 1994. godine. \u010carape Manchester United 22-23 doma\u0107eg dresa kombiniraju tradicionalnu glavnu boju crnu s crvenom. Imaju [\u2026]<br \/>\nSie haben einen roten Red Devil auf der Vorderseite und ein wei\u00dfes Adidas-Logo auf der R\u00fcckseite. Die Oberseite ist rot mit schwarzen drei Streifen.<\/p>\n<p>Das Man United 22-23 Heimtrikot hat einen Schild, der das Logo von Manchester United zeigt. Der Schild hat die Form eines F\u00fcnfecks und einen etwas dunkleren Rotton als der Rest des Shirts. Es wird auch durch einen d\u00fcnnen Rand umrissen, um die Form zu trennen.<\/p>\n<p>Savjeti za ispis: Ako ime i broj na slici to\u010dno odgovaraju va\u0161im \u017eeljama, ne morate ih ponovno unositi. Ako ne, unesite \u017eeljeno ime i broj.<\/p>\n<p>Savjeti za pranje: preporu\u010duje se ru\u010dno pranje nogometnih dresova. Ako \u017eelite koristiti perilicu rublja, imajte na umu da nogometne dresove okrenete na drugu stranu prije pranja.<\/p>","protected":false},"excerpt":{"rendered":"<p>Adidas Manchester United 2022-2023 dres kombinira tamnocrvenu glavnu boju s bijelim Adidas logom i crnim trostrukim prugama. Ono \u0161to \u010dini dres posebnim je polo ovratnik. Bijeli ovratnik je opremljen trokutastim dizajnom inspiriranim iz 1994. godine. \u010carape Manchester United 22-23 doma\u0107eg dresa kombiniraju tradicionalnu glavnu boju crnu s crvenom. Imaju [\u2026]<\/p>","protected":false},"featured_media":4421,"comment_status":"open","ping_status":"closed","template":"","meta":[],"product_brand":[],"product_cat":[50],"product_tag":[20,214,215,21,22,54,141,52],"class_list":{"0":"post-4387","1":"product","2":"type-product","3":"status-publish","4":"has-post-thumbnail","6":"product_cat-manchester-united","7":"product_tag-coole-fussballtrikots","8":"product_tag-fussball-fan-shop","9":"product_tag-fussball-trikot-kurzarm","10":"product_tag-fussballtrikot-fuer-herren","11":"product_tag-fussballtrikot-guenstig-kaufen","12":"product_tag-fussballtrikot-set","13":"product_tag-manchester-united-heimtrikot","14":"product_tag-manchester-united-trikots","16":"first","17":"instock","18":"shipping-taxable","19":"purchasable","20":"product-type-variable"},"_links":{"self":[{"href":"https:\/\/www.billigtrikotde.com\/hr\/wp-json\/wp\/v2\/product\/4387","targetHints":{"allow":["GET"]}}],"collection":[{"href":"https:\/\/www.billigtrikotde.com\/hr\/wp-json\/wp\/v2\/product"}],"about":[{"href":"https:\/\/www.billigtrikotde.com\/hr\/wp-json\/wp\/v2\/types\/product"}],"replies":[{"embeddable":true,"href":"https:\/\/www.billigtrikotde.com\/hr\/wp-json\/wp\/v2\/comments?post=4387"}],"wp:featuredmedia":[{"embeddable":true,"href":"https:\/\/www.billigtrikotde.com\/hr\/wp-json\/wp\/v2\/media\/4421"}],"wp:attachment":[{"href":"https:\/\/www.billigtrikotde.com\/hr\/wp-json\/wp\/v2\/media?parent=4387"}],"wp:term":[{"taxonomy":"product_brand","embeddable":true,"href":"https:\/\/www.billigtrikotde.com\/hr\/wp-json\/wp\/v2\/product_brand?post=4387"},{"taxonomy":"product_cat","embeddable":true,"href":"https:\/\/www.billigtrikotde.com\/hr\/wp-json\/wp\/v2\/product_cat?post=4387"},{"taxonomy":"product_tag","embeddable":true,"href":"https:\/\/www.billigtrikotde.com\/hr\/wp-json\/wp\/v2\/product_tag?post=4387"}],"curies":[{"name":"wp","href":"https:\/\/api.w.org\/{rel}","templated":true}]}}