{"id":4367,"date":"2024-10-23T15:46:19","date_gmt":"2024-10-23T13:46:19","guid":{"rendered":"http:\/\/billigtrikots.com\/?post_type=product&#038;p=4367"},"modified":"2024-10-23T15:48:32","modified_gmt":"2024-10-23T13:48:32","slug":"herren-trikotsatz-fc-barcelona-2021-22-ausweichtrikot","status":"publish","type":"product","link":"https:\/\/www.billigtrikotde.com\/hr\/herren-trikotsatz-fc-barcelona-2021-22-ausweichtrikot\/","title":{"rendered":"MU\u0160KI komplet dresova FC Barcelona 2021\/22 gostuju\u0107i dres"},"content":{"rendered":"<p>Sportsko majicu Nike u plavom boji nosit \u0107e boje tvog omiljenog kluba i svima pokazati za \u0161to ti srce kuca. Kao pravi navija\u010d FC Barcelone treba\u0161 ovu zamjensku sportsku majicu koju igra\u010di nose u Primera Division. Prozra\u010dan, lagan, brzo upija znoj i udoban model uvjerava na svakom koraku. Neka ovo plavo dres s prugastim uzorkom postane tvoj vjerni pratitelj.<\/p>","protected":false},"excerpt":{"rendered":"<p>Sportsko majicu Nike u plavom boji nosit \u0107e boje tvog omiljenog kluba i svima pokazati za \u0161to ti srce kuca. Kao pravi navija\u010d FC Barcelone treba\u0161 ovu zamjensku sportsku majicu koju igra\u010di nose u Primera Division. Prozra\u010dan, lagan, brzo upija znoj i udoban model uvjerava na svakom koraku. Neka ovo plavo dres s prugastim uzorkom postane tvoj vjerni pratitelj.<\/p>","protected":false},"featured_media":4407,"comment_status":"open","ping_status":"closed","template":"","meta":[],"product_brand":[],"product_cat":[31],"product_tag":[20,37,33,211,21,23,24],"class_list":{"0":"post-4367","1":"product","2":"type-product","3":"status-publish","4":"has-post-thumbnail","6":"product_cat-fc-barcelona","7":"product_tag-coole-fussballtrikots","8":"product_tag-fc-barcelona-ausweichtrikot","9":"product_tag-fc-barcelona-trikots","10":"product_tag-fussballltrikots","11":"product_tag-fussballtrikot-fuer-herren","12":"product_tag-fussballtrikot-kurzarm","13":"product_tag-guenstiges-fussballtrikot","15":"first","16":"instock","17":"shipping-taxable","18":"purchasable","19":"product-type-variable"},"_links":{"self":[{"href":"https:\/\/www.billigtrikotde.com\/hr\/wp-json\/wp\/v2\/product\/4367","targetHints":{"allow":["GET"]}}],"collection":[{"href":"https:\/\/www.billigtrikotde.com\/hr\/wp-json\/wp\/v2\/product"}],"about":[{"href":"https:\/\/www.billigtrikotde.com\/hr\/wp-json\/wp\/v2\/types\/product"}],"replies":[{"embeddable":true,"href":"https:\/\/www.billigtrikotde.com\/hr\/wp-json\/wp\/v2\/comments?post=4367"}],"wp:featuredmedia":[{"embeddable":true,"href":"https:\/\/www.billigtrikotde.com\/hr\/wp-json\/wp\/v2\/media\/4407"}],"wp:attachment":[{"href":"https:\/\/www.billigtrikotde.com\/hr\/wp-json\/wp\/v2\/media?parent=4367"}],"wp:term":[{"taxonomy":"product_brand","embeddable":true,"href":"https:\/\/www.billigtrikotde.com\/hr\/wp-json\/wp\/v2\/product_brand?post=4367"},{"taxonomy":"product_cat","embeddable":true,"href":"https:\/\/www.billigtrikotde.com\/hr\/wp-json\/wp\/v2\/product_cat?post=4367"},{"taxonomy":"product_tag","embeddable":true,"href":"https:\/\/www.billigtrikotde.com\/hr\/wp-json\/wp\/v2\/product_tag?post=4367"}],"curies":[{"name":"wp","href":"https:\/\/api.w.org\/{rel}","templated":true}]}}