{"id":4233,"date":"2024-10-23T15:39:47","date_gmt":"2024-10-23T13:39:47","guid":{"rendered":"http:\/\/billigtrikots.com\/?post_type=product&#038;p=4233"},"modified":"2024-10-23T15:42:10","modified_gmt":"2024-10-23T13:42:10","slug":"los-angeles-galaxy-2022-auswaertstrikot-weiss-mit-herbalife-nutrition-aufdruck","status":"publish","type":"product","link":"https:\/\/www.billigtrikotde.com\/hr\/los-angeles-galaxy-2022-auswaertstrikot-weiss-mit-herbalife-nutrition-aufdruck\/","title":{"rendered":"Los Angeles Galaxy 2022 gostuju\u0107i dres bijeli s natpisom Herbalife Nutrition"},"content":{"rendered":"<p>Majica ima dizajn quasar i objavljena je kao majica \u201eCity of Dreams\u201c. Na jock-tag stoje rije\u010di \u201eSolo un La\u201c (postoji samo jedan LA). Herbalife se i dalje pojavljuje na prednjoj strani majice, s Honey na rukavu.<br \/>\nSavjeti za ispis: Ako ime i broj na slici to\u010dno odgovaraju va\u0161im \u017eeljama, ne morate ih ponovno unositi. Ako ne, unesite \u017eeljeno ime i broj.<\/p>\n<p>Savjeti za pranje: Preporu\u010duje se ru\u010dno pranje nogometnih dresova. Ako \u017eelite koristiti perilicu, sjetite se okrenuti dresove naopako prije pranja. Napunite perilicu hladnom vodom i koristite program za osjetljive tkanine kako biste bolje za\u0161titili boje.<\/p>","protected":false},"excerpt":{"rendered":"<p>Dres ima Quasar dizajn i objavljen je kao dres \u201eCity of Dreams\u201c. Na jock-tag se nalaze rije\u010di \u201eSolo un La\u201c (nema samo LA). Herbalife se i dalje pojavljuje na prednjoj strani dresa, s Honey na rukavu. Savjeti za tiskanje: Ako se ime i broj na slici to\u010dno podudaraju s va\u0161im \u017eeljama [...]<\/p>","protected":false},"featured_media":4267,"comment_status":"open","ping_status":"closed","template":"","meta":[],"product_brand":[],"product_cat":[182],"product_tag":[20,21,22,23,24,183,184],"class_list":{"0":"post-4233","1":"product","2":"type-product","3":"status-publish","4":"has-post-thumbnail","6":"product_cat-la-galaxy","7":"product_tag-coole-fussballtrikots","8":"product_tag-fussballtrikot-fuer-herren","9":"product_tag-fussballtrikot-guenstig-kaufen","10":"product_tag-fussballtrikot-kurzarm","11":"product_tag-guenstiges-fussballtrikot","12":"product_tag-la-galaxy-away-shirt","13":"product_tag-la-galaxy-trikots","15":"first","16":"instock","17":"shipping-taxable","18":"purchasable","19":"product-type-variable"},"_links":{"self":[{"href":"https:\/\/www.billigtrikotde.com\/hr\/wp-json\/wp\/v2\/product\/4233","targetHints":{"allow":["GET"]}}],"collection":[{"href":"https:\/\/www.billigtrikotde.com\/hr\/wp-json\/wp\/v2\/product"}],"about":[{"href":"https:\/\/www.billigtrikotde.com\/hr\/wp-json\/wp\/v2\/types\/product"}],"replies":[{"embeddable":true,"href":"https:\/\/www.billigtrikotde.com\/hr\/wp-json\/wp\/v2\/comments?post=4233"}],"wp:featuredmedia":[{"embeddable":true,"href":"https:\/\/www.billigtrikotde.com\/hr\/wp-json\/wp\/v2\/media\/4267"}],"wp:attachment":[{"href":"https:\/\/www.billigtrikotde.com\/hr\/wp-json\/wp\/v2\/media?parent=4233"}],"wp:term":[{"taxonomy":"product_brand","embeddable":true,"href":"https:\/\/www.billigtrikotde.com\/hr\/wp-json\/wp\/v2\/product_brand?post=4233"},{"taxonomy":"product_cat","embeddable":true,"href":"https:\/\/www.billigtrikotde.com\/hr\/wp-json\/wp\/v2\/product_cat?post=4233"},{"taxonomy":"product_tag","embeddable":true,"href":"https:\/\/www.billigtrikotde.com\/hr\/wp-json\/wp\/v2\/product_tag?post=4233"}],"curies":[{"name":"wp","href":"https:\/\/api.w.org\/{rel}","templated":true}]}}