{"id":4135,"date":"2024-10-23T15:35:21","date_gmt":"2024-10-23T13:35:21","guid":{"rendered":"http:\/\/billigtrikots.com\/?post_type=product&#038;p=4135"},"modified":"2025-06-16T16:03:56","modified_gmt":"2025-06-16T14:03:56","slug":"juventus-turin-herren-auswaertstrikot-2022-23-schwarz-weiss-mit-aufdruck-buffon-77","status":"publish","type":"product","link":"https:\/\/www.billigtrikotde.com\/hr\/juventus-turin-herren-auswaertstrikot-2022-23-schwarz-weiss-mit-aufdruck-buffon-77\/","title":{"rendered":"Juventus Torino Mu\u0161ka gostuju\u0107a majica 2022\/23 crno-bijela s natpisom Buffon 77"},"content":{"rendered":"<p>Potpuno novi mu\u0161ki gostuju\u0107i dres Juventusa Torino nosi, kao i uvijek, ponosni grb kluba na prsima i ukra\u0161en je logom adidas, dizajnom s 3 pruge i slu\u017ebenim natpisom sponzora.<\/p>\n<p>Izra\u0111en od mekanog Aeroready materijala, novi JUVE mu\u0161ki dres pru\u017ea optimalno upravljanje toplinom i vlagom, \u010dime osigurava uvijek suh osje\u0107aj pri no\u0161enju. S rebrastim ovratnikom i \u0161irim krojem od samog igra\u010dkog dresa, pru\u017ea ti i najve\u0107u slobodu kretanja u svim smjerovima kako bi uvijek bio spreman za performanse \u2013 bilo na stadionu, u slobodno vrijeme ili tijekom vlastitog treninga.<\/p>\n<p>Savjeti za ispis: Ako ime i broj na slici to\u010dno odgovaraju va\u0161im \u017eeljama, ne morate ih ponovno unositi. Ako ne, unesite \u017eeljeno ime i broj.<\/p>\n<p>Savjeti za pranje: preporu\u010duje se ru\u010dno pranje nogometnih dresova. Ako \u017eelite koristiti perilicu rublja, imajte na umu da nogometne dresove okrenete na drugu stranu prije pranja.<\/p>","protected":false},"excerpt":{"rendered":"<p>Potpuno novi mu\u0161ki gostuju\u0107i dres Juventusa Turin naravno, kao i uvijek, nosi ponosni klubovski grb na lijevoj strani srca i ukra\u0161en je logom adidas, dizajnom s 3 pruge i slu\u017ebenim natpisom sponzora. Izra\u0111en od mekanog materijala Aeroready, novi JUVE mu\u0161ki dres pru\u017ea optimalno upravljanje toplinom i vlagom, \u010dime osigurava uvijek [...]<\/p>","protected":false},"featured_media":4180,"comment_status":"open","ping_status":"closed","template":"","meta":[],"product_brand":[],"product_cat":[59],"product_tag":[20,38,21,24,150,61],"class_list":{"0":"post-4135","1":"product","2":"type-product","3":"status-publish","4":"has-post-thumbnail","6":"product_cat-juventus","7":"product_tag-coole-fussballtrikots","8":"product_tag-fussball-trikot-langarm","9":"product_tag-fussballtrikot-fuer-herren","10":"product_tag-guenstiges-fussballtrikot","11":"product_tag-juventus-auswaertstrikot","12":"product_tag-juventus-trikots","14":"first","15":"instock","16":"shipping-taxable","17":"purchasable","18":"product-type-variable"},"_links":{"self":[{"href":"https:\/\/www.billigtrikotde.com\/hr\/wp-json\/wp\/v2\/product\/4135","targetHints":{"allow":["GET"]}}],"collection":[{"href":"https:\/\/www.billigtrikotde.com\/hr\/wp-json\/wp\/v2\/product"}],"about":[{"href":"https:\/\/www.billigtrikotde.com\/hr\/wp-json\/wp\/v2\/types\/product"}],"replies":[{"embeddable":true,"href":"https:\/\/www.billigtrikotde.com\/hr\/wp-json\/wp\/v2\/comments?post=4135"}],"wp:featuredmedia":[{"embeddable":true,"href":"https:\/\/www.billigtrikotde.com\/hr\/wp-json\/wp\/v2\/media\/4180"}],"wp:attachment":[{"href":"https:\/\/www.billigtrikotde.com\/hr\/wp-json\/wp\/v2\/media?parent=4135"}],"wp:term":[{"taxonomy":"product_brand","embeddable":true,"href":"https:\/\/www.billigtrikotde.com\/hr\/wp-json\/wp\/v2\/product_brand?post=4135"},{"taxonomy":"product_cat","embeddable":true,"href":"https:\/\/www.billigtrikotde.com\/hr\/wp-json\/wp\/v2\/product_cat?post=4135"},{"taxonomy":"product_tag","embeddable":true,"href":"https:\/\/www.billigtrikotde.com\/hr\/wp-json\/wp\/v2\/product_tag?post=4135"}],"curies":[{"name":"wp","href":"https:\/\/api.w.org\/{rel}","templated":true}]}}