{"id":4126,"date":"2024-10-23T15:34:49","date_gmt":"2024-10-23T13:34:49","guid":{"rendered":"http:\/\/billigtrikots.com\/?post_type=product&#038;p=4126"},"modified":"2024-10-23T15:37:23","modified_gmt":"2024-10-23T13:37:23","slug":"herren-trikotsatz-kurzarm-boca-juniors-2021-22-heimtrikot-blau","status":"publish","type":"product","link":"https:\/\/www.billigtrikotde.com\/hr\/herren-trikotsatz-kurzarm-boca-juniors-2021-22-heimtrikot-blau\/","title":{"rendered":"Mu\u0161ki komplet dresova s kratkim rukavima Boca Juniors 2021\/22 doma\u0107i dres plavi"},"content":{"rendered":"<p>1981. Eine Fu\u00dfball-Legende gibt ihr Deb\u00fct bei den Boca Juniors und ihr Trikot bekommt daraufhin bei dem Verein einen ganz besonderen Status. Vierzig Jahre sp\u00e4ter feiert adidas diese einzigartige Verbindung mit einer Neuauflage des Klassikers mit dem aufgeflockten Vier-Sterne-Logo. Das Design f\u00fcr Fans ist aus weichem Material mit feuchtigkeitsabsorbierender AEROREADY Technologie und garantiert ein angenehm trockenes und bequemes Tragegef\u00fchl.Dieses Produkt ist Primegreen: hergestellt mit verschiedenen, funktionalen Recyclingmaterialien.<\/p>\n<p>Savjeti za ispis: Ako ime i broj na slici to\u010dno odgovaraju va\u0161im \u017eeljama, ne morate ih ponovno unositi. Ako ne, unesite \u017eeljeno ime i broj.<\/p>\n<p>Savjeti za pranje: Preporu\u010duje se ru\u010dno pranje nogometnih dresova. Ako \u017eelite koristiti perilicu, sjetite se okrenuti dresove naopako prije pranja. Napunite perilicu hladnom vodom i koristite program za osjetljive tkanine kako biste bolje za\u0161titili boje.<\/p>","protected":false},"excerpt":{"rendered":"<p>1981. Godina. Nogometna legenda debitira za Boca Juniors i njezin dres dobiva posebno zna\u010denje u klubu. \u010cetrdeset godina kasnije adidas proslavlja ovu jedinstvenu vezu s rereprodukcijom klasika s utkanim \u010detiri zvjezdice logom. Dizajn za navija\u010de izra\u0111en je od mekog materijala s tehnologijom AEROREADY koja upija vlage i jam\u010di ugodan [\u2026]<\/p>","protected":false},"featured_media":4169,"comment_status":"open","ping_status":"closed","template":"","meta":[],"product_brand":[],"product_cat":[15],"product_tag":[20,208,207,21,22,23,24],"class_list":{"0":"post-4126","1":"product","2":"type-product","3":"status-publish","4":"has-post-thumbnail","6":"product_cat-unkategorisiert","7":"product_tag-coole-fussballtrikots","8":"product_tag-boca-juniors-heimtrikot","9":"product_tag-boca-juniors-trikots","10":"product_tag-fussballtrikot-fuer-herren","11":"product_tag-fussballtrikot-guenstig-kaufen","12":"product_tag-fussballtrikot-kurzarm","13":"product_tag-guenstiges-fussballtrikot","15":"first","16":"instock","17":"shipping-taxable","18":"purchasable","19":"product-type-variable"},"_links":{"self":[{"href":"https:\/\/www.billigtrikotde.com\/hr\/wp-json\/wp\/v2\/product\/4126","targetHints":{"allow":["GET"]}}],"collection":[{"href":"https:\/\/www.billigtrikotde.com\/hr\/wp-json\/wp\/v2\/product"}],"about":[{"href":"https:\/\/www.billigtrikotde.com\/hr\/wp-json\/wp\/v2\/types\/product"}],"replies":[{"embeddable":true,"href":"https:\/\/www.billigtrikotde.com\/hr\/wp-json\/wp\/v2\/comments?post=4126"}],"wp:featuredmedia":[{"embeddable":true,"href":"https:\/\/www.billigtrikotde.com\/hr\/wp-json\/wp\/v2\/media\/4169"}],"wp:attachment":[{"href":"https:\/\/www.billigtrikotde.com\/hr\/wp-json\/wp\/v2\/media?parent=4126"}],"wp:term":[{"taxonomy":"product_brand","embeddable":true,"href":"https:\/\/www.billigtrikotde.com\/hr\/wp-json\/wp\/v2\/product_brand?post=4126"},{"taxonomy":"product_cat","embeddable":true,"href":"https:\/\/www.billigtrikotde.com\/hr\/wp-json\/wp\/v2\/product_cat?post=4126"},{"taxonomy":"product_tag","embeddable":true,"href":"https:\/\/www.billigtrikotde.com\/hr\/wp-json\/wp\/v2\/product_tag?post=4126"}],"curies":[{"name":"wp","href":"https:\/\/api.w.org\/{rel}","templated":true}]}}