{"id":4119,"date":"2024-10-23T15:34:20","date_gmt":"2024-10-23T13:34:20","guid":{"rendered":"http:\/\/billigtrikots.com\/?post_type=product&#038;p=4119"},"modified":"2024-10-23T15:36:50","modified_gmt":"2024-10-23T13:36:50","slug":"as-rom-ausweichtrikot-2021-22-bestellen-gelb-und-dunkelblau","status":"publish","type":"product","link":"https:\/\/www.billigtrikotde.com\/hr\/as-rom-ausweichtrikot-2021-22-bestellen-gelb-und-dunkelblau\/","title":{"rendered":"AS Roma zamjenski dres 2021\/22 naru\u010diti \u017eut i tamnoplavi"},"content":{"rendered":"<p>AS Romin tre\u0107i nogometni dres za 2021-2022 ne sadr\u017ei a\u017eurirani klupski logo na lijevoj prsa, ve\u0107 tzv. Lupetto logo. Ovo je logo koje se isti\u010de kroz glavu vuka i bilo je logo AS Roma u razdoblju 1977-1997. Osim toga, sve boje kluba AS Roma su ugra\u0111ene u dres te su te boje s tamnoplavom dopunjene. Tijelo skupa je \u017euto i ozna\u010deno dijagonalnim tamnoplavim i burgundastim pojasom od lijevog ramena do donjeg desnog ugla skupa. Taj pojas su okru\u017eene tanje linije u istim bojama. Rukavi dresa su plavi i na donjem dijelu imaju crveni pojas. Ovaj pojas ima \u017eutu grafiku New Balance. Ovo je grafika sastavljena od izra\u017eenih pruga, inspiriranih prugama New Balance logotipa. Na desnom prsu nalazi se logotip ameri\u010dkog sportskog branda u tamnoplavi boji i glavni sponzor Digitalbits krasi sredinu dresa bijelom bojom. Ime kluba je ukra\u0161eno na potiljku na stra\u017enjoj strani dresa, a pod-sponzor Hyundai nalazi se na dnu stra\u017enje strane nogometnog dresa. Dres zavr\u0161avaju \u017euti nogometni \u0161orcevi s crvenim dijelom na bokovima. \u010carape su tako\u0111er \u017eute i sadr\u017ee i tamnoplavi i crveni pojas. Crveni pojas sadr\u017ei NB logotip i naziv kluba.<\/p>\n<p>Kao i svi New Balance dresovi, nogometni dresovi AS Roma opremljeni su NB Dry tehnologijom. Ovaj sustav je usa\u0111en u materijal (100% Polyester) uniforme i osigurava savr\u0161eni odvla\u010denje vlage i ventilaciju.<\/p>\n<p>Savjeti za ispis: Ako ime i broj na slici to\u010dno odgovaraju va\u0161im \u017eeljama, ne morate ih ponovno unositi. Ako ne, unesite \u017eeljeno ime i broj.<\/p>\n<p>Savjeti za pranje: Preporu\u010duje se ru\u010dno pranje nogometnih dresova. Ako \u017eelite koristiti perilicu, sjetite se okrenuti dresove naopako prije pranja. Napunite perilicu hladnom vodom i koristite program za osjetljive tkanine kako biste bolje za\u0161titili boje.<\/p>","protected":false},"excerpt":{"rendered":"<p>Das AS Rom 3. Fu\u00dfballtrikot 2021-2022 enth\u00e4lt nicht das aktuelle Vereinslogo auf der linken Brust, sondern das sogenannte Lupetto-Logo. Dieses Logo zeichnet sich durch den Kopf eines Wolfes aus und war im Zeitraum 1977-1997 das Logo der AS Roma. Dar\u00fcber hinaus wurden alle Vereinsfarben des AS Roma in das Trikot eingearbeitet und diese Farben mit [&hellip;]<\/p>","protected":false},"featured_media":4167,"comment_status":"open","ping_status":"closed","template":"","meta":[],"product_brand":[],"product_cat":[85],"product_tag":[205,87,20,21,22,23,24],"class_list":{"0":"post-4119","1":"product","2":"type-product","3":"status-publish","4":"has-post-thumbnail","6":"product_cat-as-roma","7":"product_tag-as-rom-ausweichtrikot","8":"product_tag-as-roma-trikots","9":"product_tag-coole-fussballtrikots","10":"product_tag-fussballtrikot-fuer-herren","11":"product_tag-fussballtrikot-guenstig-kaufen","12":"product_tag-fussballtrikot-kurzarm","13":"product_tag-guenstiges-fussballtrikot","15":"first","16":"instock","17":"shipping-taxable","18":"purchasable","19":"product-type-variable"},"_links":{"self":[{"href":"https:\/\/www.billigtrikotde.com\/hr\/wp-json\/wp\/v2\/product\/4119","targetHints":{"allow":["GET"]}}],"collection":[{"href":"https:\/\/www.billigtrikotde.com\/hr\/wp-json\/wp\/v2\/product"}],"about":[{"href":"https:\/\/www.billigtrikotde.com\/hr\/wp-json\/wp\/v2\/types\/product"}],"replies":[{"embeddable":true,"href":"https:\/\/www.billigtrikotde.com\/hr\/wp-json\/wp\/v2\/comments?post=4119"}],"wp:featuredmedia":[{"embeddable":true,"href":"https:\/\/www.billigtrikotde.com\/hr\/wp-json\/wp\/v2\/media\/4167"}],"wp:attachment":[{"href":"https:\/\/www.billigtrikotde.com\/hr\/wp-json\/wp\/v2\/media?parent=4119"}],"wp:term":[{"taxonomy":"product_brand","embeddable":true,"href":"https:\/\/www.billigtrikotde.com\/hr\/wp-json\/wp\/v2\/product_brand?post=4119"},{"taxonomy":"product_cat","embeddable":true,"href":"https:\/\/www.billigtrikotde.com\/hr\/wp-json\/wp\/v2\/product_cat?post=4119"},{"taxonomy":"product_tag","embeddable":true,"href":"https:\/\/www.billigtrikotde.com\/hr\/wp-json\/wp\/v2\/product_tag?post=4119"}],"curies":[{"name":"wp","href":"https:\/\/api.w.org\/{rel}","templated":true}]}}