{"id":4115,"date":"2024-10-23T15:34:17","date_gmt":"2024-10-23T13:34:17","guid":{"rendered":"http:\/\/billigtrikots.com\/?post_type=product&#038;p=4115"},"modified":"2024-10-23T15:36:49","modified_gmt":"2024-10-23T13:36:49","slug":"trikotsatz-manchester-city-ausweichtrikot-2021-22-dunkelblau-fuer-kinder-3rd-shirt-kids","status":"publish","type":"product","link":"https:\/\/www.billigtrikotde.com\/hr\/trikotsatz-manchester-city-ausweichtrikot-2021-22-dunkelblau-fuer-kinder-3rd-shirt-kids\/","title":{"rendered":"Komplet dresova Manchester City zamjenski dres 2021\/22 tamnoplavi za djecu 3rd majica za djecu"},"content":{"rendered":"<p>S ovim Manchester City FC 2021\/22 izpopunjenim dresom za mu\u0161karce od PUMA mo\u017eete ponovno vratiti prvaka iz HautnahLanda kako biste sve ponovno u\u010dinili. Ovaj standardni fit top u boji Peacoat ima okrugli izrez, kratke rukave i rebraste zavr\u0161etke. Sastoji se od laganog poliesterskog materijala s karakteristi\u010dnom dryCELL tehnologijom za hladan komfor kad je vru\u0107e. S kroz cijeli dizajn ponovljenim ikonskim grbom, ovaj dres s Classic Cat logotipima, sponzorima kluba i Manchester City branding na prsima.<\/p>\n<p>Savjeti za ispis: Ako ime i broj na slici to\u010dno odgovaraju va\u0161im \u017eeljama, ne morate ih ponovno unositi. Ako ne, unesite \u017eeljeno ime i broj.<\/p>\n<p>Savjeti za pranje: Preporu\u010duje se ru\u010dno pranje nogometnih dresova. Ako \u017eelite koristiti perilicu, sjetite se okrenuti dresove naopako prije pranja. Napunite perilicu hladnom vodom i koristite program za osjetljive tkanine kako biste bolje za\u0161titili boje.<\/p>","protected":false},"excerpt":{"rendered":"<p>S ovim Manchester City FC 2021\/22 odjevnim dresom za mu\u0161karce iz PUMA-e mo\u017eete vratiti prvake iz blizine kako biste sve ponovno do\u017eivjeli. Ovaj standardni top \u0161irokog kroja u boji Peacoat ima okrugli izrez, kratke rukave i rebraste zavr\u0161etke. Sastoji se od lagane poliesterske tkanine s karakteristi\u010dnom dryCELL tehnologijom za rashla\u0111uju\u0107i komfor kad postane vru\u0107e. S onim [\u2026]<\/p>","protected":false},"featured_media":4159,"comment_status":"open","ping_status":"closed","template":"","meta":[],"product_brand":[],"product_cat":[144],"product_tag":[20,94,203,84,145],"class_list":{"0":"post-4115","1":"product","2":"type-product","3":"status-publish","4":"has-post-thumbnail","6":"product_cat-manchester-city-kindertrikot","7":"product_tag-coole-fussballtrikots","8":"product_tag-kinder-fussball-trikotsatz","9":"product_tag-manchester-city-ausweichtrikot","10":"product_tag-manchester-city-trikots","11":"product_tag-manchester-city-trikotsatz-fuer-kinder","13":"first","14":"instock","15":"shipping-taxable","16":"purchasable","17":"product-type-variable"},"_links":{"self":[{"href":"https:\/\/www.billigtrikotde.com\/hr\/wp-json\/wp\/v2\/product\/4115","targetHints":{"allow":["GET"]}}],"collection":[{"href":"https:\/\/www.billigtrikotde.com\/hr\/wp-json\/wp\/v2\/product"}],"about":[{"href":"https:\/\/www.billigtrikotde.com\/hr\/wp-json\/wp\/v2\/types\/product"}],"replies":[{"embeddable":true,"href":"https:\/\/www.billigtrikotde.com\/hr\/wp-json\/wp\/v2\/comments?post=4115"}],"wp:featuredmedia":[{"embeddable":true,"href":"https:\/\/www.billigtrikotde.com\/hr\/wp-json\/wp\/v2\/media\/4159"}],"wp:attachment":[{"href":"https:\/\/www.billigtrikotde.com\/hr\/wp-json\/wp\/v2\/media?parent=4115"}],"wp:term":[{"taxonomy":"product_brand","embeddable":true,"href":"https:\/\/www.billigtrikotde.com\/hr\/wp-json\/wp\/v2\/product_brand?post=4115"},{"taxonomy":"product_cat","embeddable":true,"href":"https:\/\/www.billigtrikotde.com\/hr\/wp-json\/wp\/v2\/product_cat?post=4115"},{"taxonomy":"product_tag","embeddable":true,"href":"https:\/\/www.billigtrikotde.com\/hr\/wp-json\/wp\/v2\/product_tag?post=4115"}],"curies":[{"name":"wp","href":"https:\/\/api.w.org\/{rel}","templated":true}]}}