{"id":4113,"date":"2024-10-23T15:34:15","date_gmt":"2024-10-23T13:34:15","guid":{"rendered":"http:\/\/billigtrikots.com\/?post_type=product&#038;p=4113"},"modified":"2024-10-23T15:36:20","modified_gmt":"2024-10-23T13:36:20","slug":"sporting-cp-2021-22-herren-heimtrikot-weiss-gruen-trikotsatz-kurzarm-kurze-hosen","status":"publish","type":"product","link":"https:\/\/www.billigtrikotde.com\/hr\/sporting-cp-2021-22-herren-heimtrikot-weiss-gruen-trikotsatz-kurzarm-kurze-hosen\/","title":{"rendered":"Sporting CP 2021\/22 mu\u0161ki doma\u0107i dres bijeli i zeleni komplet s kratkim rukavima + kratke hla\u010de"},"content":{"rendered":"<p>S slu\u017ebenom doma\u0107om majicom Hrvatske za mu\u0161karce isti\u010de\u0161 svoju pripadnost i podr\u017eava\u0161 svoj tim na Europskom prvenstvu 2021. Materijal Nike Breathe s Dri-FIT tehnologijom pru\u017ea ugodan osje\u0107aj suho\u0107e, bilo na terenu ili dok navija\u0161 s tribina. Klasi\u010dne zna\u010dajke poput grba saveza na prsima potvr\u0111uju tvoju strast prema hrvatskoj reprezentaciji.<\/p>\n<p>Savjeti za ispis: Ako ime i broj na slici to\u010dno odgovaraju va\u0161im \u017eeljama, ne morate ih ponovno unositi. Ako ne, unesite \u017eeljeno ime i broj.<\/p>\n<p>Savjeti za pranje: Preporu\u010duje se ru\u010dno pranje nogometnih dresova. Ako \u017eelite koristiti perilicu, sjetite se okrenuti dresove naopako prije pranja. Napunite perilicu hladnom vodom i koristite program za osjetljive tkanine kako biste bolje za\u0161titili boje.<\/p>","protected":false},"excerpt":{"rendered":"<p>S slu\u017ebenom doma\u0107om majicom Hrvatske za mu\u0161karce isti\u010de\u0161 svoju pripadnost i podr\u017eava\u0161 svoj tim na Europskom prvenstvu 2021. Materijal Nike Breathe s Dri-FIT tehnologijom pru\u017ea ugodan osje\u0107aj suho\u0107e, bilo na terenu ili dok navija\u0161 s tribina. Klasi\u010dne zna\u010dajke poput grba saveza na prsima potvr\u0111uju tvoju strast prema hrvatskoj reprezentaciji.<\/p>","protected":false},"featured_media":4158,"comment_status":"open","ping_status":"closed","template":"","meta":[],"product_brand":[],"product_cat":[15],"product_tag":[20,21,22,23,24,201,202],"class_list":{"0":"post-4113","1":"product","2":"type-product","3":"status-publish","4":"has-post-thumbnail","6":"product_cat-unkategorisiert","7":"product_tag-coole-fussballtrikots","8":"product_tag-fussballtrikot-fuer-herren","9":"product_tag-fussballtrikot-guenstig-kaufen","10":"product_tag-fussballtrikot-kurzarm","11":"product_tag-guenstiges-fussballtrikot","12":"product_tag-sporting-cp-heimtrikot","13":"product_tag-sporting-cp-trikots","15":"first","16":"instock","17":"shipping-taxable","18":"purchasable","19":"product-type-variable"},"_links":{"self":[{"href":"https:\/\/www.billigtrikotde.com\/hr\/wp-json\/wp\/v2\/product\/4113","targetHints":{"allow":["GET"]}}],"collection":[{"href":"https:\/\/www.billigtrikotde.com\/hr\/wp-json\/wp\/v2\/product"}],"about":[{"href":"https:\/\/www.billigtrikotde.com\/hr\/wp-json\/wp\/v2\/types\/product"}],"replies":[{"embeddable":true,"href":"https:\/\/www.billigtrikotde.com\/hr\/wp-json\/wp\/v2\/comments?post=4113"}],"wp:featuredmedia":[{"embeddable":true,"href":"https:\/\/www.billigtrikotde.com\/hr\/wp-json\/wp\/v2\/media\/4158"}],"wp:attachment":[{"href":"https:\/\/www.billigtrikotde.com\/hr\/wp-json\/wp\/v2\/media?parent=4113"}],"wp:term":[{"taxonomy":"product_brand","embeddable":true,"href":"https:\/\/www.billigtrikotde.com\/hr\/wp-json\/wp\/v2\/product_brand?post=4113"},{"taxonomy":"product_cat","embeddable":true,"href":"https:\/\/www.billigtrikotde.com\/hr\/wp-json\/wp\/v2\/product_cat?post=4113"},{"taxonomy":"product_tag","embeddable":true,"href":"https:\/\/www.billigtrikotde.com\/hr\/wp-json\/wp\/v2\/product_tag?post=4113"}],"curies":[{"name":"wp","href":"https:\/\/api.w.org\/{rel}","templated":true}]}}