{"id":4106,"date":"2024-10-23T15:33:46","date_gmt":"2024-10-23T13:33:46","guid":{"rendered":"http:\/\/billigtrikots.com\/?post_type=product&#038;p=4106"},"modified":"2024-10-23T15:36:19","modified_gmt":"2024-10-23T13:36:19","slug":"heimtrikot-atletico-madrid-stadion-2021-22-rot-weiss","status":"publish","type":"product","link":"https:\/\/www.billigtrikotde.com\/hr\/heimtrikot-atletico-madrid-stadion-2021-22-rot-weiss\/","title":{"rendered":"Doma\u0107i dres Atl\u00e9tico Madrid Stadion 2021\/22 crveno-bijeli"},"content":{"rendered":"<p>Kao i ostali dresovi iz na\u0161e kolekcije stadion, dres Atl\u00e9tico Madrid ponovno kombinira ponovljive detalje dizajna s materijalom koji odvodi znoj, pru\u017eaju\u0107i vam izgled spreman za igru, inspiriran va\u0161im omiljenim timom.<\/p>\n<p>Nike Dri-FIT tehnologija odvodi znoj s ko\u017ee i omogu\u0107ava br\u017eu evaporaciju, \u010dime ostajete suhi i udobni.<br \/>\nReplika dizajn inspiriran je onim \u0161to profesionalci nose na terenu.<\/p>\n<p>Savjeti za ispis: Ako ime i broj na slici to\u010dno odgovaraju va\u0161im \u017eeljama, ne morate ih ponovno unositi. Ako ne, unesite \u017eeljeno ime i broj.<\/p>\n<p>Savjeti za pranje: Preporu\u010duje se ru\u010dno pranje nogometnih dresova. Ako \u017eelite koristiti perilicu, sjetite se okrenuti dresove naopako prije pranja. Napunite perilicu hladnom vodom i koristite program za osjetljive tkanine kako biste bolje za\u0161titili boje.<\/p>","protected":false},"excerpt":{"rendered":"<p>Kao i ostali dresovi iz na\u0161e kolekcije stadiona, dres Atletico Madrid ponovno kombinira ponovljive dizajnerske detalje s materijalom koji odvodi znoj, pru\u017eaju\u0107i vam izgled spreman za igru, inspiriran va\u0161im omiljenim timom. Nike Dri-FIT tehnologija odvodi znoj s ko\u017ee i omogu\u0107ava br\u017eu evaporaciju, \u010dime ostajete suhi i udobni. Replika dizajn inspiriran je [...]<\/p>","protected":false},"featured_media":4154,"comment_status":"open","ping_status":"closed","template":"","meta":[],"product_brand":[],"product_cat":[88],"product_tag":[89,90,20,21,22,23,24],"class_list":{"0":"post-4106","1":"product","2":"type-product","3":"status-publish","4":"has-post-thumbnail","6":"product_cat-atletico-madrid","7":"product_tag-atletico-madrid-heimtrikot","8":"product_tag-atletico-madrid-trikots","9":"product_tag-coole-fussballtrikots","10":"product_tag-fussballtrikot-fuer-herren","11":"product_tag-fussballtrikot-guenstig-kaufen","12":"product_tag-fussballtrikot-kurzarm","13":"product_tag-guenstiges-fussballtrikot","15":"first","16":"instock","17":"shipping-taxable","18":"purchasable","19":"product-type-variable"},"_links":{"self":[{"href":"https:\/\/www.billigtrikotde.com\/hr\/wp-json\/wp\/v2\/product\/4106","targetHints":{"allow":["GET"]}}],"collection":[{"href":"https:\/\/www.billigtrikotde.com\/hr\/wp-json\/wp\/v2\/product"}],"about":[{"href":"https:\/\/www.billigtrikotde.com\/hr\/wp-json\/wp\/v2\/types\/product"}],"replies":[{"embeddable":true,"href":"https:\/\/www.billigtrikotde.com\/hr\/wp-json\/wp\/v2\/comments?post=4106"}],"wp:featuredmedia":[{"embeddable":true,"href":"https:\/\/www.billigtrikotde.com\/hr\/wp-json\/wp\/v2\/media\/4154"}],"wp:attachment":[{"href":"https:\/\/www.billigtrikotde.com\/hr\/wp-json\/wp\/v2\/media?parent=4106"}],"wp:term":[{"taxonomy":"product_brand","embeddable":true,"href":"https:\/\/www.billigtrikotde.com\/hr\/wp-json\/wp\/v2\/product_brand?post=4106"},{"taxonomy":"product_cat","embeddable":true,"href":"https:\/\/www.billigtrikotde.com\/hr\/wp-json\/wp\/v2\/product_cat?post=4106"},{"taxonomy":"product_tag","embeddable":true,"href":"https:\/\/www.billigtrikotde.com\/hr\/wp-json\/wp\/v2\/product_tag?post=4106"}],"curies":[{"name":"wp","href":"https:\/\/api.w.org\/{rel}","templated":true}]}}