{"id":4082,"date":"2024-10-23T15:32:37","date_gmt":"2024-10-23T13:32:37","guid":{"rendered":"http:\/\/billigtrikots.com\/?post_type=product&#038;p=4082"},"modified":"2024-10-23T15:34:44","modified_gmt":"2024-10-23T13:34:44","slug":"fussball-trikotsatz-atletico-madrid-2021-22-heimtrikot-in-rot-mit-aufdruck-hermoso-22","status":"publish","type":"product","link":"https:\/\/www.billigtrikotde.com\/hr\/fussball-trikotsatz-atletico-madrid-2021-22-heimtrikot-in-rot-mit-aufdruck-hermoso-22\/","title":{"rendered":"Fudbalski komplet dresova Atletico Madrid 2021\/22 doma\u0107i dres u crvenoj boji s natpisom HERMOSO 22"},"content":{"rendered":"<p>S dresom u crvenoj boji Nike predstavlja proizvod kojim mo\u017eete podr\u017eati svoj omiljeni klub u dobrim i lo\u0161im vremenima s puno srca i predanosti. Svaki strastveni navija\u010d Atletico Madrida treba ovaj doma\u0107i dres, jer ga i igra\u010di nose u La Ligi. On je prozra\u010dan, udoban i lagan. Izvrsni izgled ovog sportskog topa isti\u010de grb kluba na prsima. S ovim sportskim topom savr\u0161eno ste pripremljeni za svaki trening i utakmicu. Ovaj crveni sportski top s prugastim uzorkom isti\u010de va\u0161 stil.<\/p>\n<p>Savjeti za ispis: Ako ime i broj na slici to\u010dno odgovaraju va\u0161im \u017eeljama, ne morate ih ponovno unositi. Ako ne, unesite \u017eeljeno ime i broj.<\/p>\n<p>Savjeti za pranje: Preporu\u010duje se ru\u010dno pranje nogometnih dresova. Ako \u017eelite koristiti perilicu, sjetite se okrenuti dresove naopako prije pranja. Napunite perilicu hladnom vodom i koristite program za osjetljive tkanine kako biste bolje za\u0161titili boje.<\/p>\n<p>Ocjene<\/p>","protected":false},"excerpt":{"rendered":"<p>S dresom u crvenoj boji, Nike predstavlja proizvod kojim mo\u017eete podr\u017eati svoj omiljeni klub u dobrim i lo\u0161im vremenima s puno srca i predanosti. Svaki strastveni navija\u010d Atletico Madrida treba ovaj doma\u0107i dres, jer ga i igra\u010di nose u Primeri. On je prozra\u010dan, udoban i lagan. Odli\u010dan izgled [\u2026]<\/p>","protected":false},"featured_media":4122,"comment_status":"open","ping_status":"closed","template":"","meta":[],"product_brand":[],"product_cat":[88],"product_tag":[89,90,20,21,22,23,24],"class_list":{"0":"post-4082","1":"product","2":"type-product","3":"status-publish","4":"has-post-thumbnail","6":"product_cat-atletico-madrid","7":"product_tag-atletico-madrid-heimtrikot","8":"product_tag-atletico-madrid-trikots","9":"product_tag-coole-fussballtrikots","10":"product_tag-fussballtrikot-fuer-herren","11":"product_tag-fussballtrikot-guenstig-kaufen","12":"product_tag-fussballtrikot-kurzarm","13":"product_tag-guenstiges-fussballtrikot","15":"first","16":"instock","17":"shipping-taxable","18":"purchasable","19":"product-type-variable"},"_links":{"self":[{"href":"https:\/\/www.billigtrikotde.com\/hr\/wp-json\/wp\/v2\/product\/4082","targetHints":{"allow":["GET"]}}],"collection":[{"href":"https:\/\/www.billigtrikotde.com\/hr\/wp-json\/wp\/v2\/product"}],"about":[{"href":"https:\/\/www.billigtrikotde.com\/hr\/wp-json\/wp\/v2\/types\/product"}],"replies":[{"embeddable":true,"href":"https:\/\/www.billigtrikotde.com\/hr\/wp-json\/wp\/v2\/comments?post=4082"}],"wp:featuredmedia":[{"embeddable":true,"href":"https:\/\/www.billigtrikotde.com\/hr\/wp-json\/wp\/v2\/media\/4122"}],"wp:attachment":[{"href":"https:\/\/www.billigtrikotde.com\/hr\/wp-json\/wp\/v2\/media?parent=4082"}],"wp:term":[{"taxonomy":"product_brand","embeddable":true,"href":"https:\/\/www.billigtrikotde.com\/hr\/wp-json\/wp\/v2\/product_brand?post=4082"},{"taxonomy":"product_cat","embeddable":true,"href":"https:\/\/www.billigtrikotde.com\/hr\/wp-json\/wp\/v2\/product_cat?post=4082"},{"taxonomy":"product_tag","embeddable":true,"href":"https:\/\/www.billigtrikotde.com\/hr\/wp-json\/wp\/v2\/product_tag?post=4082"}],"curies":[{"name":"wp","href":"https:\/\/api.w.org\/{rel}","templated":true}]}}