{"id":4066,"date":"2024-10-23T15:32:00","date_gmt":"2024-10-23T13:32:00","guid":{"rendered":"http:\/\/billigtrikots.com\/?post_type=product&#038;p=4066"},"modified":"2024-10-23T15:34:10","modified_gmt":"2024-10-23T13:34:10","slug":"atletico-madrid-auswaertstrikot-2021-2022-marineblau-und-pink-kurzarm-kurze-hosen","status":"publish","type":"product","link":"https:\/\/www.billigtrikotde.com\/hr\/atletico-madrid-auswaertstrikot-2021-2022-marineblau-und-pink-kurzarm-kurze-hosen\/","title":{"rendered":"Atl\u00e9tico Madrid gostuju\u0107i dres 2021\/2022 mornar plava i ru\u017ei\u010dasta kratkih rukava + kratke hla\u010de"},"content":{"rendered":"<p>Hol dir JETZT das brandneue Nike Atl\u00e9tico Madrid Herren Ausw\u00e4rts Trikot 2021\/22 und kr\u00f6ne dich im originalen Stil der Ausnahmetalente! Ab sofort vereinst du Stilsicherheit mit Support, damit deine Helden deine ganze Zuneugung sp\u00fcren!<\/p>\n<p>Mit der innovativen Nike Dri-FIT Technologie ausgestattet, wird dein Schwei\u00df sofort abgeleitet und du genie\u00dft absolut trockenen Komfort! Somit musst du beim Training oder beim Fanjubel keinen Gedanken an Schwei\u00df verschwenden.<\/p>\n<p>Dank gerippten Ausschnitts liegt das Shirt perfekt an deinen K\u00f6rper an und erm\u00f6glicht eine grandiose Passform, ohne l\u00e4stiges Einschneiden! Das aus 100% Polyester bestehende Shirt ist strapazierf\u00e4hig und formstabil, damit du bei all deinen Bewegungen perfekt unterst\u00fctzt wirst! Das Replica Trikot sieht den Trikots deiner Profis verbl\u00fcffend \u00e4hnlich, ist jedoch etwas weiter geschnitten und gibt dir somit maximale Bewegungsfreiheit!<\/p>\n<p>Besonders beeindruckend ist der stilgetreue Look! Mit dieser Geheimwaffe siehst du deinen Fu\u00dfballidolen zum Verwechseln \u00e4hnlich und kr\u00f6nst dich mit Professionalit\u00e4t! Das authentische Vereinswappen dient als Beweis deiner Loyalit\u00e4t und sorgt mit coolem Nike-Swoosh f\u00fcr einen echten \u201eHingucker\u201c!<\/p>\n<p>Savjeti za ispis: Ako ime i broj na slici to\u010dno odgovaraju va\u0161im \u017eeljama, ne morate ih ponovno unositi. Ako ne, unesite \u017eeljeno ime i broj.<\/p>\n<p>Savjeti za pranje: Preporu\u010duje se ru\u010dno pranje nogometnih dresova. Ako \u017eelite koristiti perilicu, sjetite se okrenuti dresove naopako prije pranja. Napunite perilicu hladnom vodom i koristite program za osjetljive tkanine kako biste bolje za\u0161titili boje.<\/p>","protected":false},"excerpt":{"rendered":"<p>OSVOJI ODMAH novi Nike Atl\u00e9tico Madrid mu\u0161ki gostuju\u0107i dres 2021\/22 i ukrasi se u originalnom stilu izuzetnih talenata! Od sada kombinira\u0161 sigurnost stila s podr\u0161kom, tako da tvoji heroji osjete svu tvoju naklonost! Opremljen inovativnom Nike Dri-FIT tehnologijom, tvoj znoj se odmah odvodi i u\u017eiva\u0161 u potpuno suhoj udobnosti! Stoga mora\u0161 [\u2026]<\/p>","protected":false},"featured_media":4107,"comment_status":"open","ping_status":"closed","template":"","meta":[],"product_brand":[],"product_cat":[88],"product_tag":[200,90,20,21,22,23,24],"class_list":{"0":"post-4066","1":"product","2":"type-product","3":"status-publish","4":"has-post-thumbnail","6":"product_cat-atletico-madrid","7":"product_tag-atletico-madrid-auswaertstrikot","8":"product_tag-atletico-madrid-trikots","9":"product_tag-coole-fussballtrikots","10":"product_tag-fussballtrikot-fuer-herren","11":"product_tag-fussballtrikot-guenstig-kaufen","12":"product_tag-fussballtrikot-kurzarm","13":"product_tag-guenstiges-fussballtrikot","15":"first","16":"instock","17":"shipping-taxable","18":"purchasable","19":"product-type-variable"},"_links":{"self":[{"href":"https:\/\/www.billigtrikotde.com\/hr\/wp-json\/wp\/v2\/product\/4066","targetHints":{"allow":["GET"]}}],"collection":[{"href":"https:\/\/www.billigtrikotde.com\/hr\/wp-json\/wp\/v2\/product"}],"about":[{"href":"https:\/\/www.billigtrikotde.com\/hr\/wp-json\/wp\/v2\/types\/product"}],"replies":[{"embeddable":true,"href":"https:\/\/www.billigtrikotde.com\/hr\/wp-json\/wp\/v2\/comments?post=4066"}],"wp:featuredmedia":[{"embeddable":true,"href":"https:\/\/www.billigtrikotde.com\/hr\/wp-json\/wp\/v2\/media\/4107"}],"wp:attachment":[{"href":"https:\/\/www.billigtrikotde.com\/hr\/wp-json\/wp\/v2\/media?parent=4066"}],"wp:term":[{"taxonomy":"product_brand","embeddable":true,"href":"https:\/\/www.billigtrikotde.com\/hr\/wp-json\/wp\/v2\/product_brand?post=4066"},{"taxonomy":"product_cat","embeddable":true,"href":"https:\/\/www.billigtrikotde.com\/hr\/wp-json\/wp\/v2\/product_cat?post=4066"},{"taxonomy":"product_tag","embeddable":true,"href":"https:\/\/www.billigtrikotde.com\/hr\/wp-json\/wp\/v2\/product_tag?post=4066"}],"curies":[{"name":"wp","href":"https:\/\/api.w.org\/{rel}","templated":true}]}}