{"id":4052,"date":"2024-10-23T15:31:25","date_gmt":"2024-10-23T13:31:25","guid":{"rendered":"http:\/\/billigtrikots.com\/?post_type=product&#038;p=4052"},"modified":"2024-10-23T15:33:32","modified_gmt":"2024-10-23T13:33:32","slug":"fussballkleidung-atletico-madrid-auswaertstrikot-2021-22-dunkelblau-pink-carrasco-21","status":"publish","type":"product","link":"https:\/\/www.billigtrikotde.com\/hr\/fussballkleidung-atletico-madrid-auswaertstrikot-2021-22-dunkelblau-pink-carrasco-21\/","title":{"rendered":"Nogometna odje\u0107a Atl\u00e9tico Madrid gostuju\u0107i dres 2021\/22 tamnoplava\/ru\u017ei\u010dasta Carrasco 21"},"content":{"rendered":"<p>Atl\u00e9tico Madrid 2021\/22 stadion gostuju\u0107i nogometni dres od Nikea prikazuje se u a\u017euriranom dizajnu za gostovanja i kao slu\u017ebena verzija navija\u010dkog izdanja Atl\u00e9tico gostuju\u0107eg dresa s autenti\u010dnim izgledom i detaljima klupskog i logotipa.<\/p>\n<p>Savjeti za ispis: Ako ime i broj na slici to\u010dno odgovaraju va\u0161im \u017eeljama, ne morate ih ponovno unositi. Ako ne, unesite \u017eeljeno ime i broj.<\/p>\n<p>Savjeti za pranje: Preporu\u010duje se ru\u010dno pranje nogometnih dresova. Ako \u017eelite koristiti perilicu, sjetite se okrenuti dresove naopako prije pranja. Napunite perilicu hladnom vodom i koristite program za osjetljive tkanine kako biste bolje za\u0161titili boje.<\/p>","protected":false},"excerpt":{"rendered":"<p>Atl\u00e9tico Madrid 2021\/22 stadion gostuju\u0107i nogometni dres od Nikea prikazuje se u a\u017euriranom gostuju\u0107em dizajnu i kao slu\u017ebena verzija navija\u010da Atl\u00e9tico gostuju\u0107eg dresa ima autenti\u010dan izgled s originalnim detaljima kluba i logotipa. Savjeti za ispis: Ako ime i broj na slici to\u010dno odgovaraju va\u0161im \u017eeljama, ne morate ih ponovno unositi. Ako ne, [\u2026]<\/p>","protected":false},"featured_media":4086,"comment_status":"open","ping_status":"closed","template":"","meta":[],"product_brand":[],"product_cat":[88],"product_tag":[200,90,20,21,22,23,24],"class_list":{"0":"post-4052","1":"product","2":"type-product","3":"status-publish","4":"has-post-thumbnail","6":"product_cat-atletico-madrid","7":"product_tag-atletico-madrid-auswaertstrikot","8":"product_tag-atletico-madrid-trikots","9":"product_tag-coole-fussballtrikots","10":"product_tag-fussballtrikot-fuer-herren","11":"product_tag-fussballtrikot-guenstig-kaufen","12":"product_tag-fussballtrikot-kurzarm","13":"product_tag-guenstiges-fussballtrikot","15":"first","16":"instock","17":"shipping-taxable","18":"purchasable","19":"product-type-variable"},"_links":{"self":[{"href":"https:\/\/www.billigtrikotde.com\/hr\/wp-json\/wp\/v2\/product\/4052","targetHints":{"allow":["GET"]}}],"collection":[{"href":"https:\/\/www.billigtrikotde.com\/hr\/wp-json\/wp\/v2\/product"}],"about":[{"href":"https:\/\/www.billigtrikotde.com\/hr\/wp-json\/wp\/v2\/types\/product"}],"replies":[{"embeddable":true,"href":"https:\/\/www.billigtrikotde.com\/hr\/wp-json\/wp\/v2\/comments?post=4052"}],"wp:featuredmedia":[{"embeddable":true,"href":"https:\/\/www.billigtrikotde.com\/hr\/wp-json\/wp\/v2\/media\/4086"}],"wp:attachment":[{"href":"https:\/\/www.billigtrikotde.com\/hr\/wp-json\/wp\/v2\/media?parent=4052"}],"wp:term":[{"taxonomy":"product_brand","embeddable":true,"href":"https:\/\/www.billigtrikotde.com\/hr\/wp-json\/wp\/v2\/product_brand?post=4052"},{"taxonomy":"product_cat","embeddable":true,"href":"https:\/\/www.billigtrikotde.com\/hr\/wp-json\/wp\/v2\/product_cat?post=4052"},{"taxonomy":"product_tag","embeddable":true,"href":"https:\/\/www.billigtrikotde.com\/hr\/wp-json\/wp\/v2\/product_tag?post=4052"}],"curies":[{"name":"wp","href":"https:\/\/api.w.org\/{rel}","templated":true}]}}