{"id":3996,"date":"2024-10-23T15:28:34","date_gmt":"2024-10-23T13:28:34","guid":{"rendered":"http:\/\/billigtrikots.com\/?post_type=product&#038;p=3996"},"modified":"2024-10-23T15:30:46","modified_gmt":"2024-10-23T13:30:46","slug":"fussball-trikot-atletico-madrid-2021-22-heimtrikot-langarm-kurze-hosen","status":"publish","type":"product","link":"https:\/\/www.billigtrikotde.com\/hr\/fussball-trikot-atletico-madrid-2021-22-heimtrikot-langarm-kurze-hosen\/","title":{"rendered":"Fudbalski dres Atl\u00e9tico Madrid 2021\/22 Heimtrikot Langarm + Kurze Hosen"},"content":{"rendered":"<p>Kao i druga odijela iz na\u0161e Stadium kolekcije, NIKE Atletico Madrid mu\u0161ki doma\u0107i dres 2021\/22 s replika-detaljima dizajna i materijalom koji upija znoj pru\u017ea izgled spreman za igru nadahnut tvojim omiljenim klubom.<\/p>\n<p>Savjeti za ispis: Ako ime i broj na slici to\u010dno odgovaraju va\u0161im \u017eeljama, ne morate ih ponovno unositi. Ako ne, unesite \u017eeljeno ime i broj.<\/p>\n<p>Savjeti za pranje: Preporu\u010duje se ru\u010dno pranje nogometnih dresova. Ako \u017eelite koristiti perilicu, sjetite se okrenuti dresove naopako prije pranja. Napunite perilicu hladnom vodom i koristite program za osjetljive tkanine kako biste bolje za\u0161titili boje.<\/p>","protected":false},"excerpt":{"rendered":"<p>Kao i drugi dresovi iz na\u0161e Stadium kolekcije, NIKE Atletico Madrid mu\u0161ki doma\u0107i dres 2021\/22 s replika-dizajnerskim detaljima i materijalom koji odra\u017eava znoj osigurava izgled spreman za igru, inspiriran tvojom omiljenom mom\u010dadi. Savjeti za tiskanje: Ako se va\u0161e ime i broj na slici to\u010dno podudaraju s va\u0161im \u017eeljama, ne morate ih ponovno unositi. Ako ne, trebali biste [\u2026]<\/p>","protected":false},"featured_media":4037,"comment_status":"open","ping_status":"closed","template":"","meta":[],"product_brand":[],"product_cat":[88],"product_tag":[89,90,20,38,21,24],"class_list":{"0":"post-3996","1":"product","2":"type-product","3":"status-publish","4":"has-post-thumbnail","6":"product_cat-atletico-madrid","7":"product_tag-atletico-madrid-heimtrikot","8":"product_tag-atletico-madrid-trikots","9":"product_tag-coole-fussballtrikots","10":"product_tag-fussball-trikot-langarm","11":"product_tag-fussballtrikot-fuer-herren","12":"product_tag-guenstiges-fussballtrikot","14":"first","15":"instock","16":"shipping-taxable","17":"purchasable","18":"product-type-variable"},"_links":{"self":[{"href":"https:\/\/www.billigtrikotde.com\/hr\/wp-json\/wp\/v2\/product\/3996","targetHints":{"allow":["GET"]}}],"collection":[{"href":"https:\/\/www.billigtrikotde.com\/hr\/wp-json\/wp\/v2\/product"}],"about":[{"href":"https:\/\/www.billigtrikotde.com\/hr\/wp-json\/wp\/v2\/types\/product"}],"replies":[{"embeddable":true,"href":"https:\/\/www.billigtrikotde.com\/hr\/wp-json\/wp\/v2\/comments?post=3996"}],"wp:featuredmedia":[{"embeddable":true,"href":"https:\/\/www.billigtrikotde.com\/hr\/wp-json\/wp\/v2\/media\/4037"}],"wp:attachment":[{"href":"https:\/\/www.billigtrikotde.com\/hr\/wp-json\/wp\/v2\/media?parent=3996"}],"wp:term":[{"taxonomy":"product_brand","embeddable":true,"href":"https:\/\/www.billigtrikotde.com\/hr\/wp-json\/wp\/v2\/product_brand?post=3996"},{"taxonomy":"product_cat","embeddable":true,"href":"https:\/\/www.billigtrikotde.com\/hr\/wp-json\/wp\/v2\/product_cat?post=3996"},{"taxonomy":"product_tag","embeddable":true,"href":"https:\/\/www.billigtrikotde.com\/hr\/wp-json\/wp\/v2\/product_tag?post=3996"}],"curies":[{"name":"wp","href":"https:\/\/api.w.org\/{rel}","templated":true}]}}