{"id":3994,"date":"2024-10-23T15:28:32","date_gmt":"2024-10-23T13:28:32","guid":{"rendered":"http:\/\/billigtrikots.com\/?post_type=product&#038;p=3994"},"modified":"2024-10-23T15:30:45","modified_gmt":"2024-10-23T13:30:45","slug":"los-angeles-fc-lafc-2021-black-gold-replica-jersey","status":"publish","type":"product","link":"https:\/\/www.billigtrikotde.com\/hr\/los-angeles-fc-lafc-2021-black-gold-replica-jersey\/","title":{"rendered":"Los Angeles FC LAFC 2021 Crna zlatna replika dresa"},"content":{"rendered":"<p>Va\u0161 mladi navija\u010d je veliki obo\u017eavatelj LAFC-a i kad god je na terenu, va\u0161e dijete je u ritmu. Pazite da je pravilno opremljeno kupnjom ovog 2021 Primarna replika dresa! Uzbu\u0111uje biti odan navija\u010d LAFC-a i va\u0161e \u0107e dijete biti najvi\u0161e u \u0161irini u ovom adidas dresu s jasnom grafikom mom\u010dadi i tehnologijom AEROREADY koja \u0107e ih odr\u017eati udobnima dok navijaju mom\u010dadi do pobjede.<\/p>\n<p>\u017delimo da navija\u010di slave svoju strast prema klubu personalizacijom i prilago\u0111avanjem odre\u0111enih proizvoda. Za ove proizvode koji se mogu prilagoditi, uklju\u010duju\u0107i dresove, pozivamo kupce da nam ka\u017eu kako \u017eele da se njihovo omiljeno ime ili drugi tekst pojavi tako \u0161to \u0107e taj tekst upisati u ozna\u010deno polje.<\/p>","protected":false},"excerpt":{"rendered":"<p>Va\u0161 mladi navija\u010d je veliki obo\u017eavatelj LAFC-a i kad god su na terenu, va\u0161e dijete je priklju\u010deno. Budite sigurni da su pravilno opremljeni tako \u0161to \u0107ete im nabaviti ovu primarnu repliku majice za 2021. godinu! Uzbudljivo je biti odan navija\u010d LAFC-a, a va\u0161e dijete \u0107e biti najve\u0107i obo\u017eavatelj u ovom adidas dresu, s o\u0161trim timskim [\u2026]<\/p>","protected":false},"featured_media":4035,"comment_status":"open","ping_status":"closed","template":"","meta":[],"product_brand":[],"product_cat":[196],"product_tag":[20,21,22,23,24,197,198,199],"class_list":{"0":"post-3994","1":"product","2":"type-product","3":"status-publish","4":"has-post-thumbnail","6":"product_cat-los-angeles-fc","7":"product_tag-coole-fussballtrikots","8":"product_tag-fussballtrikot-fuer-herren","9":"product_tag-fussballtrikot-guenstig-kaufen","10":"product_tag-fussballtrikot-kurzarm","11":"product_tag-guenstiges-fussballtrikot","12":"product_tag-lafc-jerseys","13":"product_tag-los-angeles-fc-home-replica-jersey","14":"product_tag-replica-jersey","16":"first","17":"instock","18":"shipping-taxable","19":"purchasable","20":"product-type-variable"},"_links":{"self":[{"href":"https:\/\/www.billigtrikotde.com\/hr\/wp-json\/wp\/v2\/product\/3994","targetHints":{"allow":["GET"]}}],"collection":[{"href":"https:\/\/www.billigtrikotde.com\/hr\/wp-json\/wp\/v2\/product"}],"about":[{"href":"https:\/\/www.billigtrikotde.com\/hr\/wp-json\/wp\/v2\/types\/product"}],"replies":[{"embeddable":true,"href":"https:\/\/www.billigtrikotde.com\/hr\/wp-json\/wp\/v2\/comments?post=3994"}],"wp:featuredmedia":[{"embeddable":true,"href":"https:\/\/www.billigtrikotde.com\/hr\/wp-json\/wp\/v2\/media\/4035"}],"wp:attachment":[{"href":"https:\/\/www.billigtrikotde.com\/hr\/wp-json\/wp\/v2\/media?parent=3994"}],"wp:term":[{"taxonomy":"product_brand","embeddable":true,"href":"https:\/\/www.billigtrikotde.com\/hr\/wp-json\/wp\/v2\/product_brand?post=3994"},{"taxonomy":"product_cat","embeddable":true,"href":"https:\/\/www.billigtrikotde.com\/hr\/wp-json\/wp\/v2\/product_cat?post=3994"},{"taxonomy":"product_tag","embeddable":true,"href":"https:\/\/www.billigtrikotde.com\/hr\/wp-json\/wp\/v2\/product_tag?post=3994"}],"curies":[{"name":"wp","href":"https:\/\/api.w.org\/{rel}","templated":true}]}}