{"id":3992,"date":"2024-10-23T15:28:30","date_gmt":"2024-10-23T13:28:30","guid":{"rendered":"http:\/\/billigtrikots.com\/?post_type=product&#038;p=3992"},"modified":"2024-10-23T15:30:44","modified_gmt":"2024-10-23T13:30:44","slug":"los-angeles-fc-lafc-2021-black-gold-replica-jersey-wright-phillips-66","status":"publish","type":"product","link":"https:\/\/www.billigtrikotde.com\/hr\/los-angeles-fc-lafc-2021-black-gold-replica-jersey-wright-phillips-66\/","title":{"rendered":"Los Angeles FC LAFC 2021 Crna zlatna replika dresa Wright-Phillips 66"},"content":{"rendered":"<p>Ti voli\u0161 gledati LAFC na terenu, pa se pobrinite da budu pravilno opremljeni tako \u0161to \u0107e\u0161 im uzeti ovu Bradley Wright-Phillips 2021 Primary Replica Player Jersey! Ova adidas majica sadr\u017ei jasnu grafiku mom\u010dadi koja ponosno prikazuje dje\u010dji navija\u010dki duh LAFC-a. Tehnologija AEROREADY \u0107e dr\u017eati tvog mladog navija\u010da na najboljem izgledu dok glasno bodri njihovu mom\u010dad do pobjede.<\/p>\n<p>\u017delimo da navija\u010di slave svoju strast prema klubu personalizacijom i prilago\u0111avanjem odre\u0111enih proizvoda. Za ove proizvode koji se mogu prilagoditi, uklju\u010duju\u0107i dresove, pozivamo kupce da nam ka\u017eu kako \u017eele da se njihovo omiljeno ime ili drugi tekst pojavi tako \u0161to \u0107e taj tekst upisati u ozna\u010deno polje.<\/p>","protected":false},"excerpt":{"rendered":"<p>Ti voli\u0161 gledati LAFC na terenu, pa se pobrinite da budu pravilno opremljeni tako \u0161to \u0107e\u0161 im uzeti ovu Bradley Wright-Phillips 2021 Primary Replica Player Jersey! Ova adidas majica sadr\u017ei jasnu grafiku mom\u010dadi koja ponosno prikazuje dje\u010dji navija\u010dki duh LAFC-a. Tehnologija AEROREADY \u0107e dr\u017eati tvog mladog navija\u010da na najboljem izgledu dok glasno bodri njihovu mom\u010dad do pobjede.<\/p>","protected":false},"featured_media":4034,"comment_status":"open","ping_status":"closed","template":"","meta":[],"product_brand":[],"product_cat":[196],"product_tag":[20,21,22,23,24,197,198,199],"class_list":{"0":"post-3992","1":"product","2":"type-product","3":"status-publish","4":"has-post-thumbnail","6":"product_cat-los-angeles-fc","7":"product_tag-coole-fussballtrikots","8":"product_tag-fussballtrikot-fuer-herren","9":"product_tag-fussballtrikot-guenstig-kaufen","10":"product_tag-fussballtrikot-kurzarm","11":"product_tag-guenstiges-fussballtrikot","12":"product_tag-lafc-jerseys","13":"product_tag-los-angeles-fc-home-replica-jersey","14":"product_tag-replica-jersey","16":"first","17":"instock","18":"shipping-taxable","19":"purchasable","20":"product-type-variable"},"_links":{"self":[{"href":"https:\/\/www.billigtrikotde.com\/hr\/wp-json\/wp\/v2\/product\/3992","targetHints":{"allow":["GET"]}}],"collection":[{"href":"https:\/\/www.billigtrikotde.com\/hr\/wp-json\/wp\/v2\/product"}],"about":[{"href":"https:\/\/www.billigtrikotde.com\/hr\/wp-json\/wp\/v2\/types\/product"}],"replies":[{"embeddable":true,"href":"https:\/\/www.billigtrikotde.com\/hr\/wp-json\/wp\/v2\/comments?post=3992"}],"wp:featuredmedia":[{"embeddable":true,"href":"https:\/\/www.billigtrikotde.com\/hr\/wp-json\/wp\/v2\/media\/4034"}],"wp:attachment":[{"href":"https:\/\/www.billigtrikotde.com\/hr\/wp-json\/wp\/v2\/media?parent=3992"}],"wp:term":[{"taxonomy":"product_brand","embeddable":true,"href":"https:\/\/www.billigtrikotde.com\/hr\/wp-json\/wp\/v2\/product_brand?post=3992"},{"taxonomy":"product_cat","embeddable":true,"href":"https:\/\/www.billigtrikotde.com\/hr\/wp-json\/wp\/v2\/product_cat?post=3992"},{"taxonomy":"product_tag","embeddable":true,"href":"https:\/\/www.billigtrikotde.com\/hr\/wp-json\/wp\/v2\/product_tag?post=3992"}],"curies":[{"name":"wp","href":"https:\/\/api.w.org\/{rel}","templated":true}]}}