{"id":3982,"date":"2024-10-23T15:27:59","date_gmt":"2024-10-23T13:27:59","guid":{"rendered":"http:\/\/billigtrikots.com\/?post_type=product&#038;p=3982"},"modified":"2024-10-23T15:30:09","modified_gmt":"2024-10-23T13:30:09","slug":"los-angeles-fc-2021-lafc-black-gold-primary-replica-player-jersey-carlos-vela-10","status":"publish","type":"product","link":"https:\/\/www.billigtrikotde.com\/hr\/los-angeles-fc-2021-lafc-black-gold-primary-replica-player-jersey-carlos-vela-10\/","title":{"rendered":"Los Angeles FC 2021 LAFC Crna zlatna primarna replika dresa igra\u010da Carlos Vela 10"},"content":{"rendered":"<p>Vi ste veliki obo\u017eavatelj LAFC-a, i kad god su na terenu, slu\u0161ate ih. Budite sigurni da ste pravilno opremljeni tako \u0161to \u0107ete nabaviti ovaj Diego Rossi 2021 Primarni Replika Igra\u010dki D\u017eersej! Uzbudljivo je biti odan navija\u010d LAFC-a i bit \u0107ete najve\u0107i me\u0111u njima u ovom adidas d\u017eerseju, s jasnom grafikom mom\u010dadi i AEROREADY tehnologijom koja \u0107e vas odr\u017eavati udobnim dok navijate za svoju mom\u010dad do pobjede.<\/p>\n<p>\u017delimo da navija\u010di slave svoju strast prema klubu personalizacijom i prilago\u0111avanjem odre\u0111enih proizvoda. Za ove proizvode koji se mogu prilagoditi, uklju\u010duju\u0107i dresove, pozivamo kupce da nam ka\u017eu kako \u017eele da se njihovo omiljeno ime ili drugi tekst pojavi tako \u0161to \u0107e taj tekst upisati u ozna\u010deno polje.<\/p>","protected":false},"excerpt":{"rendered":"<p>You\u2019re a huge LAFC fan, and whenever they\u2019re on the pitch, you\u2019re tuned in. Be sure you\u2019re outfitted properly by grabbing this Carlos Vela 2021 Primary Player Jersey! It\u2019s exciting being a devout LAFC fan and you\u2019ll be the biggest one around in this adidas jersey, featuring crisp team graphics with HEAT.RDY technology that will [&hellip;]<\/p>","protected":false},"featured_media":4023,"comment_status":"open","ping_status":"closed","template":"","meta":[],"product_brand":[],"product_cat":[196],"product_tag":[20,21,22,23,24,197,198,199],"class_list":{"0":"post-3982","1":"product","2":"type-product","3":"status-publish","4":"has-post-thumbnail","6":"product_cat-los-angeles-fc","7":"product_tag-coole-fussballtrikots","8":"product_tag-fussballtrikot-fuer-herren","9":"product_tag-fussballtrikot-guenstig-kaufen","10":"product_tag-fussballtrikot-kurzarm","11":"product_tag-guenstiges-fussballtrikot","12":"product_tag-lafc-jerseys","13":"product_tag-los-angeles-fc-home-replica-jersey","14":"product_tag-replica-jersey","16":"first","17":"instock","18":"shipping-taxable","19":"purchasable","20":"product-type-variable"},"_links":{"self":[{"href":"https:\/\/www.billigtrikotde.com\/hr\/wp-json\/wp\/v2\/product\/3982","targetHints":{"allow":["GET"]}}],"collection":[{"href":"https:\/\/www.billigtrikotde.com\/hr\/wp-json\/wp\/v2\/product"}],"about":[{"href":"https:\/\/www.billigtrikotde.com\/hr\/wp-json\/wp\/v2\/types\/product"}],"replies":[{"embeddable":true,"href":"https:\/\/www.billigtrikotde.com\/hr\/wp-json\/wp\/v2\/comments?post=3982"}],"wp:featuredmedia":[{"embeddable":true,"href":"https:\/\/www.billigtrikotde.com\/hr\/wp-json\/wp\/v2\/media\/4023"}],"wp:attachment":[{"href":"https:\/\/www.billigtrikotde.com\/hr\/wp-json\/wp\/v2\/media?parent=3982"}],"wp:term":[{"taxonomy":"product_brand","embeddable":true,"href":"https:\/\/www.billigtrikotde.com\/hr\/wp-json\/wp\/v2\/product_brand?post=3982"},{"taxonomy":"product_cat","embeddable":true,"href":"https:\/\/www.billigtrikotde.com\/hr\/wp-json\/wp\/v2\/product_cat?post=3982"},{"taxonomy":"product_tag","embeddable":true,"href":"https:\/\/www.billigtrikotde.com\/hr\/wp-json\/wp\/v2\/product_tag?post=3982"}],"curies":[{"name":"wp","href":"https:\/\/api.w.org\/{rel}","templated":true}]}}