{"id":3978,"date":"2024-10-23T15:27:55","date_gmt":"2024-10-23T13:27:55","guid":{"rendered":"http:\/\/billigtrikots.com\/?post_type=product&#038;p=3978"},"modified":"2024-10-23T15:30:08","modified_gmt":"2024-10-23T13:30:08","slug":"atlanta-united-fc-black-red-2022-home-replica-jersey","status":"publish","type":"product","link":"https:\/\/www.billigtrikotde.com\/hr\/atlanta-united-fc-black-red-2022-home-replica-jersey\/","title":{"rendered":"Atlanta United FC Crno crveni 2022. ku\u0107ni replika dres"},"content":{"rendered":"<p>Your young fan is a huge Atlanta United FC fan and whenever they\u2019re on the pitch, your kiddo is tuned in. Be sure they are outfitted properly by grabbing this 2021 The BLVCK Kit Replica Jersey! It\u2019s exciting being a devout Atlanta United FC fan and your youngster will be the biggest one around in this adidas jersey, featuring crisp team graphics with innovative technology that will keep them comfortable as they cheer the squad to a victory.<\/p>\n<p>We want fans to celebrate their fandom by customizing and personalizing certain products. For these customizable products, including jerseys, we invite customers to tell us how they would like their preferred name or other text to appear by typing that text into the field indicated. However, just because a customer is able to type proposed customization text into the field and is able to complete the order through the website, not all proposed customization text will be accepted. Please note, Fanatics may reject and cancel any customization order for any reason, including for messages that are deemed offensive or inappropriate.You love watching Atlanta United FC on the pitch, so be sure you\u2019re outfitted properly by grabbing this 2021 The BLVCK Kit Authentic Custom Jersey! This adidas jersey features crisp team graphics that proudly display your Atlanta United FC fandom. The innovative technology will keep you looking your best as you cheer your squad to a victory.<\/p>","protected":false},"excerpt":{"rendered":"<p>Va\u0161 mladi navija\u010d je veliki obo\u017eavatelj Atlanta United FC-a i kad god su na terenu, va\u0161e dijete je priklju\u010deno. Budite sigurni da su pravilno opremljeni tako \u0161to \u0107ete uzeti ovu repliku majice iz 2021. godine The BLVCK Kit! Uzbudljivo je biti odan navija\u010d Atlanta United FC-a, a va\u0161e dijete \u0107e biti najve\u0107i navija\u010d u okolini [\u2026]<\/p>","protected":false},"featured_media":4012,"comment_status":"open","ping_status":"closed","template":"","meta":[],"product_brand":[],"product_cat":[194],"product_tag":[195,20,21,22,23,24],"class_list":{"0":"post-3978","1":"product","2":"type-product","3":"status-publish","4":"has-post-thumbnail","6":"product_cat-atlanta-united","7":"product_tag-atlanta-united-fc-home-replica-jersey","8":"product_tag-coole-fussballtrikots","9":"product_tag-fussballtrikot-fuer-herren","10":"product_tag-fussballtrikot-guenstig-kaufen","11":"product_tag-fussballtrikot-kurzarm","12":"product_tag-guenstiges-fussballtrikot","14":"first","15":"instock","16":"shipping-taxable","17":"purchasable","18":"product-type-variable"},"_links":{"self":[{"href":"https:\/\/www.billigtrikotde.com\/hr\/wp-json\/wp\/v2\/product\/3978","targetHints":{"allow":["GET"]}}],"collection":[{"href":"https:\/\/www.billigtrikotde.com\/hr\/wp-json\/wp\/v2\/product"}],"about":[{"href":"https:\/\/www.billigtrikotde.com\/hr\/wp-json\/wp\/v2\/types\/product"}],"replies":[{"embeddable":true,"href":"https:\/\/www.billigtrikotde.com\/hr\/wp-json\/wp\/v2\/comments?post=3978"}],"wp:featuredmedia":[{"embeddable":true,"href":"https:\/\/www.billigtrikotde.com\/hr\/wp-json\/wp\/v2\/media\/4012"}],"wp:attachment":[{"href":"https:\/\/www.billigtrikotde.com\/hr\/wp-json\/wp\/v2\/media?parent=3978"}],"wp:term":[{"taxonomy":"product_brand","embeddable":true,"href":"https:\/\/www.billigtrikotde.com\/hr\/wp-json\/wp\/v2\/product_brand?post=3978"},{"taxonomy":"product_cat","embeddable":true,"href":"https:\/\/www.billigtrikotde.com\/hr\/wp-json\/wp\/v2\/product_cat?post=3978"},{"taxonomy":"product_tag","embeddable":true,"href":"https:\/\/www.billigtrikotde.com\/hr\/wp-json\/wp\/v2\/product_tag?post=3978"}],"curies":[{"name":"wp","href":"https:\/\/api.w.org\/{rel}","templated":true}]}}