{"id":3972,"date":"2024-10-23T15:27:26","date_gmt":"2024-10-23T13:27:26","guid":{"rendered":"http:\/\/billigtrikots.com\/?post_type=product&#038;p=3972"},"modified":"2024-10-23T15:29:34","modified_gmt":"2024-10-23T13:29:34","slug":"atlanta-united-fc-2021-22-home-shirt-black-kit-replica-jersey-martinez-7","status":"publish","type":"product","link":"https:\/\/www.billigtrikotde.com\/hr\/atlanta-united-fc-2021-22-home-shirt-black-kit-replica-jersey-martinez-7\/","title":{"rendered":"Atlanta United FC 2021\/22. ku\u0107ni dres crni komplet replika Martinez 7"},"content":{"rendered":"<p>Ti si veliki navija\u010d Atlanta United FC-a, i kad god su na terenu, ti si uklju\u010den. Budite sigurni da \u0107ete biti pravilno opremljeni tako \u0161to \u0107ete uzeti ovaj Josef Mart\u00ednez 2021 The BLVCK Kit Replica Jersey! Uzbu\u0111uje biti predan navija\u010d Atlanta United FC-a i bit \u0107ete najve\u0107i me\u0111u njima u ovom adidas dresu, koji sadr\u017ei jasnu grafiku tima s inovativnom tehnologijom koja \u0107e vas dr\u017eati udobnim dok bodrite svoj klub do pobjede.<\/p>\n<p>\u017delimo da navija\u010di slave svoju strast prema klubu personalizacijom i prilago\u0111avanjem odre\u0111enih proizvoda. Za ove proizvode koji se mogu prilagoditi, uklju\u010duju\u0107i dresove, pozivamo kupce da nam ka\u017eu kako \u017eele da se njihovo omiljeno ime ili drugi tekst pojavi tako \u0161to \u0107e taj tekst upisati u ozna\u010deno polje.<\/p>","protected":false},"excerpt":{"rendered":"<p>You\u2019re a huge Atlanta United FC fan, and whenever they\u2019re on the pitch, you\u2019re tuned in. Be sure you\u2019re outfitted properly by grabbing this Josef Mart\u00ednez 2021 The BLVCK Kit Replica Jersey! It\u2019s exciting being a devout Atlanta United FC fan and you\u2019ll be the biggest one around in this adidas jersey, featuring crisp team [&hellip;]<\/p>","protected":false},"featured_media":4011,"comment_status":"open","ping_status":"closed","template":"","meta":[],"product_brand":[],"product_cat":[194],"product_tag":[195,20,21,22,23,24],"class_list":{"0":"post-3972","1":"product","2":"type-product","3":"status-publish","4":"has-post-thumbnail","6":"product_cat-atlanta-united","7":"product_tag-atlanta-united-fc-home-replica-jersey","8":"product_tag-coole-fussballtrikots","9":"product_tag-fussballtrikot-fuer-herren","10":"product_tag-fussballtrikot-guenstig-kaufen","11":"product_tag-fussballtrikot-kurzarm","12":"product_tag-guenstiges-fussballtrikot","14":"first","15":"instock","16":"shipping-taxable","17":"purchasable","18":"product-type-variable"},"_links":{"self":[{"href":"https:\/\/www.billigtrikotde.com\/hr\/wp-json\/wp\/v2\/product\/3972","targetHints":{"allow":["GET"]}}],"collection":[{"href":"https:\/\/www.billigtrikotde.com\/hr\/wp-json\/wp\/v2\/product"}],"about":[{"href":"https:\/\/www.billigtrikotde.com\/hr\/wp-json\/wp\/v2\/types\/product"}],"replies":[{"embeddable":true,"href":"https:\/\/www.billigtrikotde.com\/hr\/wp-json\/wp\/v2\/comments?post=3972"}],"wp:featuredmedia":[{"embeddable":true,"href":"https:\/\/www.billigtrikotde.com\/hr\/wp-json\/wp\/v2\/media\/4011"}],"wp:attachment":[{"href":"https:\/\/www.billigtrikotde.com\/hr\/wp-json\/wp\/v2\/media?parent=3972"}],"wp:term":[{"taxonomy":"product_brand","embeddable":true,"href":"https:\/\/www.billigtrikotde.com\/hr\/wp-json\/wp\/v2\/product_brand?post=3972"},{"taxonomy":"product_cat","embeddable":true,"href":"https:\/\/www.billigtrikotde.com\/hr\/wp-json\/wp\/v2\/product_cat?post=3972"},{"taxonomy":"product_tag","embeddable":true,"href":"https:\/\/www.billigtrikotde.com\/hr\/wp-json\/wp\/v2\/product_tag?post=3972"}],"curies":[{"name":"wp","href":"https:\/\/api.w.org\/{rel}","templated":true}]}}