{"id":3944,"date":"2024-10-23T15:26:13","date_gmt":"2024-10-23T13:26:13","guid":{"rendered":"http:\/\/billigtrikots.com\/?post_type=product&#038;p=3944"},"modified":"2024-10-23T15:28:23","modified_gmt":"2024-10-23T13:28:23","slug":"ssc-naepel-maradona-fussballtrikot-2021-2022-marineblau-mit-aufdruck-maradona-10","status":"publish","type":"product","link":"https:\/\/www.billigtrikotde.com\/hr\/ssc-naepel-maradona-fussballtrikot-2021-2022-marineblau-mit-aufdruck-maradona-10\/","title":{"rendered":"Nogometni dres SSC Napoli Maradona 2021-2022 tamnoplavi s natpisom Maradona 10"},"content":{"rendered":"<p>Osnovna boja nogometnog dresa EA7 Napoli Maradona 2021-2022 je mornarsko plava i sadr\u017ei otisak Maradone u argentinskom nogometnom dresu na donjoj strani. Ovaj otisak je obra\u0111en u dizajnu sli\u010dnom otisku prsta. Otisak je inspiriran umjetni\u010dkim djelom neapolitskog umjetnika Guiseppe Klaina. Osim toga, dres tako\u0111er sadr\u017ei svijetloplave akcenti, inspirirane bojama kluba SSC Napoli. Traka na donjem dijelu rukava je svijetloplava, isto kao i okrugli izrez na vratu i trakice na ramenima. Logo Emporio Armani Sportswear nalazi se na desnom prsnom dijelu, a na lijevom je grb kluba. Logoi Lete i MSC su smje\u0161teni na sredini dresa. Lijevi rukav dresa nosi logo sponzora Amazon. Inicijali kluba su u\u0161iveni na stra\u017enjem dijelu vrata na le\u0111ima nogometnog dresa Napoli Maradona: SSCN.<\/p>\n<p>Savjeti za pranje: Preporu\u010duje se ru\u010dno pranje nogometnih dresova. Ako \u017eelite koristiti perilicu, sjetite se okrenuti dresove naopako prije pranja. Napunite perilicu hladnom vodom i koristite program za osjetljive tkanine kako biste bolje za\u0161titili boje.<\/p>\n<p>Online tiska nogometnih dresova<br \/>\nImate mogu\u0107nost dizajnirati svoj nogometni dres. Ili odaberete igra\u010da svog omiljenog kluba ili mo\u017eete odabrati svoje ime s brojem.<\/p>","protected":false},"excerpt":{"rendered":"<p>Die Grundfarbe des EA7 Napoli Maradona 2021-2022 Fu\u00dfballtrikots ist Marineblau und enth\u00e4lt einen Aufdruck von Maradona im argentinischen Fu\u00dfballtrikot auf der Unterseite. Dieser Druck ist in einem fingerabdruck\u00e4hnlichen Design verarbeitet. Der Druck ist von einem Kunstwerk des neapolitanischen K\u00fcnstlers Guiseppe Klain inspiriert. Dar\u00fcber hinaus enth\u00e4lt das Trikot auch hellblaue Akzente, inspiriert von den Vereinsfarben des [&hellip;]<\/p>","protected":false},"featured_media":3985,"comment_status":"open","ping_status":"closed","template":"","meta":[],"product_brand":[],"product_cat":[192],"product_tag":[20,21,22,23,24,193],"class_list":{"0":"post-3944","1":"product","2":"type-product","3":"status-publish","4":"has-post-thumbnail","6":"product_cat-ssc-napoli","7":"product_tag-coole-fussballtrikots","8":"product_tag-fussballtrikot-fuer-herren","9":"product_tag-fussballtrikot-guenstig-kaufen","10":"product_tag-fussballtrikot-kurzarm","11":"product_tag-guenstiges-fussballtrikot","12":"product_tag-napoli-kits","14":"first","15":"instock","16":"shipping-taxable","17":"purchasable","18":"product-type-variable"},"_links":{"self":[{"href":"https:\/\/www.billigtrikotde.com\/hr\/wp-json\/wp\/v2\/product\/3944","targetHints":{"allow":["GET"]}}],"collection":[{"href":"https:\/\/www.billigtrikotde.com\/hr\/wp-json\/wp\/v2\/product"}],"about":[{"href":"https:\/\/www.billigtrikotde.com\/hr\/wp-json\/wp\/v2\/types\/product"}],"replies":[{"embeddable":true,"href":"https:\/\/www.billigtrikotde.com\/hr\/wp-json\/wp\/v2\/comments?post=3944"}],"wp:featuredmedia":[{"embeddable":true,"href":"https:\/\/www.billigtrikotde.com\/hr\/wp-json\/wp\/v2\/media\/3985"}],"wp:attachment":[{"href":"https:\/\/www.billigtrikotde.com\/hr\/wp-json\/wp\/v2\/media?parent=3944"}],"wp:term":[{"taxonomy":"product_brand","embeddable":true,"href":"https:\/\/www.billigtrikotde.com\/hr\/wp-json\/wp\/v2\/product_brand?post=3944"},{"taxonomy":"product_cat","embeddable":true,"href":"https:\/\/www.billigtrikotde.com\/hr\/wp-json\/wp\/v2\/product_cat?post=3944"},{"taxonomy":"product_tag","embeddable":true,"href":"https:\/\/www.billigtrikotde.com\/hr\/wp-json\/wp\/v2\/product_tag?post=3944"}],"curies":[{"name":"wp","href":"https:\/\/api.w.org\/{rel}","templated":true}]}}