{"id":3921,"date":"2024-10-23T15:25:03","date_gmt":"2024-10-23T13:25:03","guid":{"rendered":"http:\/\/billigtrikots.com\/?post_type=product&#038;p=3921"},"modified":"2024-10-23T15:27:17","modified_gmt":"2024-10-23T13:27:17","slug":"ssc-napoli-special-heimtrikot-2021-2022-kurzarm-schwarz-mit-aufdruck-mertens-14","status":"publish","type":"product","link":"https:\/\/www.billigtrikotde.com\/hr\/ssc-napoli-special-heimtrikot-2021-2022-kurzarm-schwarz-mit-aufdruck-mertens-14\/","title":{"rendered":"Posebni ku\u0107ni dres SSC Napoli 2021-2022 kratkih rukava crni s natpisom MERTENS 14"},"content":{"rendered":"<p>Savjeti za pranje: Preporu\u010duje se ru\u010dno pranje nogometnih dresova. Ako \u017eelite koristiti perilicu, sjetite se okrenuti dresove naopako prije pranja. Napunite perilicu hladnom vodom i koristite program za osjetljive tkanine kako biste bolje za\u0161titili boje.<\/p>\n<p>Online tiska nogometnih dresova<br \/>\nImate mogu\u0107nost dizajnirati svoj nogometni dres. Ili odaberete igra\u010da svog omiljenog kluba ili mo\u017eete odabrati svoje ime s brojem.<\/p>","protected":false},"excerpt":{"rendered":"<p>Upute za pranje: preporu\u010duje se ru\u010dno pranje nogometnih dresova. Ako \u017eelite koristiti perilicu, obavezno okrenite dresove naopako, zatim perite. Napunite perilicu hladnom vodom i koristite program za nje\u017eno pranje kako biste bolje za\u0161titili boje. Online tiskanje nogometnih dresova: imate mogu\u0107nost da dizajnirate svoje nogometne dresove. Ili [\u2026]<\/p>","protected":false},"featured_media":3962,"comment_status":"open","ping_status":"closed","template":"","meta":[],"product_brand":[],"product_cat":[192],"product_tag":[20,21,22,23,24,193],"class_list":{"0":"post-3921","1":"product","2":"type-product","3":"status-publish","4":"has-post-thumbnail","6":"product_cat-ssc-napoli","7":"product_tag-coole-fussballtrikots","8":"product_tag-fussballtrikot-fuer-herren","9":"product_tag-fussballtrikot-guenstig-kaufen","10":"product_tag-fussballtrikot-kurzarm","11":"product_tag-guenstiges-fussballtrikot","12":"product_tag-napoli-kits","14":"first","15":"instock","16":"shipping-taxable","17":"purchasable","18":"product-type-variable"},"_links":{"self":[{"href":"https:\/\/www.billigtrikotde.com\/hr\/wp-json\/wp\/v2\/product\/3921","targetHints":{"allow":["GET"]}}],"collection":[{"href":"https:\/\/www.billigtrikotde.com\/hr\/wp-json\/wp\/v2\/product"}],"about":[{"href":"https:\/\/www.billigtrikotde.com\/hr\/wp-json\/wp\/v2\/types\/product"}],"replies":[{"embeddable":true,"href":"https:\/\/www.billigtrikotde.com\/hr\/wp-json\/wp\/v2\/comments?post=3921"}],"wp:featuredmedia":[{"embeddable":true,"href":"https:\/\/www.billigtrikotde.com\/hr\/wp-json\/wp\/v2\/media\/3962"}],"wp:attachment":[{"href":"https:\/\/www.billigtrikotde.com\/hr\/wp-json\/wp\/v2\/media?parent=3921"}],"wp:term":[{"taxonomy":"product_brand","embeddable":true,"href":"https:\/\/www.billigtrikotde.com\/hr\/wp-json\/wp\/v2\/product_brand?post=3921"},{"taxonomy":"product_cat","embeddable":true,"href":"https:\/\/www.billigtrikotde.com\/hr\/wp-json\/wp\/v2\/product_cat?post=3921"},{"taxonomy":"product_tag","embeddable":true,"href":"https:\/\/www.billigtrikotde.com\/hr\/wp-json\/wp\/v2\/product_tag?post=3921"}],"curies":[{"name":"wp","href":"https:\/\/api.w.org\/{rel}","templated":true}]}}