{"id":3917,"date":"2024-10-23T15:24:59","date_gmt":"2024-10-23T13:24:59","guid":{"rendered":"http:\/\/billigtrikots.com\/?post_type=product&#038;p=3917"},"modified":"2024-10-23T15:27:15","modified_gmt":"2024-10-23T13:27:15","slug":"fussballtrikots-sl-benfica-lissabon-heimtrikot-2021-22-rot-kurzarm-kurze-hosen","status":"publish","type":"product","link":"https:\/\/www.billigtrikotde.com\/hr\/fussballtrikots-sl-benfica-lissabon-heimtrikot-2021-22-rot-kurzarm-kurze-hosen\/","title":{"rendered":"Nogometni komplet SL Benfica Lisabon ku\u0107ni dres 2021\/22 crveni kratkih rukava + kratke hla\u010de"},"content":{"rendered":"<p>Krivulje njihovog svjetski poznatog stadiona isti\u010du mekanu tkaninu ovog adidas Benfica nogometnog dresa. Na stra\u017enjoj strani, natpis \u201e1904 Benfica\u201c slavi po\u010detke kluba. Tkanjeni grb na prednjoj strani pokazuje va\u0161u podr\u0161ku timu. AEROREADY tehnologija odvodi znoj, tako da se osje\u0107ate ugodno na terenu ili na tribinama.<\/p>\n<p>Ovaj proizvod je izra\u0111en s Primegreen tehnologijom, serijom visokou\u010dinkovitih recikliranih materijala.<\/p>\n<p>Savjeti za ispis: Ako ime i broj na slici to\u010dno odgovaraju va\u0161im \u017eeljama, ne morate ih ponovno unositi. Ako ne, unesite \u017eeljeno ime i broj.<\/p>\n<p>Savjeti za pranje: Preporu\u010duje se ru\u010dno pranje nogometnih dresova. Ako \u017eelite koristiti perilicu, sjetite se okrenuti dresove naopako prije pranja. Napunite perilicu hladnom vodom i koristite program za osjetljive tkanine kako biste bolje za\u0161titili boje.<\/p>","protected":false},"excerpt":{"rendered":"<p>Krivulje njihovog svjetski poznatog stadiona isti\u010du mekanu tkaninu ovog adidas Benfica nogometnog dresa. Na stra\u017enjoj strani, natpis \u201e1904 Benfica\u201c slavi po\u010detke kluba. Tkanjeni grb na prednjoj strani pokazuje va\u0161u podr\u0161ku timu. AEROREADY tehnologija odvodi znoj, tako da se osje\u0107ate ugodno na terenu ili na tribinama.<\/p>","protected":false},"featured_media":3952,"comment_status":"open","ping_status":"closed","template":"","meta":[],"product_brand":[],"product_cat":[188],"product_tag":[190,20,21,22,23,24,191],"class_list":{"0":"post-3917","1":"product","2":"type-product","3":"status-publish","4":"has-post-thumbnail","6":"product_cat-sl-benfica","7":"product_tag-benfica-trikots","8":"product_tag-coole-fussballtrikots","9":"product_tag-fussballtrikot-fuer-herren","10":"product_tag-fussballtrikot-guenstig-kaufen","11":"product_tag-fussballtrikot-kurzarm","12":"product_tag-guenstiges-fussballtrikot","13":"product_tag-heimtrikot-benfica","15":"first","16":"instock","17":"shipping-taxable","18":"purchasable","19":"product-type-variable"},"_links":{"self":[{"href":"https:\/\/www.billigtrikotde.com\/hr\/wp-json\/wp\/v2\/product\/3917","targetHints":{"allow":["GET"]}}],"collection":[{"href":"https:\/\/www.billigtrikotde.com\/hr\/wp-json\/wp\/v2\/product"}],"about":[{"href":"https:\/\/www.billigtrikotde.com\/hr\/wp-json\/wp\/v2\/types\/product"}],"replies":[{"embeddable":true,"href":"https:\/\/www.billigtrikotde.com\/hr\/wp-json\/wp\/v2\/comments?post=3917"}],"wp:featuredmedia":[{"embeddable":true,"href":"https:\/\/www.billigtrikotde.com\/hr\/wp-json\/wp\/v2\/media\/3952"}],"wp:attachment":[{"href":"https:\/\/www.billigtrikotde.com\/hr\/wp-json\/wp\/v2\/media?parent=3917"}],"wp:term":[{"taxonomy":"product_brand","embeddable":true,"href":"https:\/\/www.billigtrikotde.com\/hr\/wp-json\/wp\/v2\/product_brand?post=3917"},{"taxonomy":"product_cat","embeddable":true,"href":"https:\/\/www.billigtrikotde.com\/hr\/wp-json\/wp\/v2\/product_cat?post=3917"},{"taxonomy":"product_tag","embeddable":true,"href":"https:\/\/www.billigtrikotde.com\/hr\/wp-json\/wp\/v2\/product_tag?post=3917"}],"curies":[{"name":"wp","href":"https:\/\/api.w.org\/{rel}","templated":true}]}}