{"id":3911,"date":"2024-10-23T15:24:30","date_gmt":"2024-10-23T13:24:30","guid":{"rendered":"http:\/\/billigtrikots.com\/?post_type=product&#038;p=3911"},"modified":"2024-10-23T15:26:43","modified_gmt":"2024-10-23T13:26:43","slug":"benfica-auswaertstrikot-2021-22-in-weiss-herren-trikotsatz-kurze-hosen","status":"publish","type":"product","link":"https:\/\/www.billigtrikotde.com\/hr\/benfica-auswaertstrikot-2021-22-in-weiss-herren-trikotsatz-kurze-hosen\/","title":{"rendered":"Benfica gostuju\u0107i dres 2021\/22 u bijeloj boji za mu\u0161karce, komplet dresa (+ kratke hla\u010de)"},"content":{"rendered":"<p>\u010cista, hrabra bijela boja vra\u0107a se na Benfica dres. Ovaj nogometni dres adidas osigurava ugodan osje\u0107aj na terenu i izvan njega zahvaljuju\u0107i AEROREADY sustavu za odvod vlage i mekanom, glatkom materijalu. Na stra\u017enjoj strani podsje\u0107a potpis na godinu osnutka kluba. Na prednjoj strani potvrdu va\u017ee\u0107e odanosti daje tkani naljepnica. Savjeti za tiskanje: Kada [\u2026]<\/p>\n<p>Savjeti za ispis: Ako ime i broj na slici to\u010dno odgovaraju va\u0161im \u017eeljama, ne morate ih ponovno unositi. Ako ne, unesite \u017eeljeno ime i broj.<\/p>\n<p>Savjeti za pranje: Preporu\u010duje se ru\u010dno pranje nogometnih dresova. Ako \u017eelite koristiti perilicu, sjetite se okrenuti dresove naopako prije pranja. Napunite perilicu hladnom vodom i koristite program za osjetljive tkanine kako biste bolje za\u0161titili boje.<\/p>","protected":false},"excerpt":{"rendered":"<p>\u010cista, hrabra bijela boja vra\u0107a se na Benfica dres. Ovaj nogometni dres adidas osigurava ugodan osje\u0107aj na terenu i izvan njega zahvaljuju\u0107i AEROREADY sustavu za odvod vlage i mekanom, glatkom materijalu. Na stra\u017enjoj strani podsje\u0107a potpis na godinu osnutka kluba. Na prednjoj strani potvrdu va\u017ee\u0107e odanosti daje tkani naljepnica. Savjeti za tiskanje: Kada [\u2026]<\/p>","protected":false},"featured_media":3951,"comment_status":"open","ping_status":"closed","template":"","meta":[],"product_brand":[],"product_cat":[188],"product_tag":[189,190,20,21,22,23,24],"class_list":{"0":"post-3911","1":"product","2":"type-product","3":"status-publish","4":"has-post-thumbnail","6":"product_cat-sl-benfica","7":"product_tag-benfica-auswaertstrikot","8":"product_tag-benfica-trikots","9":"product_tag-coole-fussballtrikots","10":"product_tag-fussballtrikot-fuer-herren","11":"product_tag-fussballtrikot-guenstig-kaufen","12":"product_tag-fussballtrikot-kurzarm","13":"product_tag-guenstiges-fussballtrikot","15":"first","16":"instock","17":"shipping-taxable","18":"purchasable","19":"product-type-variable"},"_links":{"self":[{"href":"https:\/\/www.billigtrikotde.com\/hr\/wp-json\/wp\/v2\/product\/3911","targetHints":{"allow":["GET"]}}],"collection":[{"href":"https:\/\/www.billigtrikotde.com\/hr\/wp-json\/wp\/v2\/product"}],"about":[{"href":"https:\/\/www.billigtrikotde.com\/hr\/wp-json\/wp\/v2\/types\/product"}],"replies":[{"embeddable":true,"href":"https:\/\/www.billigtrikotde.com\/hr\/wp-json\/wp\/v2\/comments?post=3911"}],"wp:featuredmedia":[{"embeddable":true,"href":"https:\/\/www.billigtrikotde.com\/hr\/wp-json\/wp\/v2\/media\/3951"}],"wp:attachment":[{"href":"https:\/\/www.billigtrikotde.com\/hr\/wp-json\/wp\/v2\/media?parent=3911"}],"wp:term":[{"taxonomy":"product_brand","embeddable":true,"href":"https:\/\/www.billigtrikotde.com\/hr\/wp-json\/wp\/v2\/product_brand?post=3911"},{"taxonomy":"product_cat","embeddable":true,"href":"https:\/\/www.billigtrikotde.com\/hr\/wp-json\/wp\/v2\/product_cat?post=3911"},{"taxonomy":"product_tag","embeddable":true,"href":"https:\/\/www.billigtrikotde.com\/hr\/wp-json\/wp\/v2\/product_tag?post=3911"}],"curies":[{"name":"wp","href":"https:\/\/api.w.org\/{rel}","templated":true}]}}