{"id":3909,"date":"2024-10-23T15:24:28","date_gmt":"2024-10-23T13:24:28","guid":{"rendered":"http:\/\/billigtrikots.com\/?post_type=product&#038;p=3909"},"modified":"2024-10-23T15:26:42","modified_gmt":"2024-10-23T13:26:42","slug":"rb-leipzig-rbl-auswaertstrikot-2021-22-herren-schwarz-gelb-blau","status":"publish","type":"product","link":"https:\/\/www.billigtrikotde.com\/hr\/rb-leipzig-rbl-auswaertstrikot-2021-22-herren-schwarz-gelb-blau\/","title":{"rendered":"RB Leipzig RBL gostuju\u0107i dres 2021\/22 za mu\u0161karce crno \/ \u017euto \/ plavo"},"content":{"rendered":"<p>Sp\u00fcre die Energie mit dem Nike RB Leipzig 21\/22 Stadium Ausw\u00e4rtstrikot, einer Fan-Version des Trikots, das von den Profis getragen wird, mit einer etwas lockereren Passform.<\/p>\n<p>Das Nike RB Leipzig 21\/22 Stadium Ausw\u00e4rtstrikot wurde speziell f\u00fcr Fans entwickelt und besteht aus leichtem Nike Breathe-Material, das dich k\u00fchl und bequem h\u00e4lt, egal ob du deinen Helden nacheiferst oder sie von der Trib\u00fcne aus anfeuern willst.<\/p>\n<p>Das RB Leipzig 21\/22 Ausw\u00e4rtstrikot bietet das gleiche Design wie das Heimtrikot, diesmal in leuchtenden Farben, die eine Verbindung zum F1-Rennteam der Marke herstellen. Ma\u00dfgeschneidertes RBL-Seitenband rundet den auf Geschwindigkeit fokussierten Look ab.<\/p>\n<p>Savjeti za ispis: Ako ime i broj na slici to\u010dno odgovaraju va\u0161im \u017eeljama, ne morate ih ponovno unositi. Ako ne, unesite \u017eeljeno ime i broj.<\/p>\n<p>Savjeti za pranje: Preporu\u010duje se ru\u010dno pranje nogometnih dresova. Ako \u017eelite koristiti perilicu, sjetite se okrenuti dresove naopako prije pranja. Napunite perilicu hladnom vodom i koristite program za osjetljive tkanine kako biste bolje za\u0161titili boje.<\/p>","protected":false},"excerpt":{"rendered":"<p>Osjeti energiju s Nike RB Leipzig 21\/22 Stadium gostuju\u0107im dresom, verzijom dresa za navija\u010de koji nose profesionalci, s malo opu\u0161tenijim krojem. Nike RB Leipzig 21\/22 Stadium gostuju\u0107i dres posebno je razvijen za navija\u010de i sastoji se od laganog Nike Breathe materijala koji te odr\u017eava hladnim i udobnim, bilo da navija\u0161 za svoje heroje [\u2026]<\/p>","protected":false},"featured_media":3950,"comment_status":"open","ping_status":"closed","template":"","meta":[],"product_brand":[],"product_cat":[185],"product_tag":[20,21,22,23,24,186,187],"class_list":{"0":"post-3909","1":"product","2":"type-product","3":"status-publish","4":"has-post-thumbnail","6":"product_cat-rb-leipzig","7":"product_tag-coole-fussballtrikots","8":"product_tag-fussballtrikot-fuer-herren","9":"product_tag-fussballtrikot-guenstig-kaufen","10":"product_tag-fussballtrikot-kurzarm","11":"product_tag-guenstiges-fussballtrikot","12":"product_tag-rb-leipzig-auswaertstrikot","13":"product_tag-rb-leipzig-trikots","15":"first","16":"instock","17":"shipping-taxable","18":"purchasable","19":"product-type-variable"},"_links":{"self":[{"href":"https:\/\/www.billigtrikotde.com\/hr\/wp-json\/wp\/v2\/product\/3909","targetHints":{"allow":["GET"]}}],"collection":[{"href":"https:\/\/www.billigtrikotde.com\/hr\/wp-json\/wp\/v2\/product"}],"about":[{"href":"https:\/\/www.billigtrikotde.com\/hr\/wp-json\/wp\/v2\/types\/product"}],"replies":[{"embeddable":true,"href":"https:\/\/www.billigtrikotde.com\/hr\/wp-json\/wp\/v2\/comments?post=3909"}],"wp:featuredmedia":[{"embeddable":true,"href":"https:\/\/www.billigtrikotde.com\/hr\/wp-json\/wp\/v2\/media\/3950"}],"wp:attachment":[{"href":"https:\/\/www.billigtrikotde.com\/hr\/wp-json\/wp\/v2\/media?parent=3909"}],"wp:term":[{"taxonomy":"product_brand","embeddable":true,"href":"https:\/\/www.billigtrikotde.com\/hr\/wp-json\/wp\/v2\/product_brand?post=3909"},{"taxonomy":"product_cat","embeddable":true,"href":"https:\/\/www.billigtrikotde.com\/hr\/wp-json\/wp\/v2\/product_cat?post=3909"},{"taxonomy":"product_tag","embeddable":true,"href":"https:\/\/www.billigtrikotde.com\/hr\/wp-json\/wp\/v2\/product_tag?post=3909"}],"curies":[{"name":"wp","href":"https:\/\/api.w.org\/{rel}","templated":true}]}}