{"id":3898,"date":"2024-10-23T15:23:53","date_gmt":"2024-10-23T13:23:53","guid":{"rendered":"http:\/\/billigtrikots.com\/?post_type=product&#038;p=3898"},"modified":"2024-10-23T15:26:07","modified_gmt":"2024-10-23T13:26:07","slug":"la-galaxy-2021-22-away-jersey-black-green-with-lletget-17-printing","status":"publish","type":"product","link":"https:\/\/www.billigtrikotde.com\/hr\/la-galaxy-2021-22-away-jersey-black-green-with-lletget-17-printing\/","title":{"rendered":"LA Galaxy 2021\/22 gostuju\u0107i dres crno-zelena uz tiskanje Lletget 17"},"content":{"rendered":"<p>Dobijte odva\u017ean novi izgled i poka\u017eite svoju podr\u0161ku Galaxyju s ovom 2021 Away Shirt iz adidas, koja koristi Aeroready tehnologiju koja upija vlagu i brzo se su\u0161i radi optimalne udobnosti. Crno-bijeli prugasti dizajn odaje po\u010dast gradu u kojem ni\u0161ta nije dano i morate zaraditi svoje pruge, dok adidas brendiranje i grb kluba upotpunjuju stylish izgled savr\u0161en za svakog navija\u010da kluba.<\/p>\n<p>Savjeti za ispis: Ako ime i broj na slici to\u010dno odgovaraju va\u0161im \u017eeljama, ne morate ih ponovno unositi. Ako ne, unesite \u017eeljeno ime i broj.<\/p>\n<p>Savjeti za pranje: Preporu\u010duje se ru\u010dno pranje nogometnih dresova. Ako \u017eelite koristiti perilicu, sjetite se okrenuti dresove naopako prije pranja. Napunite perilicu hladnom vodom i koristite program za osjetljive tkanine kako biste bolje za\u0161titili boje.<\/p>","protected":false},"excerpt":{"rendered":"<p>Dobijte odva\u017ean novi izgled i poka\u017eite svoju podr\u0161ku za Galaxy ovom 2021 Away majicom od adidas-a koja koristi Aeroready tehnologiju koja upija vlagu i brzo se su\u0161i za optimalnu udobnost. Dizajn s prugama na dresu odaje po\u010dast gradu gdje ni\u0161ta nije dato i morate zaslu\u017eiti svoj [\u2026]<\/p>","protected":false},"featured_media":3939,"comment_status":"open","ping_status":"closed","template":"","meta":[],"product_brand":[],"product_cat":[182],"product_tag":[20,21,22,23,24,183,184],"class_list":{"0":"post-3898","1":"product","2":"type-product","3":"status-publish","4":"has-post-thumbnail","6":"product_cat-la-galaxy","7":"product_tag-coole-fussballtrikots","8":"product_tag-fussballtrikot-fuer-herren","9":"product_tag-fussballtrikot-guenstig-kaufen","10":"product_tag-fussballtrikot-kurzarm","11":"product_tag-guenstiges-fussballtrikot","12":"product_tag-la-galaxy-away-shirt","13":"product_tag-la-galaxy-trikots","15":"first","16":"instock","17":"shipping-taxable","18":"purchasable","19":"product-type-variable"},"_links":{"self":[{"href":"https:\/\/www.billigtrikotde.com\/hr\/wp-json\/wp\/v2\/product\/3898","targetHints":{"allow":["GET"]}}],"collection":[{"href":"https:\/\/www.billigtrikotde.com\/hr\/wp-json\/wp\/v2\/product"}],"about":[{"href":"https:\/\/www.billigtrikotde.com\/hr\/wp-json\/wp\/v2\/types\/product"}],"replies":[{"embeddable":true,"href":"https:\/\/www.billigtrikotde.com\/hr\/wp-json\/wp\/v2\/comments?post=3898"}],"wp:featuredmedia":[{"embeddable":true,"href":"https:\/\/www.billigtrikotde.com\/hr\/wp-json\/wp\/v2\/media\/3939"}],"wp:attachment":[{"href":"https:\/\/www.billigtrikotde.com\/hr\/wp-json\/wp\/v2\/media?parent=3898"}],"wp:term":[{"taxonomy":"product_brand","embeddable":true,"href":"https:\/\/www.billigtrikotde.com\/hr\/wp-json\/wp\/v2\/product_brand?post=3898"},{"taxonomy":"product_cat","embeddable":true,"href":"https:\/\/www.billigtrikotde.com\/hr\/wp-json\/wp\/v2\/product_cat?post=3898"},{"taxonomy":"product_tag","embeddable":true,"href":"https:\/\/www.billigtrikotde.com\/hr\/wp-json\/wp\/v2\/product_tag?post=3898"}],"curies":[{"name":"wp","href":"https:\/\/api.w.org\/{rel}","templated":true}]}}