{"id":3884,"date":"2024-10-23T15:23:18","date_gmt":"2024-10-23T13:23:18","guid":{"rendered":"http:\/\/billigtrikots.com\/?post_type=product&#038;p=3884"},"modified":"2024-10-23T15:25:30","modified_gmt":"2024-10-23T13:25:30","slug":"orlando-city-2021-22-home-thick-n-thin-kit-purple-gradient-design","status":"publish","type":"product","link":"https:\/\/www.billigtrikotde.com\/hr\/orlando-city-2021-22-home-thick-n-thin-kit-purple-gradient-design\/","title":{"rendered":"Orlando City 2021\/22 doma\u0107i \u201eThick N Thin\u201c komplet ljubi\u010dasti gradijentski dizajn"},"content":{"rendered":"<p>Orlando City 2021 doma\u0107i dres ima prijelaz boja koji kombinira dvije nijanse ljubi\u010daste \u2013 na vrhu je tamniji, a u donjem dijelu svjetliji i zasi\u0107eniji.<\/p>\n<p>U pogledu predlo\u0161ka, Orlando City 2021 dres ima isti ovratnik kao doma\u0107i dres Portland Timbersa.<\/p>\n<p>\u017delimo da navija\u010di proslave svoj fandom prilago\u0111avanjem i personalizacijom odre\u0111enih proizvoda. Za ove prilagodljive proizvode, uklju\u010duju\u0107i dresove, molimo kupce da nam ka\u017eu kako \u0107e se njihovo \u017eeljeno ime ili drugi tekst pojaviti tako \u0161to \u0107e unijeti taj tekst u ozna\u010deno polje. Samo zato \u0161to kupac unese predlo\u017eeni tekst za prilagodbu u polje i zavr\u0161i narud\u017ebu putem web stranice, ne\u0107e se prihvatiti svi predlo\u017eeni tekstovi prilagodbe. Imajte na umu da Fanatics mo\u017ee odbiti i otkazati svaki pojedina\u010dni nalog iz bilo kojeg razloga, uklju\u010duju\u0107i poruke koje se smatraju uvredljivima ili neprikladnima. Vi ste veliki obo\u017eavatelj Orlando City SC-a, i kad god su na terenu, uklju\u010deni ste. Provjerite jeste li pravilno opremljeni i nabavite ovaj 2021 Thick N Thin prilago\u0111eni dres! Uzbudljivo je biti uvjereni obo\u017eavatelj Orlando City SC-a, a u ovom adidas dresu s o\u0161trim grafi\u010dkim podacima mom\u010dadi i inovativnom tehnologijom kojom bodrite svoj tim do pobjede, postat \u0107ete najve\u0107i.<\/p>","protected":false},"excerpt":{"rendered":"<p>Orlando City 2021 doma\u0107i dres ima preljev boja koji kombinira dvije ljubi\u010daste nijanse \u2013 gornji dio je tamniji, a donji svjetliji i zasi\u0107eniji. \u0160to se ti\u010de predlo\u0161ka, Orlando City 2021 dres ima isti ovratnik kao doma\u0107i dres Portland Timbers. \u017delimo da fanovi proslave svoj navija\u010dki status tako \u0161to \u0107e kupovati odre\u0111ene proizvode [\u2026]<\/p>","protected":false},"featured_media":3925,"comment_status":"open","ping_status":"closed","template":"","meta":[],"product_brand":[],"product_cat":[179],"product_tag":[20,21,22,23,24,180,181],"class_list":{"0":"post-3884","1":"product","2":"type-product","3":"status-publish","4":"has-post-thumbnail","6":"product_cat-orlando-city-sc","7":"product_tag-coole-fussballtrikots","8":"product_tag-fussballtrikot-fuer-herren","9":"product_tag-fussballtrikot-guenstig-kaufen","10":"product_tag-fussballtrikot-kurzarm","11":"product_tag-guenstiges-fussballtrikot","12":"product_tag-orlando-city-heimtrikot","13":"product_tag-orlando-city-trikots","15":"first","16":"instock","17":"shipping-taxable","18":"purchasable","19":"product-type-variable"},"_links":{"self":[{"href":"https:\/\/www.billigtrikotde.com\/hr\/wp-json\/wp\/v2\/product\/3884","targetHints":{"allow":["GET"]}}],"collection":[{"href":"https:\/\/www.billigtrikotde.com\/hr\/wp-json\/wp\/v2\/product"}],"about":[{"href":"https:\/\/www.billigtrikotde.com\/hr\/wp-json\/wp\/v2\/types\/product"}],"replies":[{"embeddable":true,"href":"https:\/\/www.billigtrikotde.com\/hr\/wp-json\/wp\/v2\/comments?post=3884"}],"wp:featuredmedia":[{"embeddable":true,"href":"https:\/\/www.billigtrikotde.com\/hr\/wp-json\/wp\/v2\/media\/3925"}],"wp:attachment":[{"href":"https:\/\/www.billigtrikotde.com\/hr\/wp-json\/wp\/v2\/media?parent=3884"}],"wp:term":[{"taxonomy":"product_brand","embeddable":true,"href":"https:\/\/www.billigtrikotde.com\/hr\/wp-json\/wp\/v2\/product_brand?post=3884"},{"taxonomy":"product_cat","embeddable":true,"href":"https:\/\/www.billigtrikotde.com\/hr\/wp-json\/wp\/v2\/product_cat?post=3884"},{"taxonomy":"product_tag","embeddable":true,"href":"https:\/\/www.billigtrikotde.com\/hr\/wp-json\/wp\/v2\/product_tag?post=3884"}],"curies":[{"name":"wp","href":"https:\/\/api.w.org\/{rel}","templated":true}]}}