{"id":3861,"date":"2024-10-23T15:22:13","date_gmt":"2024-10-23T13:22:13","guid":{"rendered":"http:\/\/billigtrikots.com\/?post_type=product&#038;p=3861"},"modified":"2024-10-23T15:24:20","modified_gmt":"2024-10-23T13:24:20","slug":"orlando-city-sc-nani-17-purple-2021-thick-n-thin-player-jersey","status":"publish","type":"product","link":"https:\/\/www.billigtrikotde.com\/hr\/orlando-city-sc-nani-17-purple-2021-thick-n-thin-player-jersey\/","title":{"rendered":"Orlando City SC Nani 17# Purple 2021 Thick N Thin dres Jersey"},"content":{"rendered":"<p>Kroz debelo i tanko. Pokazuju\u0107i prepoznatljive ljubi\u010daste boje Orlando Cityja, ovaj dres za nogomet s faded dizajnom hvata u\u017earenu atmosferu dvorane Camping World Stadium ispunjene dimom. Osim \u0161to odaje po\u010dast lojalnim navija\u010dima kluba, sadr\u017ei AEROREADY koji upija znoj i premijsku tkanu zna\u010dku.<\/p>\n<p>\u017delimo da navija\u010di proslave svoju naviju mijenjanjem i personaliziranjem odre\u0111enih proizvoda. Za ove prilagodljive proizvode, uklju\u010duju\u0107i dresove, pozivamo kupce da nam ka\u017eu kako bi \u017eeljeli da se njihovo odabrano ime ili drugi tekst pojavi tako da unesu taj tekst u ozna\u010deno polje. Me\u0111utim, samo zato \u0161to kupac mo\u017ee upisati predlo\u017eeni prilagodbeni tekst u polje i zavr\u0161iti narud\u017ebu putem internetske stranice, nije nu\u017eno da \u0107e svim predlo\u017eenim prilagodbenim tekstom biti odobrena. Molimo imajte na umu da Fanatics mo\u017ee odbiti i otkazati bilo koju prilago\u0111enu narud\u017ebu iz bilo kojeg razloga, uklju\u010duju\u0107i poruke koje se smatraju uvredljivima ili neprikladnima. Vi ste veliki navija\u010d Orlando City SC-a, i kad god su na terenu, vi ste uz njih. Obavezno se pravilno opremite tako \u0161to \u0107ete uzeti ovaj 2021 Thick N Thin Custom Jersey! Uzbu\u0111uje biti pobo\u017eni navija\u010d Orlando City SC-a i bit \u0107ete najve\u0107i me\u0111u njima u ovom adidas dresu, s jasnom grafikom mom\u010dadi s inovativnom tehnologijom koja \u0107e vas odr\u017eavati udobnima dok bodrite svoju mom\u010dad do pobjede.<\/p>","protected":false},"excerpt":{"rendered":"<p>Kroz debele i tanke. Pokazuju\u0107i prepoznatljive ljubi\u010daste boje Orlando Cityja, ovaj adidas dres za nogomet s izblijedjelim dizajnom hvata u\u017earenu atmosferu dimne Camping World Stadium. Osim \u0161to odaje po\u010dast vjernim navija\u010dima kluba, sadr\u017ei AEROREADY za upijanje znoja i premium tkanu zna\u010dku. \u017delimo da navija\u010di proslave svoju navija\u010dku strast prilagodom [\u2026]<\/p>","protected":false},"featured_media":3902,"comment_status":"open","ping_status":"closed","template":"","meta":[],"product_brand":[],"product_cat":[179],"product_tag":[20,21,22,23,24,180,181],"class_list":{"0":"post-3861","1":"product","2":"type-product","3":"status-publish","4":"has-post-thumbnail","6":"product_cat-orlando-city-sc","7":"product_tag-coole-fussballtrikots","8":"product_tag-fussballtrikot-fuer-herren","9":"product_tag-fussballtrikot-guenstig-kaufen","10":"product_tag-fussballtrikot-kurzarm","11":"product_tag-guenstiges-fussballtrikot","12":"product_tag-orlando-city-heimtrikot","13":"product_tag-orlando-city-trikots","15":"first","16":"instock","17":"shipping-taxable","18":"purchasable","19":"product-type-variable"},"_links":{"self":[{"href":"https:\/\/www.billigtrikotde.com\/hr\/wp-json\/wp\/v2\/product\/3861","targetHints":{"allow":["GET"]}}],"collection":[{"href":"https:\/\/www.billigtrikotde.com\/hr\/wp-json\/wp\/v2\/product"}],"about":[{"href":"https:\/\/www.billigtrikotde.com\/hr\/wp-json\/wp\/v2\/types\/product"}],"replies":[{"embeddable":true,"href":"https:\/\/www.billigtrikotde.com\/hr\/wp-json\/wp\/v2\/comments?post=3861"}],"wp:featuredmedia":[{"embeddable":true,"href":"https:\/\/www.billigtrikotde.com\/hr\/wp-json\/wp\/v2\/media\/3902"}],"wp:attachment":[{"href":"https:\/\/www.billigtrikotde.com\/hr\/wp-json\/wp\/v2\/media?parent=3861"}],"wp:term":[{"taxonomy":"product_brand","embeddable":true,"href":"https:\/\/www.billigtrikotde.com\/hr\/wp-json\/wp\/v2\/product_brand?post=3861"},{"taxonomy":"product_cat","embeddable":true,"href":"https:\/\/www.billigtrikotde.com\/hr\/wp-json\/wp\/v2\/product_cat?post=3861"},{"taxonomy":"product_tag","embeddable":true,"href":"https:\/\/www.billigtrikotde.com\/hr\/wp-json\/wp\/v2\/product_tag?post=3861"}],"curies":[{"name":"wp","href":"https:\/\/api.w.org\/{rel}","templated":true}]}}