{"id":3825,"date":"2024-10-23T15:20:31","date_gmt":"2024-10-23T13:20:31","guid":{"rendered":"http:\/\/billigtrikots.com\/?post_type=product&#038;p=3825"},"modified":"2024-10-23T15:22:37","modified_gmt":"2024-10-23T13:22:37","slug":"fussball-trikotsatz-tottenham-hotspur-herren-heimtrikot-2021-22-in-weiss-mit-aufdruck-lloris-1","status":"publish","type":"product","link":"https:\/\/www.billigtrikotde.com\/hr\/fussball-trikotsatz-tottenham-hotspur-herren-heimtrikot-2021-22-in-weiss-mit-aufdruck-lloris-1\/","title":{"rendered":"Nogometni komplet dresova Tottenham Hotspur mu\u0161ki doma\u0107i dres 2021\/22 bijeli s natpisom LLORIS 1"},"content":{"rendered":"<p>Dres tvrtke Nike u bijeloj boji omogu\u0107ava ti da nosi\u0161 boje svog omiljenog kluba i svim pokazuje\u0161 za \u0161to se tvoje srce bori. Za prave navija\u010de Tottenham Hotspura obavezno: doma\u0107i dres u originalnom dizajnu, kakav nose igra\u010di u Premier ligi. Odlikuje se prozra\u010dno\u0161\u0107u, udobno\u0161\u0107u i lagano\u0161\u0107u. Izvrsni izgled sportskog topa nagla\u0161ava grb kluba na prsima. Ovaj sportski top je stvoren da podigne tvoju izvedbu na novu razinu.<\/p>\n<p>Savjeti za ispis: Ako ime i broj na slici to\u010dno odgovaraju va\u0161im \u017eeljama, ne morate ih ponovno unositi. Ako ne, unesite \u017eeljeno ime i broj.<\/p>\n<p>Savjeti za pranje: Preporu\u010duje se ru\u010dno pranje nogometnih dresova. Ako \u017eelite koristiti perilicu, sjetite se okrenuti dresove naopako prije pranja. Napunite perilicu hladnom vodom i koristite program za osjetljive tkanine kako biste bolje za\u0161titili boje.<\/p>","protected":false},"excerpt":{"rendered":"<p>Nikeov bijeli dres omogu\u0107ava ti da nosi\u0161 boje svog omiljenog kluba i svim pokazuje\u0161 za \u0161to se tvoj srce bori. Za prave navija\u010de Tottenham Hotspur obavezno: doma\u0107i dres u originalnom dizajnu, kakav nose igra\u010di u Premier ligi. Odli\u010dan je za disanje, udoban i lagan. Izvrstan izgled sportskog topa upotpunjuje grb kluba [\u2026]<\/p>","protected":false},"featured_media":3867,"comment_status":"open","ping_status":"closed","template":"","meta":[],"product_brand":[],"product_cat":[178],"product_tag":[20,21,22,23,24,106,104],"class_list":{"0":"post-3825","1":"product","2":"type-product","3":"status-publish","4":"has-post-thumbnail","6":"product_cat-tottenham-hotspur","7":"product_tag-coole-fussballtrikots","8":"product_tag-fussballtrikot-fuer-herren","9":"product_tag-fussballtrikot-guenstig-kaufen","10":"product_tag-fussballtrikot-kurzarm","11":"product_tag-guenstiges-fussballtrikot","12":"product_tag-tottenham-hotspur-heimtrikot","13":"product_tag-tottenham-hotspur-trikots","15":"first","16":"instock","17":"shipping-taxable","18":"purchasable","19":"product-type-variable"},"_links":{"self":[{"href":"https:\/\/www.billigtrikotde.com\/hr\/wp-json\/wp\/v2\/product\/3825","targetHints":{"allow":["GET"]}}],"collection":[{"href":"https:\/\/www.billigtrikotde.com\/hr\/wp-json\/wp\/v2\/product"}],"about":[{"href":"https:\/\/www.billigtrikotde.com\/hr\/wp-json\/wp\/v2\/types\/product"}],"replies":[{"embeddable":true,"href":"https:\/\/www.billigtrikotde.com\/hr\/wp-json\/wp\/v2\/comments?post=3825"}],"wp:featuredmedia":[{"embeddable":true,"href":"https:\/\/www.billigtrikotde.com\/hr\/wp-json\/wp\/v2\/media\/3867"}],"wp:attachment":[{"href":"https:\/\/www.billigtrikotde.com\/hr\/wp-json\/wp\/v2\/media?parent=3825"}],"wp:term":[{"taxonomy":"product_brand","embeddable":true,"href":"https:\/\/www.billigtrikotde.com\/hr\/wp-json\/wp\/v2\/product_brand?post=3825"},{"taxonomy":"product_cat","embeddable":true,"href":"https:\/\/www.billigtrikotde.com\/hr\/wp-json\/wp\/v2\/product_cat?post=3825"},{"taxonomy":"product_tag","embeddable":true,"href":"https:\/\/www.billigtrikotde.com\/hr\/wp-json\/wp\/v2\/product_tag?post=3825"}],"curies":[{"name":"wp","href":"https:\/\/api.w.org\/{rel}","templated":true}]}}