{"id":3823,"date":"2024-10-23T15:20:29","date_gmt":"2024-10-23T13:20:29","guid":{"rendered":"http:\/\/billigtrikots.com\/?post_type=product&#038;p=3823"},"modified":"2024-10-23T15:22:37","modified_gmt":"2024-10-23T13:22:37","slug":"guenstige-fussballtrikots-liverpool-fc-herren-heimtrikot-2021-22-rot-weiss","status":"publish","type":"product","link":"https:\/\/www.billigtrikotde.com\/hr\/guenstige-fussballtrikots-liverpool-fc-herren-heimtrikot-2021-22-rot-weiss\/","title":{"rendered":"Povoljan nogometni dres Liverpool FC mu\u0161ki doma\u0107i dres 2021\/22 crveno-bijeli"},"content":{"rendered":"<p>Repr\u00e4sentieren Sie Ihr Team mit dem Liverpool FC Stadium Home Shirt. Sein ultra-atmungsaktives Gewebe leitet den Schwei\u00df ab, damit Sie auf dem Spielfeld oder auf der Trib\u00fcne k\u00fchl und komfortabel bleiben. Dieses Produkt ist vollst\u00e4ndig aus recycelten Polyesterfasern hergestellt.<\/p>\n<p>Savjeti za ispis: Ako ime i broj na slici to\u010dno odgovaraju va\u0161im \u017eeljama, ne morate ih ponovno unositi. Ako ne, unesite \u017eeljeno ime i broj.<\/p>\n<p>Savjeti za pranje: Preporu\u010duje se ru\u010dno pranje nogometnih dresova. Ako \u017eelite koristiti perilicu, sjetite se okrenuti dresove naopako prije pranja. Napunite perilicu hladnom vodom i koristite program za osjetljive tkanine kako biste bolje za\u0161titili boje.<\/p>","protected":false},"excerpt":{"rendered":"<p>Predstavite svoj tim s Liverpool FC Stadium Home Shirt. Njegova izuzetno prozra\u010dna tkanina odvodi znoj kako biste bili hladni i udobni na terenu ili tribini. Ovaj proizvod je potpuno izra\u0111en od recikliranih poliester vlakana. Savjeti za tiskanje: Ako je ime i broj na slici to\u010dno onako kako \u017eelite, [\u2026]<\/p>","protected":false},"featured_media":3864,"comment_status":"open","ping_status":"closed","template":"","meta":[],"product_brand":[],"product_cat":[176],"product_tag":[20,21,22,23,24,152],"class_list":{"0":"post-3823","1":"product","2":"type-product","3":"status-publish","4":"has-post-thumbnail","6":"product_cat-liverpool-fc","7":"product_tag-coole-fussballtrikots","8":"product_tag-fussballtrikot-fuer-herren","9":"product_tag-fussballtrikot-guenstig-kaufen","10":"product_tag-fussballtrikot-kurzarm","11":"product_tag-guenstiges-fussballtrikot","12":"product_tag-liverpool-heimtrikot","14":"first","15":"instock","16":"shipping-taxable","17":"purchasable","18":"product-type-variable"},"_links":{"self":[{"href":"https:\/\/www.billigtrikotde.com\/hr\/wp-json\/wp\/v2\/product\/3823","targetHints":{"allow":["GET"]}}],"collection":[{"href":"https:\/\/www.billigtrikotde.com\/hr\/wp-json\/wp\/v2\/product"}],"about":[{"href":"https:\/\/www.billigtrikotde.com\/hr\/wp-json\/wp\/v2\/types\/product"}],"replies":[{"embeddable":true,"href":"https:\/\/www.billigtrikotde.com\/hr\/wp-json\/wp\/v2\/comments?post=3823"}],"wp:featuredmedia":[{"embeddable":true,"href":"https:\/\/www.billigtrikotde.com\/hr\/wp-json\/wp\/v2\/media\/3864"}],"wp:attachment":[{"href":"https:\/\/www.billigtrikotde.com\/hr\/wp-json\/wp\/v2\/media?parent=3823"}],"wp:term":[{"taxonomy":"product_brand","embeddable":true,"href":"https:\/\/www.billigtrikotde.com\/hr\/wp-json\/wp\/v2\/product_brand?post=3823"},{"taxonomy":"product_cat","embeddable":true,"href":"https:\/\/www.billigtrikotde.com\/hr\/wp-json\/wp\/v2\/product_cat?post=3823"},{"taxonomy":"product_tag","embeddable":true,"href":"https:\/\/www.billigtrikotde.com\/hr\/wp-json\/wp\/v2\/product_tag?post=3823"}],"curies":[{"name":"wp","href":"https:\/\/api.w.org\/{rel}","templated":true}]}}