{"id":3778,"date":"2024-10-23T15:18:16","date_gmt":"2024-10-23T13:18:16","guid":{"rendered":"http:\/\/billigtrikots.com\/?post_type=product&#038;p=3778"},"modified":"2024-10-23T15:20:24","modified_gmt":"2024-10-23T13:20:24","slug":"personalisierbar-fc-liverpool-heimtrikot-2021-22-rot-trikotsatz-keita-8","status":"publish","type":"product","link":"https:\/\/www.billigtrikotde.com\/hr\/personalisierbar-fc-liverpool-heimtrikot-2021-22-rot-trikotsatz-keita-8\/","title":{"rendered":"Prilagodljiv FC Liverpool doma\u0107i dres 2021\/22 crveni Komplet dresova s natpisom KEITA 8"},"content":{"rendered":"<p>Predstavi svoj tim s Liverpool FC stadionskim doma\u0107im dresom. Izuzetno prozra\u010dni materijal odvodi znoj od ko\u017ee, pru\u017eaju\u0107i hladan osje\u0107aj tijekom no\u0161enja na terenu ili dok bodri\u0161 svoj tim na tribinama. Ovaj proizvod sastoji se od 100% recikliranog poliestera.<\/p>\n<p>Posebno prozra\u010dni materijal s Nike Dri-FIT tehnologijom odvodi znoj od ko\u017ee, omogu\u0107avaju\u0107i br\u017eu evaporaciju i suho\u0107u tijekom no\u0161enja.<\/p>\n<p>Savjeti za ispis: Ako ime i broj na slici to\u010dno odgovaraju va\u0161im \u017eeljama, ne morate ih ponovno unositi. Ako ne, unesite \u017eeljeno ime i broj.<\/p>\n<p>Savjeti za pranje: Preporu\u010duje se ru\u010dno pranje nogometnih dresova. Ako \u017eelite koristiti perilicu, sjetite se okrenuti dresove naopako prije pranja. Napunite perilicu hladnom vodom i koristite program za osjetljive tkanine kako biste bolje za\u0161titili boje.<\/p>","protected":false},"excerpt":{"rendered":"<p>Predstavi svoj tim s Paris Saint-Germain stadionskim doma\u0107im dresom. Izuzetno prozra\u010dni materijal odvodi znoj od ko\u017ee i osigurava ugodan osje\u0107aj tijekom no\u0161enja na terenu ili pri navijanju za svoj tim na tribinama. Ovaj proizvod sastoji se od 100% recikliranog poliestera. Posebno prozra\u010dni materijal s Nike Dri-FIT tehnologijom odvodi znoj od ko\u017ee i pru\u017ea suho\u0107u i udobnost tijekom igre ili navijanja.<\/p>","protected":false},"featured_media":3818,"comment_status":"open","ping_status":"closed","template":"","meta":[],"product_brand":[],"product_cat":[176],"product_tag":[20,21,22,23,24,152,153],"class_list":{"0":"post-3778","1":"product","2":"type-product","3":"status-publish","4":"has-post-thumbnail","6":"product_cat-liverpool-fc","7":"product_tag-coole-fussballtrikots","8":"product_tag-fussballtrikot-fuer-herren","9":"product_tag-fussballtrikot-guenstig-kaufen","10":"product_tag-fussballtrikot-kurzarm","11":"product_tag-guenstiges-fussballtrikot","12":"product_tag-liverpool-heimtrikot","13":"product_tag-liverpool-trikots","15":"first","16":"instock","17":"shipping-taxable","18":"purchasable","19":"product-type-variable"},"_links":{"self":[{"href":"https:\/\/www.billigtrikotde.com\/hr\/wp-json\/wp\/v2\/product\/3778","targetHints":{"allow":["GET"]}}],"collection":[{"href":"https:\/\/www.billigtrikotde.com\/hr\/wp-json\/wp\/v2\/product"}],"about":[{"href":"https:\/\/www.billigtrikotde.com\/hr\/wp-json\/wp\/v2\/types\/product"}],"replies":[{"embeddable":true,"href":"https:\/\/www.billigtrikotde.com\/hr\/wp-json\/wp\/v2\/comments?post=3778"}],"wp:featuredmedia":[{"embeddable":true,"href":"https:\/\/www.billigtrikotde.com\/hr\/wp-json\/wp\/v2\/media\/3818"}],"wp:attachment":[{"href":"https:\/\/www.billigtrikotde.com\/hr\/wp-json\/wp\/v2\/media?parent=3778"}],"wp:term":[{"taxonomy":"product_brand","embeddable":true,"href":"https:\/\/www.billigtrikotde.com\/hr\/wp-json\/wp\/v2\/product_brand?post=3778"},{"taxonomy":"product_cat","embeddable":true,"href":"https:\/\/www.billigtrikotde.com\/hr\/wp-json\/wp\/v2\/product_cat?post=3778"},{"taxonomy":"product_tag","embeddable":true,"href":"https:\/\/www.billigtrikotde.com\/hr\/wp-json\/wp\/v2\/product_tag?post=3778"}],"curies":[{"name":"wp","href":"https:\/\/api.w.org\/{rel}","templated":true}]}}