{"id":3752,"date":"2024-10-23T15:17:08","date_gmt":"2024-10-23T13:17:08","guid":{"rendered":"http:\/\/billigtrikots.com\/?post_type=product&#038;p=3752"},"modified":"2024-10-23T15:19:15","modified_gmt":"2024-10-23T13:19:15","slug":"shaqiri-23-liverpool-fc-ausweichtrikot-2021-22-gelb-rot-fussball-trikotsatz","status":"publish","type":"product","link":"https:\/\/www.billigtrikotde.com\/hr\/shaqiri-23-liverpool-fc-ausweichtrikot-2021-22-gelb-rot-fussball-trikotsatz\/","title":{"rendered":"SHAQIRI 23 Liverpool FC doma\u0107i dres 2021\/22 \u017euto-crveni nogometni komplet dresa"},"content":{"rendered":"<p>Predstavi svoj tim u Liverpool zamjenskom dresu. Izuzetno prozra\u010dni materijal odvodi znoj od ko\u017ee i osigurava ugodan osje\u0107aj tijekom no\u0161enja \u0096 bilo na terenu ili na tribinama.<\/p>\n<p>Suhi osje\u0107aj tijekom no\u0161enja<\/p>\n<p>Nike Dri-FIT tehnologija odvodi znoj od ko\u017ee, \u0161to omogu\u0107ava brzo isparavanje i pru\u017ea suh osje\u0107aj tijekom no\u0161enja.<\/p>\n<p>Hladan osje\u0107aj tijekom no\u0161enja<\/p>\n<p>Nike Breathe materijal je posebno prozra\u010dan i pru\u017ea osje\u0107aj hladno\u0107e tijekom no\u0161enja.<\/p>\n<p>Savjeti za ispis: Ako ime i broj na slici to\u010dno odgovaraju va\u0161im \u017eeljama, ne morate ih ponovno unositi. Ako ne, unesite \u017eeljeno ime i broj.<\/p>\n<p>Savjeti za pranje: Preporu\u010duje se ru\u010dno pranje nogometnih dresova. Ako \u017eelite koristiti perilicu, sjetite se okrenuti dresove naopako prije pranja. Napunite perilicu hladnom vodom i koristite program za osjetljive tkanine kako biste bolje za\u0161titili boje.<\/p>","protected":false},"excerpt":{"rendered":"<p>Predstavi svoj tim u Liverpool zamjenskom dresu. Izuzetno prozra\u010dni materijal odvodi znoj od ko\u017ee i time pru\u017ea hladan osje\u0107aj pri no\u0161enju \u2014 bilo na terenu ili na tribinama. Suhi osje\u0107aj pri no\u0161enju Nike Dri-FIT tehnologija odvodi znoj od ko\u017ee, omogu\u0107avaju\u0107i brzo isparavanje i suho\u0107u. Hladan osje\u0107aj pri no\u0161enju [...]<\/p>","protected":false},"featured_media":3792,"comment_status":"open","ping_status":"closed","template":"","meta":[],"product_brand":[],"product_cat":[176],"product_tag":[20,21,22,23,24,177,153],"class_list":{"0":"post-3752","1":"product","2":"type-product","3":"status-publish","4":"has-post-thumbnail","6":"product_cat-liverpool-fc","7":"product_tag-coole-fussballtrikots","8":"product_tag-fussballtrikot-fuer-herren","9":"product_tag-fussballtrikot-guenstig-kaufen","10":"product_tag-fussballtrikot-kurzarm","11":"product_tag-guenstiges-fussballtrikot","12":"product_tag-liverpool-ausweichtrikot","13":"product_tag-liverpool-trikots","15":"first","16":"instock","17":"shipping-taxable","18":"purchasable","19":"product-type-variable"},"_links":{"self":[{"href":"https:\/\/www.billigtrikotde.com\/hr\/wp-json\/wp\/v2\/product\/3752","targetHints":{"allow":["GET"]}}],"collection":[{"href":"https:\/\/www.billigtrikotde.com\/hr\/wp-json\/wp\/v2\/product"}],"about":[{"href":"https:\/\/www.billigtrikotde.com\/hr\/wp-json\/wp\/v2\/types\/product"}],"replies":[{"embeddable":true,"href":"https:\/\/www.billigtrikotde.com\/hr\/wp-json\/wp\/v2\/comments?post=3752"}],"wp:featuredmedia":[{"embeddable":true,"href":"https:\/\/www.billigtrikotde.com\/hr\/wp-json\/wp\/v2\/media\/3792"}],"wp:attachment":[{"href":"https:\/\/www.billigtrikotde.com\/hr\/wp-json\/wp\/v2\/media?parent=3752"}],"wp:term":[{"taxonomy":"product_brand","embeddable":true,"href":"https:\/\/www.billigtrikotde.com\/hr\/wp-json\/wp\/v2\/product_brand?post=3752"},{"taxonomy":"product_cat","embeddable":true,"href":"https:\/\/www.billigtrikotde.com\/hr\/wp-json\/wp\/v2\/product_cat?post=3752"},{"taxonomy":"product_tag","embeddable":true,"href":"https:\/\/www.billigtrikotde.com\/hr\/wp-json\/wp\/v2\/product_tag?post=3752"}],"curies":[{"name":"wp","href":"https:\/\/api.w.org\/{rel}","templated":true}]}}