{"id":3665,"date":"2024-10-23T15:13:13","date_gmt":"2024-10-23T13:13:13","guid":{"rendered":"http:\/\/billigtrikots.com\/?post_type=product&#038;p=3665"},"modified":"2024-10-23T15:15:20","modified_gmt":"2024-10-23T13:15:20","slug":"personalisierbar-trikotsatz-fc-liverpool-torwarttrikot-2021-2022-gelb","status":"publish","type":"product","link":"https:\/\/www.billigtrikotde.com\/hr\/personalisierbar-trikotsatz-fc-liverpool-torwarttrikot-2021-2022-gelb\/","title":{"rendered":"Personalizirani set dresova FC Liverpool vratarski dres 2021\/2022 \u017euti"},"content":{"rendered":"<p>Lagani model u \u017eutoj boji poma\u017ee ti na najbolji na\u010din podr\u017eati svoj tim na sljede\u0107oj utakmici. Nike objavljuje s golmanskim dresom apsolutno jedinstven proizvod. U nijednoj navija\u010dkoj kolekciji ne smije nedostajati ovaj FC Liverpoolov golmanski dres. Lagane, udobne, prozra\u010dne i znoj-odvodne funkcionalnosti koje ga \u010dine uvjerljivim. Vizualno se isti\u010de grbom kluba na prsima. Ovo sportsko majico je optimalno za tvoj trening i utakmicu te ne smije nedostajati u bilo kojoj \u0161portnoj torbi. Neka ova \u017euta sportska majica s kariranim uzorkom postane tvoj vjerni pratitelj.<\/p>\n<p>Savjeti za ispis: Ako ime i broj na slici to\u010dno odgovaraju va\u0161im \u017eeljama, ne morate ih ponovno unositi. Ako ne, unesite \u017eeljeno ime i broj.<\/p>\n<p>Savjeti za pranje: Preporu\u010duje se ru\u010dno pranje nogometnih dresova. Ako \u017eelite koristiti perilicu, sjetite se okrenuti dresove naopako prije pranja. Napunite perilicu hladnom vodom i koristite program za osjetljive tkanine kako biste bolje za\u0161titili boje.<\/p>","protected":false},"excerpt":{"rendered":"<p>Das leichte Modell in Gelb hilft dir, dein Team beim n\u00e4chsten Spiel bestens zu unterst\u00fctzen. Nike ver\u00f6ffentlicht mit dem Torh\u00fcter-Trikot ein absolut einmaliges Produkt. In keiner Fan-Kollektion darf dieses FC Liverpool-Torh\u00fcter-Trikot fehlen. Die leichte, bequeme, atmungsaktive und schwei\u00dfableitende Funktionsweise l\u00e4sst es \u00fcberzeugen. Es besticht optisch mit einem Vereinswappen auf der Brust. Dieses Sportshirt ist optimal [&hellip;]<\/p>","protected":false},"featured_media":3708,"comment_status":"open","ping_status":"closed","template":"","meta":[],"product_brand":[],"product_cat":[176],"product_tag":[20,35,21,23,24,155],"class_list":{"0":"post-3665","1":"product","2":"type-product","3":"status-publish","4":"has-post-thumbnail","6":"product_cat-liverpool-fc","7":"product_tag-coole-fussballtrikots","8":"product_tag-fussball-torwarttrikots","9":"product_tag-fussballtrikot-fuer-herren","10":"product_tag-fussballtrikot-kurzarm","11":"product_tag-guenstiges-fussballtrikot","12":"product_tag-liverpool-torwarttrikot","14":"first","15":"instock","16":"shipping-taxable","17":"purchasable","18":"product-type-variable"},"_links":{"self":[{"href":"https:\/\/www.billigtrikotde.com\/hr\/wp-json\/wp\/v2\/product\/3665","targetHints":{"allow":["GET"]}}],"collection":[{"href":"https:\/\/www.billigtrikotde.com\/hr\/wp-json\/wp\/v2\/product"}],"about":[{"href":"https:\/\/www.billigtrikotde.com\/hr\/wp-json\/wp\/v2\/types\/product"}],"replies":[{"embeddable":true,"href":"https:\/\/www.billigtrikotde.com\/hr\/wp-json\/wp\/v2\/comments?post=3665"}],"wp:featuredmedia":[{"embeddable":true,"href":"https:\/\/www.billigtrikotde.com\/hr\/wp-json\/wp\/v2\/media\/3708"}],"wp:attachment":[{"href":"https:\/\/www.billigtrikotde.com\/hr\/wp-json\/wp\/v2\/media?parent=3665"}],"wp:term":[{"taxonomy":"product_brand","embeddable":true,"href":"https:\/\/www.billigtrikotde.com\/hr\/wp-json\/wp\/v2\/product_brand?post=3665"},{"taxonomy":"product_cat","embeddable":true,"href":"https:\/\/www.billigtrikotde.com\/hr\/wp-json\/wp\/v2\/product_cat?post=3665"},{"taxonomy":"product_tag","embeddable":true,"href":"https:\/\/www.billigtrikotde.com\/hr\/wp-json\/wp\/v2\/product_tag?post=3665"}],"curies":[{"name":"wp","href":"https:\/\/api.w.org\/{rel}","templated":true}]}}