{"id":3663,"date":"2024-10-23T15:13:12","date_gmt":"2024-10-23T13:13:12","guid":{"rendered":"http:\/\/billigtrikots.com\/?post_type=product&#038;p=3663"},"modified":"2024-10-23T15:15:20","modified_gmt":"2024-10-23T13:15:20","slug":"fc-liverpool-herren-fussball-torwarttrikot-2021-2022-gruen-kurzarm-kurze-hosen","status":"publish","type":"product","link":"https:\/\/www.billigtrikotde.com\/hr\/fc-liverpool-herren-fussball-torwarttrikot-2021-2022-gruen-kurzarm-kurze-hosen\/","title":{"rendered":"FC Liverpool Herren nogometni vratarski dres 2021\/2022 zeleni kratkih rukava + kratke hla\u010de"},"content":{"rendered":"<p>S udobnim modelom u zelenoj boji pokazuje\u0161 svoju bezuvjetnu ljubav prema svom klubu. Nike je s vratarskim dresom objavio zaista jedinstven proizvod. Te\u017ee podr\u0161ke te\u0161ko da mo\u017ee biti! S ovim FC Liverpool vratarskim dresom pro\u0161irit \u0107e\u0161 svoju kolekciju navija\u010da. Odvodnja znoja, prozra\u010dnost, laganost i udobnost \u010dine ga uvjerljivim. S ovim dresom savr\u0161eno si opremljen za sljede\u0107u trening sesiju. Ovo je vratarski dres koji svojom grbom kluba na prsima mo\u017ee sigurno istaknuti. Ne \u010dekaj vi\u0161e s ovim zelenim vratarskim dresom s karo uzorkom!<\/p>\n<p>Savjeti za ispis: Ako ime i broj na slici to\u010dno odgovaraju va\u0161im \u017eeljama, ne morate ih ponovno unositi. Ako ne, unesite \u017eeljeno ime i broj.<\/p>\n<p>Savjeti za pranje: Preporu\u010duje se ru\u010dno pranje nogometnih dresova. Ako \u017eelite koristiti perilicu, sjetite se okrenuti dresove naopako prije pranja. Napunite perilicu hladnom vodom i koristite program za osjetljive tkanine kako biste bolje za\u0161titili boje.<\/p>","protected":false},"excerpt":{"rendered":"<p>S udobnim modelom u zelenoj boji pokazat \u0107e\u0161 svoju bezuvjetnu ljubav prema svom klubu. Nike je s vratarskom majicom objavio zaista jedinstven proizvod. Te\u017ee od toga ne mo\u017ee biti podr\u0161ka! S ovom FC Liverpool vratarskom majicom pro\u0161irit \u0107e\u0161 svoju kolekciju navija\u010dkih predmeta. Odvodnja znoja, prozra\u010dnost, laganost i udobnost \u010dine je uvjerljivom. S ovom majicom savr\u0161en si za sljede\u0107u trening sesiju [...]<\/p>","protected":false},"featured_media":3707,"comment_status":"open","ping_status":"closed","template":"","meta":[],"product_brand":[],"product_cat":[176],"product_tag":[20,35,21,23,24,155],"class_list":{"0":"post-3663","1":"product","2":"type-product","3":"status-publish","4":"has-post-thumbnail","6":"product_cat-liverpool-fc","7":"product_tag-coole-fussballtrikots","8":"product_tag-fussball-torwarttrikots","9":"product_tag-fussballtrikot-fuer-herren","10":"product_tag-fussballtrikot-kurzarm","11":"product_tag-guenstiges-fussballtrikot","12":"product_tag-liverpool-torwarttrikot","14":"first","15":"instock","16":"shipping-taxable","17":"purchasable","18":"product-type-variable"},"_links":{"self":[{"href":"https:\/\/www.billigtrikotde.com\/hr\/wp-json\/wp\/v2\/product\/3663","targetHints":{"allow":["GET"]}}],"collection":[{"href":"https:\/\/www.billigtrikotde.com\/hr\/wp-json\/wp\/v2\/product"}],"about":[{"href":"https:\/\/www.billigtrikotde.com\/hr\/wp-json\/wp\/v2\/types\/product"}],"replies":[{"embeddable":true,"href":"https:\/\/www.billigtrikotde.com\/hr\/wp-json\/wp\/v2\/comments?post=3663"}],"wp:featuredmedia":[{"embeddable":true,"href":"https:\/\/www.billigtrikotde.com\/hr\/wp-json\/wp\/v2\/media\/3707"}],"wp:attachment":[{"href":"https:\/\/www.billigtrikotde.com\/hr\/wp-json\/wp\/v2\/media?parent=3663"}],"wp:term":[{"taxonomy":"product_brand","embeddable":true,"href":"https:\/\/www.billigtrikotde.com\/hr\/wp-json\/wp\/v2\/product_brand?post=3663"},{"taxonomy":"product_cat","embeddable":true,"href":"https:\/\/www.billigtrikotde.com\/hr\/wp-json\/wp\/v2\/product_cat?post=3663"},{"taxonomy":"product_tag","embeddable":true,"href":"https:\/\/www.billigtrikotde.com\/hr\/wp-json\/wp\/v2\/product_tag?post=3663"}],"curies":[{"name":"wp","href":"https:\/\/api.w.org\/{rel}","templated":true}]}}