{"id":3661,"date":"2024-10-23T15:13:10","date_gmt":"2024-10-23T13:13:10","guid":{"rendered":"http:\/\/billigtrikots.com\/?post_type=product&#038;p=3661"},"modified":"2024-10-23T15:15:19","modified_gmt":"2024-10-23T13:15:19","slug":"fc-liverpool-fussball-torwarttrikot-2021-2022-in-schwarz-kurzarm-kurze-hosen","status":"publish","type":"product","link":"https:\/\/www.billigtrikotde.com\/hr\/fc-liverpool-fussball-torwarttrikot-2021-2022-in-schwarz-kurzarm-kurze-hosen\/","title":{"rendered":"FC Liverpool nogometna dres vratara 2021\/2022 u crnoj kratkih rukava + kratke hla\u010de"},"content":{"rendered":"<p>Evo Nike sport majice u crnoj boji koja ti poma\u017ee da podr\u017ei\u0161 svoj omiljeni klub u svakoj situaciji i poka\u017ee\u0161 za\u0161to ti srce kuca. Kao pravi navija\u010d FC Liverpoola treba\u0161 ovu sport majicu. Preporu\u010dujemo ovu udobnu, prozra\u010dnu, znoj-odvodnu i laganu verziju s ugodnim osje\u0107ajem no\u0161enja. Vizualno se isti\u010de logom kluba na prsluku. Ova dres vratara savr\u0161en je suputnik za tvoje sportske aktivnosti. U ovoj crnoj verziji s karo uzorkom postat \u0107e\u0161 pravim privla\u010dnim fokusom.<\/p>\n<p>Savjeti za ispis: Ako ime i broj na slici to\u010dno odgovaraju va\u0161im \u017eeljama, ne morate ih ponovno unositi. Ako ne, unesite \u017eeljeno ime i broj.<\/p>\n<p>Savjeti za pranje: Preporu\u010duje se ru\u010dno pranje nogometnih dresova. Ako \u017eelite koristiti perilicu, sjetite se okrenuti dresove naopako prije pranja. Napunite perilicu hladnom vodom i koristite program za osjetljive tkanine kako biste bolje za\u0161titili boje.<\/p>","protected":false},"excerpt":{"rendered":"<p>Evo Nike sport majice u crnom, koja ti poma\u017ee u podr\u0161ci svom najdra\u017eem klubu u svakoj situaciji i da poka\u017ee\u0161 za \u0161to ti srce kuca. Kao pravi navija\u010d FC Liverpoola treba\u0161 ovu sportsku majicu. Preporu\u010dujemo ovaj udoban, prozra\u010dan, sposoban za upijanje znoja i lagan model s ugodnim osje\u0107ajem no\u0161enja. Vizualno se isti\u010de klupskim grbom na prsima. Ovo [\u2026]<\/p>","protected":false},"featured_media":3698,"comment_status":"open","ping_status":"closed","template":"","meta":[],"product_brand":[],"product_cat":[176],"product_tag":[20,35,21,23,24,155],"class_list":{"0":"post-3661","1":"product","2":"type-product","3":"status-publish","4":"has-post-thumbnail","6":"product_cat-liverpool-fc","7":"product_tag-coole-fussballtrikots","8":"product_tag-fussball-torwarttrikots","9":"product_tag-fussballtrikot-fuer-herren","10":"product_tag-fussballtrikot-kurzarm","11":"product_tag-guenstiges-fussballtrikot","12":"product_tag-liverpool-torwarttrikot","14":"first","15":"instock","16":"shipping-taxable","17":"purchasable","18":"product-type-variable"},"_links":{"self":[{"href":"https:\/\/www.billigtrikotde.com\/hr\/wp-json\/wp\/v2\/product\/3661","targetHints":{"allow":["GET"]}}],"collection":[{"href":"https:\/\/www.billigtrikotde.com\/hr\/wp-json\/wp\/v2\/product"}],"about":[{"href":"https:\/\/www.billigtrikotde.com\/hr\/wp-json\/wp\/v2\/types\/product"}],"replies":[{"embeddable":true,"href":"https:\/\/www.billigtrikotde.com\/hr\/wp-json\/wp\/v2\/comments?post=3661"}],"wp:featuredmedia":[{"embeddable":true,"href":"https:\/\/www.billigtrikotde.com\/hr\/wp-json\/wp\/v2\/media\/3698"}],"wp:attachment":[{"href":"https:\/\/www.billigtrikotde.com\/hr\/wp-json\/wp\/v2\/media?parent=3661"}],"wp:term":[{"taxonomy":"product_brand","embeddable":true,"href":"https:\/\/www.billigtrikotde.com\/hr\/wp-json\/wp\/v2\/product_brand?post=3661"},{"taxonomy":"product_cat","embeddable":true,"href":"https:\/\/www.billigtrikotde.com\/hr\/wp-json\/wp\/v2\/product_cat?post=3661"},{"taxonomy":"product_tag","embeddable":true,"href":"https:\/\/www.billigtrikotde.com\/hr\/wp-json\/wp\/v2\/product_tag?post=3661"}],"curies":[{"name":"wp","href":"https:\/\/api.w.org\/{rel}","templated":true}]}}